{"id":49059,"date":"2025-04-10T12:09:50","date_gmt":"2025-04-10T10:09:50","guid":{"rendered":"https:\/\/myspainfood.com\/producto\/paprikasalat-mit-thunfisch-alsur-120-einheiten\/"},"modified":"2025-04-10T12:09:50","modified_gmt":"2025-04-10T10:09:50","slug":"paprikasalat-mit-thunfisch-alsur-120-einheiten","status":"publish","type":"product","link":"https:\/\/myspainfood.com\/de\/producto\/paprikasalat-mit-thunfisch-alsur-120-einheiten\/","title":{"rendered":"Paprikasalat mit Thunfisch Alsur 120 Einheiten"},"content":{"rendered":"<p>Der Erfolg von <a href=\"https:\/\/www.alsurvegetales.com\/producto\/id\/26\/ensalada-de-pimiento-asado-con-atun\" target=\"_blank\" rel=\"noopener noreferrer nofollow\">Alsur<\/a> &#8217;s Paprikasalat mit Thunfisch liegt in seiner variablen Farbe von hell- bis dunkelrot, seinem Geschmack und seiner weichen Textur.<\/p>\n<p>Diese ger\u00f6steten Paprikaschoten ergeben zusammen mit den Zwiebeln ein k\u00f6stliches Gericht, das sehr einfach zuzubereiten ist.<\/p>\n<p>Das Glasgef\u00e4\u00df wiegt 340 Gramm.<\/p>\n<p>An einem k\u00fchlen, trockenen Ort aufbewahren. Nach dem \u00d6ffnen im K\u00fchlschrank aufbewahren und innerhalb von 7 Tagen verbrauchen. <\/p>\n<p>Zutaten: Piquillo-Paprika, Zwiebel, Wasser, Zucker, Thunfisch (5%), Essig, Salz und Zitronens\u00e4ure.<\/p>\n<p>Alsur ist ein Familienunternehmen, in dem die Essenz des Essens die Hauptrolle spielt.<\/p>\n<h4>Die wichtigsten Vorteile von Dosenfutter<\/h4>\n<ol>\n<li>Sie bewahren alle ern\u00e4hrungsphysiologischen Eigenschaften der Lebensmittel selbst. Die Lebensmittel bewahren ihre Frische. <\/li>\n<li>Die verwendeten Lebensmittel sind gesund und eignen sich aufgrund ihres hohen Vitamin- und Proteingehalts f\u00fcr eine optimale Ern\u00e4hrung.<\/li>\n<li>Diese Produkte haben eine l\u00e4ngere Lebensdauer (typisch sind 2-5 Jahre).<\/li>\n<li>Die Konserven sind sehr einfach zu lagern, da ihre Verpackung leicht zu handhaben ist.<\/li>\n<\/ol>\n<p>Wenn Sie Paprikasalat mit Thunfisch oder eine andere Art von <a href=\"https:\/\/latiendadesami.com\/categoria-producto\/conservas\/\" rel=\"noopener noreferrer nofollow\" target=\"_blank\">Konserven<\/a> kaufen m\u00f6chten, z\u00f6gern Sie nicht, einen Blick in unseren Online-Katalog zu werfen, um die gro\u00dfe Auswahl an <a href=\"https:\/\/latiendadesami.com\/categoria-producto\/conservas\/atun-y-bonito\/\" target=\"_blank\" rel=\"noopener noreferrer nofollow\">Thunfisch<\/a> zu sehen, die wir haben.<\/p>\n<p>Schreiben Sie uns f\u00fcr weitere Informationen.<\/p>\n","protected":false},"excerpt":{"rendered":"<p>Der Erfolg von Alsur &#8217;s Paprikasalat mit Thunfisch liegt in seiner variablen Farbe von hell- bis dunkelrot, seinem Geschmack und seiner weichen Textur. Diese ger\u00f6steten Paprikaschoten ergeben zusammen mit den Zwiebeln ein k\u00f6stliches Gericht, das sehr einfach zuzubereiten ist. Das Glasgef\u00e4\u00df wiegt 340 Gramm. An einem k\u00fchlen, trockenen Ort aufbewahren. Nach dem \u00d6ffnen im K\u00fchlschrank [&hellip;]<\/p>\n","protected":false},"featured_media":12168,"template":"","meta":{"_et_pb_use_builder":"","_et_pb_old_content":"","_et_gb_content_width":""},"product_brand":[1196],"product_cat":[2968,1948,2359,4250],"product_tag":[],"class_list":{"0":"post-49059","1":"product","2":"type-product","3":"status-publish","4":"has-post-thumbnail","6":"product_brand-alsur","7":"product_cat-groshandel","8":"product_cat-konserven","9":"product_cat-paprika-de","10":"product_cat-thunfisch-und-bonito","12":"first","13":"outofstock","14":"taxable","15":"shipping-taxable","16":"purchasable","17":"product-type-simple"},"_links":{"self":[{"href":"https:\/\/myspainfood.com\/de\/wp-json\/wp\/v2\/product\/49059","targetHints":{"allow":["GET"]}}],"collection":[{"href":"https:\/\/myspainfood.com\/de\/wp-json\/wp\/v2\/product"}],"about":[{"href":"https:\/\/myspainfood.com\/de\/wp-json\/wp\/v2\/types\/product"}],"wp:featuredmedia":[{"embeddable":true,"href":"https:\/\/myspainfood.com\/de\/wp-json\/wp\/v2\/media\/12168"}],"wp:attachment":[{"href":"https:\/\/myspainfood.com\/de\/wp-json\/wp\/v2\/media?parent=49059"}],"wp:term":[{"taxonomy":"product_brand","embeddable":true,"href":"https:\/\/myspainfood.com\/de\/wp-json\/wp\/v2\/product_brand?post=49059"},{"taxonomy":"product_cat","embeddable":true,"href":"https:\/\/myspainfood.com\/de\/wp-json\/wp\/v2\/product_cat?post=49059"},{"taxonomy":"product_tag","embeddable":true,"href":"https:\/\/myspainfood.com\/de\/wp-json\/wp\/v2\/product_tag?post=49059"}],"curies":[{"name":"wp","href":"https:\/\/api.w.org\/{rel}","templated":true}]}}