{"id":49083,"date":"2025-04-10T12:09:50","date_gmt":"2025-04-10T10:09:50","guid":{"rendered":"https:\/\/myspainfood.com\/producto\/auberginenstuecke-la-encajera-almagro-700-gramm-120-stueck\/"},"modified":"2025-04-10T12:09:50","modified_gmt":"2025-04-10T10:09:50","slug":"auberginenstuecke-la-encajera-almagro-700-gramm-120-stueck","status":"publish","type":"product","link":"https:\/\/myspainfood.com\/de\/producto\/auberginenstuecke-la-encajera-almagro-700-gramm-120-stueck\/","title":{"rendered":"Auberginenst\u00fccke la Encajera almagro 700 Gramm 120 St\u00fcck"},"content":{"rendered":"<p>Gehackte Aubergine ist die Hauptzutat der <a href=\"https:\/\/www.laencajera.es\/berenjenas-de-almagro\" target=\"_blank\" rel=\"noopener noreferrer nofollow\">Almagro<\/a> Salate. Sp\u00fcren Sie den traditionellen Geschmack in jedem Bissen. <\/p>\n<p>Sie werden normalerweise als Vorspeise serviert oder in L\u00f6ffelgerichten kombiniert. Gehackte Auberginen stammen aus Castilla la Mancha, Spanien. <\/p>\n<p>Zutaten: Aubergine &#8222;De Almagro&#8220;, Wasser, Salz, Essig aus Alkohol, Zitronens\u00e4ure (E-330), Calciumchlorid (E-509), Natriummetabisulfit, K\u00fcmmel, Paprika, nat\u00fcrlicher Fenchel, Milchs\u00e4ure (E-270).<\/p>\n<p>Erhaltungsbedingungen:<\/p>\n<p>An einem k\u00fchlen, trockenen Ort zwischen 3\u00baC und 10\u00baC aufbewahren. Sch\u00fctzen Sie es vor Sonnenlicht und starken Ger\u00fcchen. <\/p>\n<p>Nach dem \u00d6ffnen im K\u00fchlschrank aufbewahren und innerhalb von 30 Tagen verbrauchen.<\/p>\n<p>Wenn Sie Oliven oder eine andere Art von <a href=\"https:\/\/latiendadesami.com\/categoria-producto\/encurtidos\/\" rel=\"noopener noreferrer nofollow\" target=\"_blank\">Essiggurken<\/a> kaufen m\u00f6chten, z\u00f6gern Sie nicht, einen Blick in unseren Online-Katalog zu werfen, um die gro\u00dfe Auswahl an <a href=\"https:\/\/latiendadesami.com\/categoria-producto\/encurtidos\/berenjenas\/\" target=\"_blank\" rel=\"noopener noreferrer nofollow\">Auberginen<\/a> zu sehen, die wir anbieten.<\/p>\n<p>Bei der Marke handelt es sich um La Encajonera, ein 1990 gegr\u00fcndetes Familienunternehmen mit Sitz im Herzen von La Mancha, in der Stadt ALMAGRO in der Provinz Ciudad Real.<\/p>\n<p>Der Herstellungsprozess seiner Produkte beginnt im gleichen Anbaugebiet, wo das beste Qualit\u00e4tsprodukt ausgew\u00e4hlt wird.<\/p>\n<p>Die Fabrik ist mit der modernsten Technologie ausgestattet und bewahrt gleichzeitig die Tradition und das Know-how ihrer Handwerker.<\/p>\n","protected":false},"excerpt":{"rendered":"<p>Die Hauptzutat der Almagro Salate. Sp\u00fcren Sie den traditionellen Geschmack in jedem Bissen. Er wird normalerweise als Vorspeise serviert oder mit L\u00f6ffelgerichten kombiniert.  <\/p>\n","protected":false},"featured_media":7405,"template":"","meta":{"_et_pb_use_builder":"","_et_pb_old_content":"","_et_gb_content_width":""},"product_brand":[1057],"product_cat":[2118,1597,2968],"product_tag":[4159],"class_list":{"0":"post-49083","1":"product","2":"type-product","3":"status-publish","4":"has-post-thumbnail","6":"product_brand-la-encajera","7":"product_cat-auberginen","8":"product_cat-essiggurken","9":"product_cat-groshandel","10":"product_tag-gehacktes","12":"first","13":"outofstock","14":"taxable","15":"shipping-taxable","16":"purchasable","17":"product-type-simple"},"_links":{"self":[{"href":"https:\/\/myspainfood.com\/de\/wp-json\/wp\/v2\/product\/49083","targetHints":{"allow":["GET"]}}],"collection":[{"href":"https:\/\/myspainfood.com\/de\/wp-json\/wp\/v2\/product"}],"about":[{"href":"https:\/\/myspainfood.com\/de\/wp-json\/wp\/v2\/types\/product"}],"wp:featuredmedia":[{"embeddable":true,"href":"https:\/\/myspainfood.com\/de\/wp-json\/wp\/v2\/media\/7405"}],"wp:attachment":[{"href":"https:\/\/myspainfood.com\/de\/wp-json\/wp\/v2\/media?parent=49083"}],"wp:term":[{"taxonomy":"product_brand","embeddable":true,"href":"https:\/\/myspainfood.com\/de\/wp-json\/wp\/v2\/product_brand?post=49083"},{"taxonomy":"product_cat","embeddable":true,"href":"https:\/\/myspainfood.com\/de\/wp-json\/wp\/v2\/product_cat?post=49083"},{"taxonomy":"product_tag","embeddable":true,"href":"https:\/\/myspainfood.com\/de\/wp-json\/wp\/v2\/product_tag?post=49083"}],"curies":[{"name":"wp","href":"https:\/\/api.w.org\/{rel}","templated":true}]}}