{"id":49143,"date":"2025-04-10T12:10:00","date_gmt":"2025-04-10T10:10:00","guid":{"rendered":"https:\/\/myspainfood.com\/producto\/alino-de-mi-pueblo-chicon-oliven-900-gramm-packung-6-stueck\/"},"modified":"2025-11-28T22:13:13","modified_gmt":"2025-11-28T21:13:13","slug":"alino-de-mi-pueblo-chicon-oliven-900-gramm-packung-6-stueck","status":"publish","type":"product","link":"https:\/\/myspainfood.com\/de\/producto\/alino-de-mi-pueblo-chicon-oliven-900-gramm-packung-6-stueck\/","title":{"rendered":"Ali\u00f1o de mi pueblo Chic\u00f3n Oliven 900 Gramm Packung 6 St\u00fcck"},"content":{"rendered":"<p>Die <strong>Manzanilla-Oliven<\/strong> &#8222;Ali\u00f1o de mi Pueblo&#8220; sind <a href=\"https:\/\/aceitunaschiconlebron.com\/catalogo-productos\/comprar-aceitunas\/deshuesadas\/\" target=\"_blank\" rel=\"noopener noreferrer nofollow\">entsteinte Oliven<\/a>, die mit den besten Zutaten nach einem traditionellen Rezept gew\u00fcrzt werden.<\/p>\n<p>Die Verwendung nat\u00fcrlicher Gew\u00fcrze und die Kontrolle der Temperatur sind das Geheimnis, um den besonderen Geschmack dieser Oliven zu erreichen.<\/p>\n<p>Die Ali\u00f1o de mi pueblo Oliven sind weich und das saftige Fruchtfleisch verleiht ihnen einen unverwechselbaren Geschmack.<\/p>\n<p>In Salzlake eingeweicht und behandelt, um ihren S\u00e4uregehalt zu reduzieren, sind die hausgemachten <a href=\"https:\/\/latiendadesami.com\/categoria-producto\/encurtidos\/\" target=\"_blank\" rel=\"noopener noreferrer nofollow\">eingelegten<\/a> Oliven ein allt\u00e4glicher Anblick auf vielen Terrassen und in Restaurants.<\/p>\n<h3>Vorteile der Ali\u00f1o de mi Pueblo-Oliven<\/h3>\n<p>Wussten Sie schon, dass diese <strong>Oliven<\/strong> sehr wirksam bei der Vorbeugung von Herz- und Kreislauferkrankungen im Allgemeinen sind? <\/p>\n<p>Das liegt an seinem hohen Gehalt an unges\u00e4ttigten Fetten. Au\u00dferdem ist es ein Lebensmittel, das viel Eisen und Ballaststoffe enth\u00e4lt und sehr s\u00e4ttigend ist, was es zu einem perfekten Snack macht. <\/p>\n<p>Wenn Sie Oliven oder eine andere Art von <a href=\"https:\/\/latiendadesami.com\/categoria-producto\/encurtidos\/\" rel=\"noopener noreferrer nofollow\" target=\"_blank\">eingelegten Lebensmitteln<\/a> kaufen m\u00f6chten, z\u00f6gern Sie nicht, einen Blick in unseren Online-Katalog zu werfen, um die gro\u00dfe Auswahl an <a href=\"https:\/\/latiendadesami.com\/categoria-producto\/encurtidos\/aceitunas\/\" target=\"_blank\" rel=\"noopener noreferrer nofollow\">Oliven<\/a> zu sehen, die wir anbieten.<\/p>\n","protected":false},"excerpt":{"rendered":"<p>Die Manzanilla-Oliven &#8222;Ali\u00f1o de mi Pueblo&#8220; sind entsteinte Oliven, die mit den besten Zutaten nach einem traditionellen Rezept gew\u00fcrzt werden. Die Verwendung nat\u00fcrlicher Gew\u00fcrze und die Kontrolle der Temperatur sind das Geheimnis, um den besonderen Geschmack dieser Oliven zu erreichen. Die Ali\u00f1o de mi pueblo Oliven sind weich und das saftige Fruchtfleisch verleiht ihnen einen [&hellip;]<\/p>\n","protected":false},"featured_media":12312,"template":"","meta":{"_et_pb_use_builder":"","_et_pb_old_content":"","_et_gb_content_width":""},"product_brand":[1036],"product_cat":[3123,2968],"product_tag":[9928],"class_list":{"0":"post-49143","1":"product","2":"type-product","3":"status-publish","4":"has-post-thumbnail","6":"product_brand-chicon","7":"product_cat-essiggurken-de","8":"product_cat-groshandel","9":"product_tag-dorf","11":"first","12":"instock","13":"taxable","14":"shipping-taxable","15":"purchasable","16":"product-type-variable"},"_links":{"self":[{"href":"https:\/\/myspainfood.com\/de\/wp-json\/wp\/v2\/product\/49143","targetHints":{"allow":["GET"]}}],"collection":[{"href":"https:\/\/myspainfood.com\/de\/wp-json\/wp\/v2\/product"}],"about":[{"href":"https:\/\/myspainfood.com\/de\/wp-json\/wp\/v2\/types\/product"}],"wp:featuredmedia":[{"embeddable":true,"href":"https:\/\/myspainfood.com\/de\/wp-json\/wp\/v2\/media\/12312"}],"wp:attachment":[{"href":"https:\/\/myspainfood.com\/de\/wp-json\/wp\/v2\/media?parent=49143"}],"wp:term":[{"taxonomy":"product_brand","embeddable":true,"href":"https:\/\/myspainfood.com\/de\/wp-json\/wp\/v2\/product_brand?post=49143"},{"taxonomy":"product_cat","embeddable":true,"href":"https:\/\/myspainfood.com\/de\/wp-json\/wp\/v2\/product_cat?post=49143"},{"taxonomy":"product_tag","embeddable":true,"href":"https:\/\/myspainfood.com\/de\/wp-json\/wp\/v2\/product_tag?post=49143"}],"curies":[{"name":"wp","href":"https:\/\/api.w.org\/{rel}","templated":true}]}}