{"id":50640,"date":"2025-05-21T08:44:03","date_gmt":"2025-05-21T06:44:03","guid":{"rendered":"https:\/\/myspainfood.com\/producto\/kamille-mit-knochen-900-gr-chicon\/"},"modified":"2026-02-26T19:32:57","modified_gmt":"2026-02-26T18:32:57","slug":"kamille-mit-knochen-900-gr-chicon","status":"publish","type":"product","link":"https:\/\/myspainfood.com\/de\/producto\/kamille-mit-knochen-900-gr-chicon\/","title":{"rendered":"Kamille mit Knochen 900 gr Chic\u00f3n"},"content":{"rendered":"<p>Ganze Manzanilla-Oliven mit Stein behalten ihre urspr\u00fcngliche Form, wobei der Stein im Inneren der Frucht bleibt.<\/p>\n<p>Es ist ratsam, diese ganzen Oliven an einem k\u00fchlen, trockenen Ort und vor Sonnenlicht gesch\u00fctzt aufzubewahren.<\/p>\n<h3>Vorteile von Manzanilla-Oliven mit <a href=\"https:\/\/aceitunaschiconlebron.com\/catalogo-productos\/comprar-aceitunas\/deshuesadas\/\" target=\"_blank\" rel=\"noopener noreferrer nofollow\">Chic\u00f3n-Kernen<\/a><\/h3>\n<p>Wussten Sie schon, dass diese Oliven sehr wirksam bei der Vorbeugung von Herz- und Kreislauferkrankungen im Allgemeinen sind? <\/p>\n<p>Das liegt an seinem hohen Gehalt an unges\u00e4ttigten Fetten. Au\u00dferdem ist es ein Lebensmittel, das viel Eisen und Ballaststoffe enth\u00e4lt und sehr s\u00e4ttigend ist, was es zu einem perfekten Snack macht. <\/p>\n<p>Wenn Sie Oliven oder eine andere Art von <a href=\"https:\/\/latiendadesami.com\/categoria-producto\/encurtidos\/\" rel=\"noopener noreferrer nofollow\" target=\"_blank\">Essiggurken<\/a> kaufen m\u00f6chten, z\u00f6gern Sie nicht, einen Blick in unseren Online-Katalog zu werfen, um die gro\u00dfe Auswahl an <a href=\"https:\/\/latiendadesami.com\/categoria-producto\/encurtidos\/aceitunas\/\" target=\"_blank\" rel=\"noopener noreferrer nofollow\">Oliven<\/a> zu sehen, die wir anbieten.<\/p>\n","protected":false},"excerpt":{"rendered":"<p>Ganze Manzanilla-Oliven mit Stein behalten ihre urspr\u00fcngliche Form, wobei der Stein im Inneren der Frucht bleibt. Es ist ratsam, diese ganzen Oliven an einem k\u00fchlen, trockenen Ort und vor Sonnenlicht gesch\u00fctzt aufzubewahren. Vorteile von Manzanilla-Oliven mit Chic\u00f3n-Kernen Wussten Sie schon, dass diese Oliven sehr wirksam bei der Vorbeugung von Herz- und Kreislauferkrankungen im Allgemeinen sind? [&hellip;]<\/p>\n","protected":false},"featured_media":50338,"template":"","meta":{"_et_pb_use_builder":"","_et_pb_old_content":"","_et_gb_content_width":""},"product_brand":[1036],"product_cat":[1597,1633],"product_tag":[2045,10028],"class_list":{"0":"post-50640","1":"product","2":"type-product","3":"status-publish","4":"has-post-thumbnail","6":"product_brand-chicon","7":"product_cat-essiggurken","8":"product_cat-oliven-de","9":"product_tag-kamille-de","10":"product_tag-mit-knochen","12":"first","13":"instock","14":"taxable","15":"shipping-taxable","16":"purchasable","17":"product-type-variable"},"_links":{"self":[{"href":"https:\/\/myspainfood.com\/de\/wp-json\/wp\/v2\/product\/50640","targetHints":{"allow":["GET"]}}],"collection":[{"href":"https:\/\/myspainfood.com\/de\/wp-json\/wp\/v2\/product"}],"about":[{"href":"https:\/\/myspainfood.com\/de\/wp-json\/wp\/v2\/types\/product"}],"wp:featuredmedia":[{"embeddable":true,"href":"https:\/\/myspainfood.com\/de\/wp-json\/wp\/v2\/media\/50338"}],"wp:attachment":[{"href":"https:\/\/myspainfood.com\/de\/wp-json\/wp\/v2\/media?parent=50640"}],"wp:term":[{"taxonomy":"product_brand","embeddable":true,"href":"https:\/\/myspainfood.com\/de\/wp-json\/wp\/v2\/product_brand?post=50640"},{"taxonomy":"product_cat","embeddable":true,"href":"https:\/\/myspainfood.com\/de\/wp-json\/wp\/v2\/product_cat?post=50640"},{"taxonomy":"product_tag","embeddable":true,"href":"https:\/\/myspainfood.com\/de\/wp-json\/wp\/v2\/product_tag?post=50640"}],"curies":[{"name":"wp","href":"https:\/\/api.w.org\/{rel}","templated":true}]}}