{"id":50998,"date":"2025-05-21T09:40:50","date_gmt":"2025-05-21T07:40:50","guid":{"rendered":"https:\/\/myspainfood.com\/producto\/kimbitos-olive-und-gewuerzgurke-900-gr-chicon\/"},"modified":"2026-01-29T13:06:14","modified_gmt":"2026-01-29T12:06:14","slug":"kimbitos-olive-und-gewuerzgurke-900-gr-chicon","status":"publish","type":"product","link":"https:\/\/myspainfood.com\/de\/producto\/kimbitos-olive-und-gewuerzgurke-900-gr-chicon\/","title":{"rendered":"Kimbitos - Olive und Gew\u00fcrzgurke 900 gr Chic\u00f3n"},"content":{"rendered":"<p><a href=\"https:\/\/aceitunaschiconlebron.com\/catalogo\/manzanilla-rellena-de-pepinillo\/\" target=\"_blank\" rel=\"noopener noreferrer nofollow\">Kimbitos Oliven und Gurken<\/a>, mit einem milden s\u00fc\u00df-sauren Geschmack.<\/p>\n<h3>Eigenschaften von Manzanilla- oder Kimbitos-Oliven<\/h3>\n<p>Die urspr\u00fcnglich aus Spanien stammenden Manzanilla-Oliven bieten viele Vorteile, von denen die folgenden hervorzuheben sind:<\/p>\n<p>Sie liefern gro\u00dfe Mengen an Antioxidantien.<\/p>\n<p>Sie senken den Blutdruck und den Cholesterinspiegel.<\/p>\n<p>verhindert einige Arten von Krebs.<\/p>\n<p>Sie wirken wie ein nat\u00fcrliches Probiotikum.<\/p>\n<p>Verbessern Sie die Gesundheit Ihres Herzens.<\/p>\n<p>Sie helfen bei der Bek\u00e4mpfung von Infektionen.<\/p>\n<p>Sie beugen Osteoporose vor.<\/p>\n<p>Wussten Sie schon, dass die Kimbitos-Oliven viele Vorteile haben? Sie haben eine hohe Wirksamkeit bei der Vorbeugung von Herz- und Kreislauferkrankungen im Allgemeinen. <\/p>\n<p>Wenn Sie Oliven oder eine andere Art von <a href=\"https:\/\/latiendadesami.com\/categoria-producto\/encurtidos\/\" rel=\"noopener noreferrer nofollow\" target=\"_blank\">Essiggurken<\/a> kaufen m\u00f6chten, z\u00f6gern Sie nicht, einen Blick in unseren Online-Katalog zu werfen, um die gro\u00dfe Auswahl an <a href=\"https:\/\/latiendadesami.com\/categoria-producto\/encurtidos\/aceitunas\/\" target=\"_blank\" rel=\"noopener noreferrer nofollow\">Oliven<\/a> zu sehen, die wir anbieten.<\/p>\n","protected":false},"excerpt":{"rendered":"<p>Kimbitos Oliven und Gurken, mit einem milden s\u00fc\u00df-sauren Geschmack. Eigenschaften von Manzanilla- oder Kimbitos-Oliven Die urspr\u00fcnglich aus Spanien stammenden Manzanilla-Oliven bieten viele Vorteile, von denen die folgenden hervorzuheben sind: Sie liefern gro\u00dfe Mengen an Antioxidantien. Sie senken den Blutdruck und den Cholesterinspiegel. verhindert einige Arten von Krebs. Sie wirken wie ein nat\u00fcrliches Probiotikum. Verbessern Sie [&hellip;]<\/p>\n","protected":false},"featured_media":7128,"template":"","meta":{"_et_pb_use_builder":"","_et_pb_old_content":"","_et_gb_content_width":""},"product_brand":[1036],"product_cat":[1597,1638,1633],"product_tag":[2024,2045,1635],"class_list":{"0":"post-50998","1":"product","2":"type-product","3":"status-publish","4":"has-post-thumbnail","6":"product_brand-chicon","7":"product_cat-essiggurken","8":"product_cat-gewurzgurken","9":"product_cat-oliven-de","10":"product_tag-gewurzgurke","11":"product_tag-kamille-de","12":"product_tag-kimbo-de","14":"first","15":"instock","16":"taxable","17":"shipping-taxable","18":"purchasable","19":"product-type-variable"},"_links":{"self":[{"href":"https:\/\/myspainfood.com\/de\/wp-json\/wp\/v2\/product\/50998","targetHints":{"allow":["GET"]}}],"collection":[{"href":"https:\/\/myspainfood.com\/de\/wp-json\/wp\/v2\/product"}],"about":[{"href":"https:\/\/myspainfood.com\/de\/wp-json\/wp\/v2\/types\/product"}],"wp:featuredmedia":[{"embeddable":true,"href":"https:\/\/myspainfood.com\/de\/wp-json\/wp\/v2\/media\/7128"}],"wp:attachment":[{"href":"https:\/\/myspainfood.com\/de\/wp-json\/wp\/v2\/media?parent=50998"}],"wp:term":[{"taxonomy":"product_brand","embeddable":true,"href":"https:\/\/myspainfood.com\/de\/wp-json\/wp\/v2\/product_brand?post=50998"},{"taxonomy":"product_cat","embeddable":true,"href":"https:\/\/myspainfood.com\/de\/wp-json\/wp\/v2\/product_cat?post=50998"},{"taxonomy":"product_tag","embeddable":true,"href":"https:\/\/myspainfood.com\/de\/wp-json\/wp\/v2\/product_tag?post=50998"}],"curies":[{"name":"wp","href":"https:\/\/api.w.org\/{rel}","templated":true}]}}