{"id":51108,"date":"2025-05-21T09:40:50","date_gmt":"2025-05-21T07:40:50","guid":{"rendered":"https:\/\/myspainfood.com\/producto\/ruehrei-extra-900-gr-chicon\/"},"modified":"2026-01-29T13:05:09","modified_gmt":"2026-01-29T12:05:09","slug":"ruehrei-extra-900-gr-chicon","status":"publish","type":"product","link":"https:\/\/myspainfood.com\/de\/producto\/ruehrei-extra-900-gr-chicon\/","title":{"rendered":"R\u00fchrei Extra 900 gr Chic\u00f3n"},"content":{"rendered":"<p>Unser extra R\u00fchrei mit Oliven und Essiggurken besteht aus <a href=\"https:\/\/aceitunaschiconlebron.com\/catalogo\/revuelto-extra-aceitunas-encurtidos\/\" target=\"_blank\" rel=\"noopener noreferrer nofollow\">Manzanilla-Oliven<\/a>, Gew\u00fcrzgurke, Zwiebel und Karotte.<\/p>\n<p>Diese Kombination aus Oliven und Essiggurken sorgt f\u00fcr einen unschlagbaren Geschmack in Ihren Tapas oder Vorspeisen.<\/p>\n<p>Er ist eine sehr gesunde Erg\u00e4nzung zu unserer traditionellen, nahrhaften mediterranen Ern\u00e4hrung.<\/p>\n<p>Essiggurken haben sich von einer uralten Technik zur Konservierung von Lebensmitteln auf der ganzen Welt zu einer der beliebtesten Tapas oder Vorspeisen in der spanischen Gastronomie entwickelt.<\/p>\n<h3><strong>Vorteile von Scrambled Extra<\/strong><\/h3>\n<p>Kennen Sie die Vorteile von Revuelto Extra und Essiggurken im Allgemeinen? Hier finden Sie eine Liste der wichtigsten: <\/p>\n<ul>\n<li>Reich an Probiotika.<\/li>\n<li>Sie f\u00f6rdern die Verdauung.<\/li>\n<li>Sie st\u00e4rken das Immunsystem.<\/li>\n<li>Sie reduzieren den Hei\u00dfhunger auf Zucker.<\/li>\n<li>G\u00fcnstig f\u00fcr die Gallenblase.<\/li>\n<\/ul>\n<p>Wenn Sie Oliven oder eine andere Art von <a href=\"https:\/\/latiendadesami.com\/categoria-producto\/encurtidos\/\" rel=\"noopener noreferrer nofollow\" target=\"_blank\">Essiggurken<\/a> kaufen m\u00f6chten, z\u00f6gern Sie nicht, einen Blick in unseren Online-Katalog zu werfen, um die gro\u00dfe Auswahl an <a href=\"https:\/\/latiendadesami.com\/categoria-producto\/encurtidos\/aceitunas\/\" target=\"_blank\" rel=\"noopener noreferrer nofollow\">Oliven<\/a> zu sehen, die wir anbieten.<\/p>\n","protected":false},"excerpt":{"rendered":"<p>Unser extra R\u00fchrei mit Oliven und Essiggurken besteht aus Manzanilla-Oliven, Gew\u00fcrzgurke, Zwiebel und Karotte. Diese Kombination aus Oliven und Essiggurken sorgt f\u00fcr einen unschlagbaren Geschmack in Ihren Tapas oder Vorspeisen. Er ist eine sehr gesunde Erg\u00e4nzung zu unserer traditionellen, nahrhaften mediterranen Ern\u00e4hrung. Essiggurken haben sich von einer uralten Technik zur Konservierung von Lebensmitteln auf der [&hellip;]<\/p>\n","protected":false},"featured_media":50826,"template":"","meta":{"_et_pb_use_builder":"","_et_pb_old_content":"","_et_gb_content_width":""},"product_brand":[1036],"product_cat":[1597,1633],"product_tag":[8140],"class_list":{"0":"post-51108","1":"product","2":"type-product","3":"status-publish","4":"has-post-thumbnail","6":"product_brand-chicon","7":"product_cat-essiggurken","8":"product_cat-oliven-de","9":"product_tag-ruhrei","11":"first","12":"instock","13":"taxable","14":"shipping-taxable","15":"purchasable","16":"product-type-variable"},"_links":{"self":[{"href":"https:\/\/myspainfood.com\/de\/wp-json\/wp\/v2\/product\/51108","targetHints":{"allow":["GET"]}}],"collection":[{"href":"https:\/\/myspainfood.com\/de\/wp-json\/wp\/v2\/product"}],"about":[{"href":"https:\/\/myspainfood.com\/de\/wp-json\/wp\/v2\/types\/product"}],"wp:featuredmedia":[{"embeddable":true,"href":"https:\/\/myspainfood.com\/de\/wp-json\/wp\/v2\/media\/50826"}],"wp:attachment":[{"href":"https:\/\/myspainfood.com\/de\/wp-json\/wp\/v2\/media?parent=51108"}],"wp:term":[{"taxonomy":"product_brand","embeddable":true,"href":"https:\/\/myspainfood.com\/de\/wp-json\/wp\/v2\/product_brand?post=51108"},{"taxonomy":"product_cat","embeddable":true,"href":"https:\/\/myspainfood.com\/de\/wp-json\/wp\/v2\/product_cat?post=51108"},{"taxonomy":"product_tag","embeddable":true,"href":"https:\/\/myspainfood.com\/de\/wp-json\/wp\/v2\/product_tag?post=51108"}],"curies":[{"name":"wp","href":"https:\/\/api.w.org\/{rel}","templated":true}]}}