{"id":51356,"date":"2025-05-21T10:50:34","date_gmt":"2025-05-21T08:50:34","guid":{"rendered":"https:\/\/myspainfood.com\/producto\/grossmutters-geheimnis\/"},"modified":"2026-01-29T13:14:02","modified_gmt":"2026-01-29T12:14:02","slug":"grossmutters-geheimnis","status":"publish","type":"product","link":"https:\/\/myspainfood.com\/de\/producto\/grossmutters-geheimnis\/","title":{"rendered":"Gro\u00dfmutters Geheimnis"},"content":{"rendered":"<p>Olives Secreto de la Abuela ist eine Kombination aus entsteinten Gordal-Oliven, wei\u00dfem Knoblauch, Kapern und Auberginenst\u00fccken.<\/p>\n<p>Die W\u00fcrze ist <a href=\"https:\/\/aceitunaschiconlebron.com\/\" target=\"_blank\" rel=\"noopener noreferrer nofollow\">Chic\u00f3ns<\/a> eigene.<\/p>\n<h3><strong>Vorteile der Secreto de la Abuela-Oliven<\/strong><\/h3>\n<p>Kennen Sie die Vorteile dieser Art von Oliven und Essiggurken im Allgemeinen? Hier ist eine Liste mit den wichtigsten davon: <\/p>\n<ul>\n<li>Reich an Probiotika.<\/li>\n<li>Sie f\u00f6rdern die Verdauung.<\/li>\n<li>Sie st\u00e4rken das Immunsystem.<\/li>\n<li>Sie reduzieren den Hei\u00dfhunger auf Zucker.<\/li>\n<li>G\u00fcnstig f\u00fcr die Gallenblase.<\/li>\n<\/ul>\n<p>&nbsp;<\/p>\n<p>Wenn Sie Oliven oder eine andere Art von <a href=\"https:\/\/latiendadesami.com\/categoria-producto\/encurtidos\/\" rel=\"noopener noreferrer nofollow\" target=\"_blank\">Essiggurken<\/a> kaufen m\u00f6chten, z\u00f6gern Sie nicht, einen Blick in unseren Online-Katalog zu werfen, um die gro\u00dfe Auswahl an <a href=\"https:\/\/latiendadesami.com\/categoria-producto\/encurtidos\/aceitunas\/\" target=\"_blank\" rel=\"noopener noreferrer nofollow\">Oliven<\/a> zu sehen, die wir anbieten.<\/p>\n","protected":false},"excerpt":{"rendered":"<p>Olives Secreto de la Abuela ist eine Kombination aus entsteinten Gordal-Oliven, wei\u00dfem Knoblauch, Kapern und Auberginenst\u00fccken. Die W\u00fcrze ist Chic\u00f3ns eigene. Vorteile der Secreto de la Abuela-Oliven Kennen Sie die Vorteile dieser Art von Oliven und Essiggurken im Allgemeinen? Hier ist eine Liste mit den wichtigsten davon: Reich an Probiotika. Sie f\u00f6rdern die Verdauung. Sie [&hellip;]<\/p>\n","protected":false},"featured_media":51207,"template":"","meta":{"_et_pb_use_builder":"","_et_pb_old_content":"","_et_gb_content_width":""},"product_brand":[1036],"product_cat":[1597,1633],"product_tag":[10121,1764],"class_list":{"0":"post-51356","1":"product","2":"type-product","3":"status-publish","4":"has-post-thumbnail","6":"product_brand-chicon","7":"product_cat-essiggurken","8":"product_cat-oliven-de","9":"product_tag-geheimnis","10":"product_tag-grosmutter","12":"first","13":"outofstock","14":"taxable","15":"shipping-taxable","16":"product-type-variable"},"_links":{"self":[{"href":"https:\/\/myspainfood.com\/de\/wp-json\/wp\/v2\/product\/51356","targetHints":{"allow":["GET"]}}],"collection":[{"href":"https:\/\/myspainfood.com\/de\/wp-json\/wp\/v2\/product"}],"about":[{"href":"https:\/\/myspainfood.com\/de\/wp-json\/wp\/v2\/types\/product"}],"wp:featuredmedia":[{"embeddable":true,"href":"https:\/\/myspainfood.com\/de\/wp-json\/wp\/v2\/media\/51207"}],"wp:attachment":[{"href":"https:\/\/myspainfood.com\/de\/wp-json\/wp\/v2\/media?parent=51356"}],"wp:term":[{"taxonomy":"product_brand","embeddable":true,"href":"https:\/\/myspainfood.com\/de\/wp-json\/wp\/v2\/product_brand?post=51356"},{"taxonomy":"product_cat","embeddable":true,"href":"https:\/\/myspainfood.com\/de\/wp-json\/wp\/v2\/product_cat?post=51356"},{"taxonomy":"product_tag","embeddable":true,"href":"https:\/\/myspainfood.com\/de\/wp-json\/wp\/v2\/product_tag?post=51356"}],"curies":[{"name":"wp","href":"https:\/\/api.w.org\/{rel}","templated":true}]}}