{"id":52429,"date":"2025-05-23T12:58:14","date_gmt":"2025-05-23T10:58:14","guid":{"rendered":"https:\/\/myspainfood.com\/producto\/alyan-dubai-pistazien-schokoladenriegel-100-gramm\/"},"modified":"2026-01-29T13:16:24","modified_gmt":"2026-01-29T12:16:24","slug":"alyan-dubai-pistazien-schokoladenriegel-100-gramm","status":"publish","type":"product","link":"https:\/\/myspainfood.com\/de\/producto\/alyan-dubai-pistazien-schokoladenriegel-100-gramm\/","title":{"rendered":"Alyan Dubai Pistazien Schokoladenriegel 100 Gramm"},"content":{"rendered":"<p>Vollmilchschokolade gef\u00fcllt mit Pistazien und Kunafa. Zutaten: <\/p>\n<p>Pistazienpaste 45% [Zucker, Pistazien (30%), Pflanzen\u00f6l (vollst\u00e4ndig hydriertes Palm-, Baumwollsaat- und Sonnenblumen\u00f6l), Magermilch, Emulgator (Sonnenblumenlecithin), Aromen (Milch, Vanillin)],<\/p>\n<p>Milchschokolade 45% [Zucker, Kakaobutter, Vollmilchpulver, Kakaomasse, Magermilchpulver, Molkenpulver, Emulgator (Ammoniumphosphatide, Polyglycerinpolyricinoleat, Sonnenblumenlecithin), Aroma (Vanillin)],<\/p>\n<p>Kunafa 10% [Weizen (enth\u00e4lt Gluten), Wasser], Konservierungsstoffe (Kaliumsorbat, Calciumpropionat).<\/p>\n<p>Allergene: Milch, Weizen und Pistazien. Kann Spuren von anderen N\u00fcssen, Erdn\u00fcssen und Eiern enthalten. <\/p>\n","protected":false},"excerpt":{"rendered":"<p>Vollmilchschokolade gef\u00fcllt mit Pistazien und Kunafa. Zutaten: Pistazienpaste 45% [Zucker, Pistazien (30%), Pflanzen\u00f6l (vollst\u00e4ndig hydriertes Palm-, Baumwollsaat- und Sonnenblumen\u00f6l), Magermilch, Emulgator (Sonnenblumenlecithin), Aromen (Milch, Vanillin)], Milchschokolade 45% [Zucker, Kakaobutter, Vollmilchpulver, Kakaomasse, Magermilchpulver, Molkenpulver, Emulgator (Ammoniumphosphatide, Polyglycerinpolyricinoleat, Sonnenblumenlecithin), Aroma (Vanillin)], Kunafa 10% [Weizen (enth\u00e4lt Gluten), Wasser], Konservierungsstoffe (Kaliumsorbat, Calciumpropionat). Allergene: Milch, Weizen und Pistazien. Kann Spuren [&hellip;]<\/p>\n","protected":false},"featured_media":52367,"template":"","meta":{"_et_pb_use_builder":"","_et_pb_old_content":"","_et_gb_content_width":""},"product_brand":[],"product_cat":[1948],"product_tag":[],"class_list":{"0":"post-52429","1":"product","2":"type-product","3":"status-publish","4":"has-post-thumbnail","6":"product_cat-konserven","8":"first","9":"instock","10":"featured","11":"taxable","12":"shipping-taxable","13":"purchasable","14":"product-type-variable"},"_links":{"self":[{"href":"https:\/\/myspainfood.com\/de\/wp-json\/wp\/v2\/product\/52429","targetHints":{"allow":["GET"]}}],"collection":[{"href":"https:\/\/myspainfood.com\/de\/wp-json\/wp\/v2\/product"}],"about":[{"href":"https:\/\/myspainfood.com\/de\/wp-json\/wp\/v2\/types\/product"}],"wp:featuredmedia":[{"embeddable":true,"href":"https:\/\/myspainfood.com\/de\/wp-json\/wp\/v2\/media\/52367"}],"wp:attachment":[{"href":"https:\/\/myspainfood.com\/de\/wp-json\/wp\/v2\/media?parent=52429"}],"wp:term":[{"taxonomy":"product_brand","embeddable":true,"href":"https:\/\/myspainfood.com\/de\/wp-json\/wp\/v2\/product_brand?post=52429"},{"taxonomy":"product_cat","embeddable":true,"href":"https:\/\/myspainfood.com\/de\/wp-json\/wp\/v2\/product_cat?post=52429"},{"taxonomy":"product_tag","embeddable":true,"href":"https:\/\/myspainfood.com\/de\/wp-json\/wp\/v2\/product_tag?post=52429"}],"curies":[{"name":"wp","href":"https:\/\/api.w.org\/{rel}","templated":true}]}}