{"id":62490,"date":"2025-10-10T12:25:50","date_gmt":"2025-10-10T10:25:50","guid":{"rendered":"https:\/\/myspainfood.com\/producto\/gildas-de-cecina-bokeo-45-einheiten\/"},"modified":"2025-10-10T12:25:50","modified_gmt":"2025-10-10T10:25:50","slug":"gildas-de-cecina-bokeo-45-einheiten","status":"publish","type":"product","link":"https:\/\/myspainfood.com\/de\/producto\/gildas-de-cecina-bokeo-45-einheiten\/","title":{"rendered":"Gildas de Cecina Bokeo 45 Einheiten"},"content":{"rendered":"<p>\u00d6l (85% Sonnenblumen\u00f6l, 15% Oliven\u00f6l) und Rinderhackfleisch.<\/p>\n","protected":false},"excerpt":{"rendered":"<p>\u00d6l (85% Sonnenblumen\u00f6l, 15% Oliven\u00f6l) und Rinderhackfleisch.<\/p>\n","protected":false},"featured_media":60051,"template":"","meta":{"_et_pb_use_builder":"","_et_pb_old_content":"","_et_gb_content_width":""},"product_brand":[1277],"product_cat":[2075,1597,1856,11060,1858,2289],"product_tag":[],"class_list":{"0":"post-62490","1":"product","2":"type-product","3":"status-publish","4":"has-post-thumbnail","6":"product_brand-bokeo","7":"product_cat-banderillas-de","8":"product_cat-essiggurken","9":"product_cat-kalt","10":"product_cat-neu","11":"product_cat-pintxos-de","12":"product_cat-wurst","13":"product_shipping_class-kalter-versand","15":"first","16":"outofstock","17":"taxable","18":"shipping-taxable","19":"product-type-variable"},"_links":{"self":[{"href":"https:\/\/myspainfood.com\/de\/wp-json\/wp\/v2\/product\/62490","targetHints":{"allow":["GET"]}}],"collection":[{"href":"https:\/\/myspainfood.com\/de\/wp-json\/wp\/v2\/product"}],"about":[{"href":"https:\/\/myspainfood.com\/de\/wp-json\/wp\/v2\/types\/product"}],"wp:featuredmedia":[{"embeddable":true,"href":"https:\/\/myspainfood.com\/de\/wp-json\/wp\/v2\/media\/60051"}],"wp:attachment":[{"href":"https:\/\/myspainfood.com\/de\/wp-json\/wp\/v2\/media?parent=62490"}],"wp:term":[{"taxonomy":"product_brand","embeddable":true,"href":"https:\/\/myspainfood.com\/de\/wp-json\/wp\/v2\/product_brand?post=62490"},{"taxonomy":"product_cat","embeddable":true,"href":"https:\/\/myspainfood.com\/de\/wp-json\/wp\/v2\/product_cat?post=62490"},{"taxonomy":"product_tag","embeddable":true,"href":"https:\/\/myspainfood.com\/de\/wp-json\/wp\/v2\/product_tag?post=62490"}],"curies":[{"name":"wp","href":"https:\/\/api.w.org\/{rel}","templated":true}]}}