{"id":62864,"date":"2025-10-10T12:25:50","date_gmt":"2025-10-10T10:25:50","guid":{"rendered":"https:\/\/myspainfood.com\/producto\/sardinillas-in-bio-olivenoel-20-25-stueck-rias-baixas-115-gr\/"},"modified":"2025-10-10T12:25:50","modified_gmt":"2025-10-10T10:25:50","slug":"sardinillas-in-bio-olivenoel-20-25-stueck-rias-baixas-115-gr","status":"publish","type":"product","link":"https:\/\/myspainfood.com\/de\/producto\/sardinillas-in-bio-olivenoel-20-25-stueck-rias-baixas-115-gr\/","title":{"rendered":"Sardinillas in Bio-Oliven\u00f6l 20\/25 St\u00fcck Rias Baixas 115 gr"},"content":{"rendered":"<p>Unsere Sardinen in Dosen sind k\u00f6stlich. Sie riechen intensiv, sehen silbrig aus und sind perfekt in der Dose positioniert und pr\u00e4sentiert. Ausgangspunkt ist immer die Auswahl der besten, frischesten und kleinsten Sardinen vom Fischmarkt (in jeder Dose finden Sie zwischen 12 und 16 Sardinen). <\/p>\n<p>In unserer Fabrik in Moa\u00f1a (Pontevedra) entfernen erfahrene H\u00e4nde unserer Produktionsmitarbeiter den Kopf und weiden jeden Fisch einzeln aus. Anschlie\u00dfend werden sie mit Sorgfalt und Pr\u00e4zision dampfger\u00f6stet und verpackt, damit sie beim \u00d6ffnen Ihrer Dose so attraktiv wie m\u00f6glich aussehen. Das T\u00fcpfelchen auf dem i ist die Zugabe von <strong>biologischem nativem Oliven\u00f6l extra*.<\/strong> Das Ergebnis ist spektakul\u00e4r und jetzt k\u00f6nnen Sie sich selbst davon \u00fcberzeugen.  <\/p>\n<p>Denken Sie daran, dass die Reifezeit, die von einigen Monaten bis zu mehreren Jahren dauern kann, entscheidend ist, da sich der Geschmack der Sardinen verbessert, wenn das \u00d6l in den Fisch eindringt. Regelm\u00e4\u00dfiges Wenden der Dosen sorgt f\u00fcr einen exquisiten und gleichm\u00e4\u00dfigen Geschmack, der auch die anspruchsvollsten Gaumen zufrieden stellt. <\/p>\n<p>In den letzten Jahren haben Sardinen in Dosen gro\u00dfen Ruhm als Lebensmittel mit hohem N\u00e4hrwert erlangt. Man k\u00f6nnte sagen, dass Sardinen aus ern\u00e4hrungswissenschaftlicher Sicht die Goldmedaille gewinnen. Sie enthalten eine hohe Konzentration an Vitamin B12 sowie die Vitamine A, D, K und E. Sie sind auch eine wichtige Quelle f\u00fcr Eiwei\u00df, Natrium, Phosphor, Jod und Kalzium. Und reich an Omega 3 und \u00d6ls\u00e4ure, was will man mehr?    <\/p>\n","protected":false},"excerpt":{"rendered":"<p>Unsere Sardinen in Dosen sind k\u00f6stlich. Sie riechen intensiv, sehen silbrig aus und sind perfekt in der Dose positioniert und pr\u00e4sentiert. Ausgangspunkt ist immer die Auswahl der besten, frischesten und kleinsten Sardinen vom Fischmarkt (in jeder Dose finden Sie zwischen 12 und 16 Sardinen). In unserer Fabrik in Moa\u00f1a (Pontevedra) entfernen erfahrene H\u00e4nde unserer Produktionsmitarbeiter [&hellip;]<\/p>\n","protected":false},"featured_media":59417,"template":"","meta":{"_et_pb_use_builder":"","_et_pb_old_content":"","_et_gb_content_width":""},"product_brand":[11014],"product_cat":[1948,11060,3772],"product_tag":[],"class_list":{"0":"post-62864","1":"product","2":"type-product","3":"status-publish","4":"has-post-thumbnail","6":"product_brand-rias-baixas","7":"product_cat-konserven","8":"product_cat-neu","9":"product_cat-sardinillas-de","11":"first","12":"instock","13":"featured","14":"taxable","15":"shipping-taxable","16":"purchasable","17":"product-type-variable"},"_links":{"self":[{"href":"https:\/\/myspainfood.com\/de\/wp-json\/wp\/v2\/product\/62864","targetHints":{"allow":["GET"]}}],"collection":[{"href":"https:\/\/myspainfood.com\/de\/wp-json\/wp\/v2\/product"}],"about":[{"href":"https:\/\/myspainfood.com\/de\/wp-json\/wp\/v2\/types\/product"}],"wp:featuredmedia":[{"embeddable":true,"href":"https:\/\/myspainfood.com\/de\/wp-json\/wp\/v2\/media\/59417"}],"wp:attachment":[{"href":"https:\/\/myspainfood.com\/de\/wp-json\/wp\/v2\/media?parent=62864"}],"wp:term":[{"taxonomy":"product_brand","embeddable":true,"href":"https:\/\/myspainfood.com\/de\/wp-json\/wp\/v2\/product_brand?post=62864"},{"taxonomy":"product_cat","embeddable":true,"href":"https:\/\/myspainfood.com\/de\/wp-json\/wp\/v2\/product_cat?post=62864"},{"taxonomy":"product_tag","embeddable":true,"href":"https:\/\/myspainfood.com\/de\/wp-json\/wp\/v2\/product_tag?post=62864"}],"curies":[{"name":"wp","href":"https:\/\/api.w.org\/{rel}","templated":true}]}}