{"id":62912,"date":"2025-10-10T12:25:49","date_gmt":"2025-10-10T10:25:49","guid":{"rendered":"https:\/\/myspainfood.com\/producto\/muscheln-in-eingelegter-sauce-6-8-stueck-bio-olivenoel-rias-baixas-115-g\/"},"modified":"2025-10-10T12:25:49","modified_gmt":"2025-10-10T10:25:49","slug":"muscheln-in-eingelegter-sauce-6-8-stueck-bio-olivenoel-rias-baixas-115-g","status":"publish","type":"product","link":"https:\/\/myspainfood.com\/de\/producto\/muscheln-in-eingelegter-sauce-6-8-stueck-bio-olivenoel-rias-baixas-115-g\/","title":{"rendered":"Muscheln in eingelegter Sauce 6\/8 St\u00fcck Bio-Oliven\u00f6l Rias Baixas 115 g"},"content":{"rendered":"<p>Die galicische Miesmuschel (mytilus galloprovincialis) ist in Spanien bereits zur wichtigsten Kulturart des 21. Jahrhunderts geworden. Und es muss etwas dran sein an den Muscheln von unseren K\u00fcsten, wenn sie schon im 4. Jahrhundert v. Chr. von den Bewohnern der Castros verzehrt wurden und heute mehr als 3.000 Muschelb\u00e4nke ben\u00f6tigt werden, um die wachsende Marktnachfrage zu decken. <\/p>\n<p>CONSERVAS R\u00cdAS BAIXAS 1907 w\u00e4hlt die Muscheln aus den am besten gelegenen Miesmuschelb\u00e4nken aus und wartet geduldig auf den richtigen Moment, um sie zu entnehmen, wenn die Muschel ihren besten Reifezustand erreicht hat. Wir ziehen es vor, Best\u00e4nde zu brechen, anstatt Ihnen eine minderwertige Laichmuschel anzubieten. <\/p>\n<p>Nachdem die Muscheln gewaschen und gereinigt wurden, werden sie ged\u00e4mpft und der Bart wird vorsichtig entfernt, um die Muscheln nicht zu besch\u00e4digen. Danach werden sie in gutem \u00d6l gebraten und nach der Auswahl der richtigen Gr\u00f6\u00dfe verpacken wir sie einzeln von Hand, so dass Sie beim \u00d6ffnen der Dose einen sch\u00f6nen Anblick eines unserer Starprodukte vorfinden. <\/p>\n<p>Das andere Geheimnis, das unsere Muscheln zu einem der meistgesch\u00e4tzten auf dem Markt macht, ist unsere Escabeche, die nach einem seit Generationen \u00fcberlieferten Rezept handgemacht wird. Wir verwenden Paprika und Rotweinessig von h\u00f6chster Qualit\u00e4t, natives Bio-Oliven\u00f6l extra* und geben nat\u00fcrliche Lorbeerbl\u00e4tter hinzu. <\/p>\n<p>Und wie Sie wahrscheinlich schon wissen, sind galicische Miesmuscheln eine ausgezeichnete hochwertige Eiwei\u00dfquelle, deren N\u00e4hrwerte denen von Hummer oder Seehecht \u00e4hneln. Aber sie ist nicht nur reich an Eiwei\u00df, sondern auch kalorienarm und reich an Vitamin A, B-Vitaminen, Vitamin C, E und K sowie an Mineralien: Kalzium, Kupfer, Phosphor, Eisen, Magnesium, Mangan, Kalium, Selen, Natrium, Jod und Zink. <\/p>\n","protected":false},"excerpt":{"rendered":"<p>Die galicische Miesmuschel (mytilus galloprovincialis) ist in Spanien bereits zur wichtigsten Kulturart des 21. Jahrhunderts geworden. Und es muss etwas dran sein an den Muscheln von unseren K\u00fcsten, wenn sie schon im 4. Jahrhundert v. Chr. von den Bewohnern der Castros verzehrt wurden und heute mehr als 3.000 Muschelb\u00e4nke ben\u00f6tigt werden, um die wachsende Marktnachfrage [&hellip;]<\/p>\n","protected":false},"featured_media":59368,"template":"","meta":{"_et_pb_use_builder":"","_et_pb_old_content":"","_et_gb_content_width":""},"product_brand":[11014],"product_cat":[1948,4066,11060],"product_tag":[],"class_list":{"0":"post-62912","1":"product","2":"type-product","3":"status-publish","4":"has-post-thumbnail","6":"product_brand-rias-baixas","7":"product_cat-konserven","8":"product_cat-muscheln-de","9":"product_cat-neu","11":"first","12":"instock","13":"taxable","14":"shipping-taxable","15":"purchasable","16":"product-type-variable"},"_links":{"self":[{"href":"https:\/\/myspainfood.com\/de\/wp-json\/wp\/v2\/product\/62912","targetHints":{"allow":["GET"]}}],"collection":[{"href":"https:\/\/myspainfood.com\/de\/wp-json\/wp\/v2\/product"}],"about":[{"href":"https:\/\/myspainfood.com\/de\/wp-json\/wp\/v2\/types\/product"}],"wp:featuredmedia":[{"embeddable":true,"href":"https:\/\/myspainfood.com\/de\/wp-json\/wp\/v2\/media\/59368"}],"wp:attachment":[{"href":"https:\/\/myspainfood.com\/de\/wp-json\/wp\/v2\/media?parent=62912"}],"wp:term":[{"taxonomy":"product_brand","embeddable":true,"href":"https:\/\/myspainfood.com\/de\/wp-json\/wp\/v2\/product_brand?post=62912"},{"taxonomy":"product_cat","embeddable":true,"href":"https:\/\/myspainfood.com\/de\/wp-json\/wp\/v2\/product_cat?post=62912"},{"taxonomy":"product_tag","embeddable":true,"href":"https:\/\/myspainfood.com\/de\/wp-json\/wp\/v2\/product_tag?post=62912"}],"curies":[{"name":"wp","href":"https:\/\/api.w.org\/{rel}","templated":true}]}}