{"id":62990,"date":"2025-10-10T12:25:49","date_gmt":"2025-10-10T10:25:49","guid":{"rendered":"https:\/\/myspainfood.com\/producto\/razor-muscheln-aus-finisterre-in-rias-baixas-bio-olivenoel-115-g\/"},"modified":"2025-10-10T12:25:49","modified_gmt":"2025-10-10T10:25:49","slug":"razor-muscheln-aus-finisterre-in-rias-baixas-bio-olivenoel-115-g","status":"publish","type":"product","link":"https:\/\/myspainfood.com\/de\/producto\/razor-muscheln-aus-finisterre-in-rias-baixas-bio-olivenoel-115-g\/","title":{"rendered":"Razor-Muscheln aus Finisterre in Rias Baixas Bio-Oliven\u00f6l 115 g"},"content":{"rendered":"<p>Rasiermuscheln werden an vielen Orten unserer sch\u00f6nen R\u00edas gewonnen, aber von allen gibt es einen, an dem Rasiermuscheln und Longueirones die h\u00f6chste Qualit\u00e4t erreichen: Finisterre (Fisterra). Und wie es nicht anders sein kann, kaufen wir bei CONSERVAS R\u00cdAS BAIXAS 1907 nur Rasiermuscheln von diesen paradiesischen Str\u00e4nden und nur solche, die einzeln von freien Tauchern gefangen werden, um sicherzustellen, dass die nat\u00fcrliche Umgebung erhalten bleibt, damit auch zuk\u00fcnftige Generationen diese Delikatesse genie\u00dfen k\u00f6nnen. <\/p>\n<p>Das frische Rasiermesser wird in Salzwasser gereinigt, um alle Sandreste zu entfernen, und dann in unseren Einrichtungen in Moa\u00f1a sorgf\u00e4ltig verpackt.<\/p>\n<p>Und obwohl die Finisterre-Rasiermuscheln an sich schon eine Delikatesse sind, haben wir uns entschieden, sie in biologischem nativem Oliven\u00f6l extra* zu pr\u00e4sentieren. Das Ergebnis ist spektakul\u00e4r und wir laden Sie ein, es zu probieren. <\/p>\n<p>Au\u00dferdem sind Rasierklingenmuscheln sehr kalorien- und fettarm. Andererseits sind Schwertmuscheln reich an mehrfach unges\u00e4ttigten Fetts\u00e4uren OMEGA 3, weshalb ihr Verzehr sehr zu empfehlen ist. <\/p>\n","protected":false},"excerpt":{"rendered":"<p>Rasiermuscheln werden an vielen Orten unserer sch\u00f6nen R\u00edas gewonnen, aber von allen gibt es einen, an dem Rasiermuscheln und Longueirones die h\u00f6chste Qualit\u00e4t erreichen: Finisterre (Fisterra). Und wie es nicht anders sein kann, kaufen wir bei CONSERVAS R\u00cdAS BAIXAS 1907 nur Rasiermuscheln von diesen paradiesischen Str\u00e4nden und nur solche, die einzeln von freien Tauchern gefangen [&hellip;]<\/p>\n","protected":false},"featured_media":59295,"template":"","meta":{"_et_pb_use_builder":"","_et_pb_old_content":"","_et_gb_content_width":""},"product_brand":[11014],"product_cat":[1948,11060,7635],"product_tag":[],"class_list":{"0":"post-62990","1":"product","2":"type-product","3":"status-publish","4":"has-post-thumbnail","6":"product_brand-rias-baixas","7":"product_cat-konserven","8":"product_cat-neu","9":"product_cat-rasierapparate","11":"first","12":"instock","13":"taxable","14":"shipping-taxable","15":"purchasable","16":"product-type-variable"},"_links":{"self":[{"href":"https:\/\/myspainfood.com\/de\/wp-json\/wp\/v2\/product\/62990","targetHints":{"allow":["GET"]}}],"collection":[{"href":"https:\/\/myspainfood.com\/de\/wp-json\/wp\/v2\/product"}],"about":[{"href":"https:\/\/myspainfood.com\/de\/wp-json\/wp\/v2\/types\/product"}],"wp:featuredmedia":[{"embeddable":true,"href":"https:\/\/myspainfood.com\/de\/wp-json\/wp\/v2\/media\/59295"}],"wp:attachment":[{"href":"https:\/\/myspainfood.com\/de\/wp-json\/wp\/v2\/media?parent=62990"}],"wp:term":[{"taxonomy":"product_brand","embeddable":true,"href":"https:\/\/myspainfood.com\/de\/wp-json\/wp\/v2\/product_brand?post=62990"},{"taxonomy":"product_cat","embeddable":true,"href":"https:\/\/myspainfood.com\/de\/wp-json\/wp\/v2\/product_cat?post=62990"},{"taxonomy":"product_tag","embeddable":true,"href":"https:\/\/myspainfood.com\/de\/wp-json\/wp\/v2\/product_tag?post=62990"}],"curies":[{"name":"wp","href":"https:\/\/api.w.org\/{rel}","templated":true}]}}