{"id":63147,"date":"2025-10-10T12:25:49","date_gmt":"2025-10-10T10:25:49","guid":{"rendered":"https:\/\/myspainfood.com\/producto\/baby-aale-in-bio-olivenoel-rias-baixas-110-g\/"},"modified":"2026-01-29T11:17:39","modified_gmt":"2026-01-29T10:17:39","slug":"baby-aale-in-bio-olivenoel-rias-baixas-110-g","status":"publish","type":"product","link":"https:\/\/myspainfood.com\/de\/producto\/baby-aale-in-bio-olivenoel-rias-baixas-110-g\/","title":{"rendered":"Baby-Aale in Bio-Oliven\u00f6l Rias Baixas 110 g"},"content":{"rendered":"<p>Wie Sie wahrscheinlich wissen, ist der Glasaal die Brut des Aals. Ihr Abenteuer beginnt in der Sargassosee, mitten in der Karibik, wo die Aale laichen und ihre Eier ausbr\u00fcten, die in den n\u00e4chsten drei Jahren mit dem Golfstrom wandern, bis sie europ\u00e4ische Fl\u00fcsse erreichen. Die Glasaale sammeln sich in gro\u00dfen Massen an den M\u00fcndungen der Fl\u00fcsse und schwimmen stromaufw\u00e4rts, bis sie erwachsen sind. Und das Kurioseste ist, dass jeder Aal in demselben Fluss ankommt, aus dem seine Eltern aufgetaucht sind. Wenn sie gefangen werden, wiegt jedes Exemplar normalerweise 1 g und ist knapp 8 cm lang.     <\/p>\n<p>Es versteht sich von selbst, dass ein so empfindlicher und wertvoller Fisch beim Transport zur Fabrik, beim Kochen und bei der Konservierung mit gr\u00f6\u00dfter Sorgfalt und Delikatesse behandelt wird. Wir pr\u00e4sentieren ihn nach dem traditionellen Rezept f\u00fcr diese Delikatesse, mit einer gro\u00dfz\u00fcgigen Sch\u00e4rfe durch einen nat\u00fcrlichen Chilipfeffer und gebadet in biologischem nativem Oliven\u00f6l extra*. <\/p>\n<p>Abgesehen von seinem Geschmack, der f\u00fcr viele Experten unschlagbar ist, ist der Glasaal ein Produkt mit einem sehr hohen N\u00e4hrwert. Er ist der fettreichste \u00f6lige Fisch, den man kennt, und hat einen hohen Proteingehalt (16,3 g pro 100 g). Er liefert auch interessante Mengen an einigen Mineralien wie Phosphor und Kalium, die die Gesundheit der Nieren und des Nervensystems f\u00f6rdern. Das bemerkenswerteste Merkmal ist jedoch sein sehr hoher Anteil an Vitamin A, das unter anderem die Gesundheit der Augen und des Sehverm\u00f6gens f\u00f6rdert.   <\/p>\n","protected":false},"excerpt":{"rendered":"<p>Wie Sie wahrscheinlich wissen, ist der Glasaal die Brut des Aals. Ihr Abenteuer beginnt in der Sargassosee, mitten in der Karibik, wo die Aale laichen und ihre Eier ausbr\u00fcten, die in den n\u00e4chsten drei Jahren mit dem Golfstrom wandern, bis sie europ\u00e4ische Fl\u00fcsse erreichen. Die Glasaale sammeln sich in gro\u00dfen Massen an den M\u00fcndungen der [&hellip;]<\/p>\n","protected":false},"featured_media":59149,"template":"","meta":{"_et_pb_use_builder":"","_et_pb_old_content":"","_et_gb_content_width":""},"product_brand":[11014],"product_cat":[1948,11060],"product_tag":[],"class_list":{"0":"post-63147","1":"product","2":"type-product","3":"status-publish","4":"has-post-thumbnail","6":"product_brand-rias-baixas","7":"product_cat-konserven","8":"product_cat-neu","10":"first","11":"instock","12":"taxable","13":"shipping-taxable","14":"purchasable","15":"product-type-variable"},"_links":{"self":[{"href":"https:\/\/myspainfood.com\/de\/wp-json\/wp\/v2\/product\/63147","targetHints":{"allow":["GET"]}}],"collection":[{"href":"https:\/\/myspainfood.com\/de\/wp-json\/wp\/v2\/product"}],"about":[{"href":"https:\/\/myspainfood.com\/de\/wp-json\/wp\/v2\/types\/product"}],"wp:featuredmedia":[{"embeddable":true,"href":"https:\/\/myspainfood.com\/de\/wp-json\/wp\/v2\/media\/59149"}],"wp:attachment":[{"href":"https:\/\/myspainfood.com\/de\/wp-json\/wp\/v2\/media?parent=63147"}],"wp:term":[{"taxonomy":"product_brand","embeddable":true,"href":"https:\/\/myspainfood.com\/de\/wp-json\/wp\/v2\/product_brand?post=63147"},{"taxonomy":"product_cat","embeddable":true,"href":"https:\/\/myspainfood.com\/de\/wp-json\/wp\/v2\/product_cat?post=63147"},{"taxonomy":"product_tag","embeddable":true,"href":"https:\/\/myspainfood.com\/de\/wp-json\/wp\/v2\/product_tag?post=63147"}],"curies":[{"name":"wp","href":"https:\/\/api.w.org\/{rel}","templated":true}]}}