{"id":40929,"date":"2025-04-10T12:14:06","date_gmt":"2025-04-10T10:14:06","guid":{"rendered":"https:\/\/myspainfood.com\/producto\/a-inigo-garbanzos-primera-400-g\/"},"modified":"2025-04-10T12:14:06","modified_gmt":"2025-04-10T10:14:06","slug":"a-inigo-garbanzos-primera-400-g","status":"publish","type":"product","link":"https:\/\/myspainfood.com\/el\/producto\/a-inigo-garbanzos-primera-400-g\/","title":{"rendered":"A.I\u00f1igo Garbanzos Primera 400 g"},"content":{"rendered":"<article class=\"4ever-article\" data-clipboard-cangjie=\"[\"root\",{\"copyFrom\":33891801},[\"p\",{\"jc\":\"left\",\"ind\":{},\"spacing\":{}},[\"span\",{\"data-type\":\"text\"},[\"span\",{\"data-type\":\"leaf\"},\"Descubre los exquisitos \"],[\"span\",{\"bold\":true,\"data-type\":\"leaf\"},\"Garbanzos A. I\u00f1igo\"],[\"span\",{\"data-type\":\"leaf\"},\", una joya de la cocina mediterr\u00e1nea que aporta calidad, sabor y nutrici\u00f3n a tus recetas. Seleccionados y envasados con el m\u00e1ximo cuidado, estos garbanzos ofrecen la textura y el gusto perfectos para una amplia variedad de platos.\"]]],[\"p\",{\"jc\":\"left\",\"ind\":{},\"spacing\":{}},[\"span\",{\"data-type\":\"text\"},[\"span\",{\"data-type\":\"leaf\"},\"\"]]],[\"p\",{\"jc\":\"left\",\"ind\":{},\"spacing\":{}},[\"span\",{\"data-type\":\"text\"},[\"span\",{\"bold\":true,\"data-type\":\"leaf\"},\"Beneficios:\"]]],[\"p\",{\"list\":{\"listId\":\"h0fotp7xcpd\",\"isOrdered\":false,\"level\":0},\"jc\":\"left\",\"spacing\":{}},[\"span\",{\"data-type\":\"text\"},[\"span\",{\"bold\":true,\"data-type\":\"leaf\"},\"Nutritivos:\"],[\"span\",{\"data-type\":\"leaf\"},\" Alto contenido en fibra y prote\u00ednas, lo que ayuda a mantener una dieta saludable y equilibrada.\"]]],[\"p\",{\"list\":{\"listId\":\"h0fotp7xcpd\",\"isOrdered\":false,\"level\":0},\"jc\":\"left\",\"spacing\":{}},[\"span\",{\"data-type\":\"text\"},[\"span\",{\"bold\":true,\"data-type\":\"leaf\"},\"Energ\u00e9ticos:\"],[\"span\",{\"data-type\":\"leaf\"},\" Perfectos para aportar energ\u00eda y saciedad, ideales para cualquier comida del d\u00eda.\"]]],[\"p\",{\"list\":{\"listId\":\"h0fotp7xcpd\",\"isOrdered\":false,\"level\":0},\"jc\":\"left\",\"spacing\":{}},[\"span\",{\"data-type\":\"text\"},[\"span\",{\"bold\":true,\"data-type\":\"leaf\"},\"Versatilidad en la Cocina:\"],[\"span\",{\"data-type\":\"leaf\"},\" Se adaptan a una gran variedad de recetas, tanto tradicionales como modernas, permitiendo crear platos deliciosos y nutritivos.\"]]],[\"p\",{\"jc\":\"left\",\"ind\":{},\"spacing\":{}},[\"span\",{\"data-type\":\"text\"},[\"span\",{\"data-type\":\"leaf\"},\"\"]]],[\"p\",{\"jc\":\"left\",\"ind\":{},\"spacing\":{}},[\"span\",{\"data-type\":\"text\"},[\"span\",{\"bold\":true,\"data-type\":\"leaf\"},\"Recomendaciones de Uso:\"]]],[\"p\",{\"list\":{\"listId\":\"5afgnbs3dm6\",\"isOrdered\":false,\"level\":0},\"jc\":\"left\",\"spacing\":{}},[\"span\",{\"data-type\":\"text\"},[\"span\",{\"bold\":true,\"data-type\":\"leaf\"},\"Ensaladas:\"],[\"span\",{\"data-type\":\"leaf\"},\" A\u00f1\u00e1delos a tus ensaladas para un toque de textura y nutrici\u00f3n.\"]]],[\"p\",{\"list\":{\"listId\":\"5afgnbs3dm6\",\"isOrdered\":false,\"level\":0},\"jc\":\"left\",\"spacing\":{}},[\"span\",{\"data-type\":\"text\"},[\"span\",{\"bold\":true,\"data-type\":\"leaf\"},\"Guisos y Sopas:\"],[\"span\",{\"data-type\":\"leaf\"},\" Perfectos para enriquecer guisos de carne, pollo o vegetales, as\u00ed como sopas reconfortantes.\"]]],[\"p\",{\"list\":{\"listId\":\"5afgnbs3dm6\",\"isOrdered\":false,\"level\":0},\"jc\":\"left\",\"spacing\":{}},[\"span\",{\"data-type\":\"text\"},[\"span\",{\"bold\":true,\"data-type\":\"leaf\"},\"Hummus:\"],[\"span\",{\"data-type\":\"leaf\"},\" Util\u00edzalos para preparar un hummus casero, a\u00f1adiendo tahini, lim\u00f3n, ajo y aceite de oliva.\"]]],[\"p\",{\"list\":{\"listId\":\"5afgnbs3dm6\",\"isOrdered\":false,\"level\":0},\"jc\":\"left\",\"spacing\":{}},[\"span\",{\"data-type\":\"text\"},[\"span\",{\"bold\":true,\"data-type\":\"leaf\"},\"Platos Tradicionales:\"],[\"span\",{\"data-type\":\"leaf\"},\" Ideales para potajes, cocidos y otras recetas tradicionales espa\u00f1olas.\"]]],[\"p\",{\"jc\":\"left\",\"ind\":{},\"spacing\":{}},[\"span\",{\"data-type\":\"text\"},[\"span\",{\"data-type\":\"leaf\"},\"\"]]],[\"p\",{\"jc\":\"left\",\"ind\":{},\"spacing\":{}},[\"span\",{\"data-type\":\"text\"},[\"span\",{\"bold\":true,\"data-type\":\"leaf\"},\"Conservaci\u00f3n:\"]]],[\"p\",{\"list\":{\"listId\":\"lsg57fnjb5\",\"isOrdered\":false,\"level\":0},\"jc\":\"left\",\"spacing\":{}},[\"span\",{\"data-type\":\"text\"},[\"span\",{\"data-type\":\"leaf\"},\"Almacenar en un lugar fresco y seco.\"]]],[\"p\",{\"list\":{\"listId\":\"lsg57fnjb5\",\"isOrdered\":false,\"level\":0},\"jc\":\"left\",\"spacing\":{}},[\"span\",{\"data-type\":\"text\"},[\"span\",{\"data-type\":\"leaf\"},\"Mantener el envase bien cerrado para preservar la frescura.\"]]]]\">\u0391\u03bd\u03b1\u03ba\u03b1\u03bb\u03cd\u03c8\u03c4\u03b5 \u03c4\u03b1 \u03b5\u03be\u03b1\u03af\u03c3\u03b9\u03b1 \u03c1\u03b5\u03b2\u03af\u03b8\u03b9\u03b1 A. I\u00f1igo, \u03ad\u03bd\u03b1 \u03ba\u03cc\u03c3\u03bc\u03b7\u03bc\u03b1 \u03c4\u03b7\u03c2 \u03bc\u03b5\u03c3\u03bf\u03b3\u03b5\u03b9\u03b1\u03ba\u03ae\u03c2 \u03ba\u03bf\u03c5\u03b6\u03af\u03bd\u03b1\u03c2 \u03c0\u03bf\u03c5 \u03c6\u03ad\u03c1\u03bd\u03b5\u03b9 \u03c0\u03bf\u03b9\u03cc\u03c4\u03b7\u03c4\u03b1, \u03b3\u03b5\u03cd\u03c3\u03b7 \u03ba\u03b1\u03b9 \u03b4\u03b9\u03b1\u03c4\u03c1\u03bf\u03c6\u03ae \u03c3\u03c4\u03b9\u03c2 \u03c3\u03c5\u03bd\u03c4\u03b1\u03b3\u03ad\u03c2 \u03c3\u03b1\u03c2. \u0395\u03c0\u03b9\u03bb\u03b5\u03b3\u03bc\u03ad\u03bd\u03b1 \u03ba\u03b1\u03b9 \u03c3\u03c5\u03c3\u03ba\u03b5\u03c5\u03b1\u03c3\u03bc\u03ad\u03bd\u03b1 \u03bc\u03b5 \u03b1\u03c0\u03cc\u03bb\u03c5\u03c4\u03b7 \u03c0\u03c1\u03bf\u03c3\u03bf\u03c7\u03ae, \u03b1\u03c5\u03c4\u03ac \u03c4\u03b1 \u03c1\u03b5\u03b2\u03af\u03b8\u03b9\u03b1 \u03c0\u03c1\u03bf\u03c3\u03c6\u03ad\u03c1\u03bf\u03c5\u03bd \u03c4\u03b7\u03bd \u03c4\u03ad\u03bb\u03b5\u03b9\u03b1 \u03c5\u03c6\u03ae \u03ba\u03b1\u03b9 \u03b3\u03b5\u03cd\u03c3\u03b7 \u03b3\u03b9\u03b1 \u03bc\u03b9\u03b1 \u03bc\u03b5\u03b3\u03ac\u03bb\u03b7 \u03c0\u03bf\u03b9\u03ba\u03b9\u03bb\u03af\u03b1 \u03c0\u03b9\u03ac\u03c4\u03c9\u03bd: <\/p>\n<ul>\n<li>\n<div>\u0398\u03c1\u03b5\u03c0\u03c4\u03b9\u03ba\u03cc: \u03a5\u03c8\u03b7\u03bb\u03ae \u03c0\u03b5\u03c1\u03b9\u03b5\u03ba\u03c4\u03b9\u03ba\u03cc\u03c4\u03b7\u03c4\u03b1 \u03c3\u03b5 \u03c6\u03c5\u03c4\u03b9\u03ba\u03ad\u03c2 \u03af\u03bd\u03b5\u03c2 \u03ba\u03b1\u03b9 \u03c0\u03c1\u03c9\u03c4\u03b5\u0390\u03bd\u03b5\u03c2, \u03c0\u03bf\u03c5 \u03c3\u03c5\u03bc\u03b2\u03ac\u03bb\u03bb\u03bf\u03c5\u03bd \u03c3\u03c4\u03b7 \u03b4\u03b9\u03b1\u03c4\u03ae\u03c1\u03b7\u03c3\u03b7 \u03bc\u03b9\u03b1\u03c2 \u03c5\u03b3\u03b9\u03b5\u03b9\u03bd\u03ae\u03c2 \u03ba\u03b1\u03b9 \u03b9\u03c3\u03bf\u03c1\u03c1\u03bf\u03c0\u03b7\u03bc\u03ad\u03bd\u03b7\u03c2 \u03b4\u03b9\u03b1\u03c4\u03c1\u03bf\u03c6\u03ae\u03c2.<\/div>\n<\/li>\n<li>\n<div>\u0395\u03bd\u03b5\u03c1\u03b3\u03b7\u03c4\u03b9\u03ba\u03cc: \u0399\u03b4\u03b1\u03bd\u03b9\u03ba\u03cc \u03b3\u03b9\u03b1 \u03c4\u03b7\u03bd \u03c0\u03b1\u03c1\u03bf\u03c7\u03ae \u03b5\u03bd\u03ad\u03c1\u03b3\u03b5\u03b9\u03b1\u03c2 \u03ba\u03b1\u03b9 \u03ba\u03bf\u03c1\u03b5\u03c3\u03bc\u03bf\u03cd, \u03b9\u03b4\u03b1\u03bd\u03b9\u03ba\u03cc \u03b3\u03b9\u03b1 \u03ba\u03ac\u03b8\u03b5 \u03b3\u03b5\u03cd\u03bc\u03b1 \u03c4\u03b7\u03c2 \u03b7\u03bc\u03ad\u03c1\u03b1\u03c2.<\/div>\n<\/li>\n<li>\n<div>\u0395\u03c5\u03b5\u03bb\u03b9\u03be\u03af\u03b1 \u03c3\u03c4\u03b7\u03bd \u03ba\u03bf\u03c5\u03b6\u03af\u03bd\u03b1: \u03a0\u03c1\u03bf\u03c3\u03b1\u03c1\u03bc\u03cc\u03b6\u03bf\u03bd\u03c4\u03b1\u03b9 \u03c3\u03b5 \u03bc\u03b9\u03b1 \u03bc\u03b5\u03b3\u03ac\u03bb\u03b7 \u03c0\u03bf\u03b9\u03ba\u03b9\u03bb\u03af\u03b1 \u03c3\u03c5\u03bd\u03c4\u03b1\u03b3\u03ce\u03bd, \u03c4\u03cc\u03c3\u03bf \u03c0\u03b1\u03c1\u03b1\u03b4\u03bf\u03c3\u03b9\u03b1\u03ba\u03ce\u03bd \u03cc\u03c3\u03bf \u03ba\u03b1\u03b9 \u03c3\u03cd\u03b3\u03c7\u03c1\u03bf\u03bd\u03c9\u03bd, \u03b5\u03c0\u03b9\u03c4\u03c1\u03ad\u03c0\u03bf\u03bd\u03c4\u03ac\u03c2 \u03c3\u03b1\u03c2 \u03bd\u03b1 \u03b4\u03b7\u03bc\u03b9\u03bf\u03c5\u03c1\u03b3\u03ae\u03c3\u03b5\u03c4\u03b5 \u03bd\u03cc\u03c3\u03c4\u03b9\u03bc\u03b1 \u03ba\u03b1\u03b9 \u03b8\u03c1\u03b5\u03c0\u03c4\u03b9\u03ba\u03ac \u03c0\u03b9\u03ac\u03c4\u03b1.<\/div>\n<\/li>\n<\/ul>\n<p>&nbsp;<\/p>\n<p>\u03a3\u03c5\u03c3\u03c4\u03ac\u03c3\u03b5\u03b9\u03c2 \u03c7\u03c1\u03ae\u03c3\u03b7\u03c2:<\/p>\n<ul>\n<li>\n<div>\u03a3\u03b1\u03bb\u03ac\u03c4\u03b5\u03c2: \u03a0\u03c1\u03bf\u03c3\u03b8\u03ad\u03c3\u03c4\u03b5 \u03c4\u03b1 \u03c3\u03c4\u03b9\u03c2 \u03c3\u03b1\u03bb\u03ac\u03c4\u03b5\u03c2 \u03c3\u03b1\u03c2 \u03b3\u03b9\u03b1 \u03bc\u03b9\u03b1 \u03c0\u03b9\u03bd\u03b5\u03bb\u03b9\u03ac \u03c5\u03c6\u03ae\u03c2 \u03ba\u03b1\u03b9 \u03b4\u03b9\u03b1\u03c4\u03c1\u03bf\u03c6\u03ae\u03c2.<\/div>\n<\/li>\n<li>\n<div>\u0392\u03c1\u03b1\u03c3\u03c4\u03ac \u03ba\u03b1\u03b9 \u03c3\u03bf\u03cd\u03c0\u03b5\u03c2: \u0399\u03b4\u03b1\u03bd\u03b9\u03ba\u03cc \u03b3\u03b9\u03b1 \u03c4\u03bf\u03bd \u03b5\u03bc\u03c0\u03bb\u03bf\u03c5\u03c4\u03b9\u03c3\u03bc\u03cc \u03b2\u03c1\u03b1\u03c3\u03c4\u03ce\u03bd \u03ba\u03c1\u03ad\u03b1\u03c4\u03bf\u03c2, \u03c0\u03bf\u03c5\u03bb\u03b5\u03c1\u03b9\u03ba\u03ce\u03bd \u03ae \u03bb\u03b1\u03c7\u03b1\u03bd\u03b9\u03ba\u03ce\u03bd, \u03ba\u03b1\u03b8\u03ce\u03c2 \u03ba\u03b1\u03b9 \u03b3\u03b9\u03b1 \u03b1\u03bd\u03b1\u03ba\u03bf\u03c5\u03c6\u03b9\u03c3\u03c4\u03b9\u03ba\u03ad\u03c2 \u03c3\u03bf\u03cd\u03c0\u03b5\u03c2.<\/div>\n<\/li>\n<li>\n<div>\u03a7\u03bf\u03cd\u03bc\u03bf\u03c5\u03c2: \u03a7\u03c1\u03b7\u03c3\u03b9\u03bc\u03bf\u03c0\u03bf\u03b9\u03ae\u03c3\u03c4\u03b5 \u03c4\u03b1 \u03b3\u03b9\u03b1 \u03bd\u03b1 \u03c6\u03c4\u03b9\u03ac\u03be\u03b5\u03c4\u03b5 \u03c3\u03c0\u03b9\u03c4\u03b9\u03ba\u03cc \u03c7\u03bf\u03cd\u03bc\u03bf\u03c5\u03c2, \u03c0\u03c1\u03bf\u03c3\u03b8\u03ad\u03c4\u03bf\u03bd\u03c4\u03b1\u03c2 \u03c4\u03b1\u03c7\u03af\u03bd\u03b9, \u03bb\u03b5\u03bc\u03cc\u03bd\u03b9, \u03c3\u03ba\u03cc\u03c1\u03b4\u03bf \u03ba\u03b1\u03b9 \u03b5\u03bb\u03b1\u03b9\u03cc\u03bb\u03b1\u03b4\u03bf.<\/div>\n<\/li>\n<li>\n<div>\u03a0\u03b1\u03c1\u03b1\u03b4\u03bf\u03c3\u03b9\u03b1\u03ba\u03ac \u03c0\u03b9\u03ac\u03c4\u03b1: \u0399\u03b4\u03b1\u03bd\u03b9\u03ba\u03cc \u03b3\u03b9\u03b1 \u03bc\u03b1\u03b3\u03b5\u03b9\u03c1\u03b5\u03c5\u03c4\u03ac, \u03ba\u03b1\u03c4\u03c3\u03b1\u03c1\u03cc\u03bb\u03b5\u03c2 \u03ba\u03b1\u03b9 \u03ac\u03bb\u03bb\u03b5\u03c2 \u03c0\u03b1\u03c1\u03b1\u03b4\u03bf\u03c3\u03b9\u03b1\u03ba\u03ad\u03c2 \u03b9\u03c3\u03c0\u03b1\u03bd\u03b9\u03ba\u03ad\u03c2 \u03c3\u03c5\u03bd\u03c4\u03b1\u03b3\u03ad\u03c2.<\/div>\n<\/li>\n<\/ul>\n<p>&nbsp;<\/p>\n<p>\u0394\u03b9\u03b1\u03c4\u03ae\u03c1\u03b7\u03c3\u03b7:<\/p>\n<ul>\n<li>\n<div>\u03a6\u03c5\u03bb\u03ac\u03c3\u03c3\u03b5\u03c4\u03b1\u03b9 \u03c3\u03b5 \u03b4\u03c1\u03bf\u03c3\u03b5\u03c1\u03cc \u03ba\u03b1\u03b9 \u03be\u03b7\u03c1\u03cc \u03bc\u03ad\u03c1\u03bf\u03c2.<\/div>\n<\/li>\n<li>\n<div>\u0394\u03b9\u03b1\u03c4\u03b7\u03c1\u03ae\u03c3\u03c4\u03b5 \u03c4\u03bf \u03b4\u03bf\u03c7\u03b5\u03af\u03bf \u03b5\u03c1\u03bc\u03b7\u03c4\u03b9\u03ba\u03ac \u03ba\u03bb\u03b5\u03b9\u03c3\u03c4\u03cc \u03b3\u03b9\u03b1 \u03bd\u03b1 \u03b4\u03b9\u03b1\u03c4\u03b7\u03c1\u03ae\u03c3\u03b5\u03c4\u03b5 \u03c4\u03b7 \u03c6\u03c1\u03b5\u03c3\u03ba\u03ac\u03b4\u03b1.<\/div>\n<\/li>\n<\/ul>\n<\/article>\n","protected":false},"excerpt":{"rendered":"<p>\u0391\u03bd\u03b1\u03ba\u03b1\u03bb\u03cd\u03c8\u03c4\u03b5 \u03c4\u03b1 \u03b5\u03be\u03b1\u03af\u03c3\u03b9\u03b1 \u03c1\u03b5\u03b2\u03af\u03b8\u03b9\u03b1 A. I\u00f1igo, \u03ad\u03bd\u03b1 \u03ba\u03cc\u03c3\u03bc\u03b7\u03bc\u03b1 \u03c4\u03b7\u03c2 \u03bc\u03b5\u03c3\u03bf\u03b3\u03b5\u03b9\u03b1\u03ba\u03ae\u03c2 \u03ba\u03bf\u03c5\u03b6\u03af\u03bd\u03b1\u03c2 \u03c0\u03bf\u03c5 \u03c6\u03ad\u03c1\u03bd\u03b5\u03b9 \u03c0\u03bf\u03b9\u03cc\u03c4\u03b7\u03c4\u03b1, \u03b3\u03b5\u03cd\u03c3\u03b7 \u03ba\u03b1\u03b9 \u03b4\u03b9\u03b1\u03c4\u03c1\u03bf\u03c6\u03ae \u03c3\u03c4\u03b9\u03c2 \u03c3\u03c5\u03bd\u03c4\u03b1\u03b3\u03ad\u03c2 \u03c3\u03b1\u03c2. \u0395\u03c0\u03b9\u03bb\u03b5\u03b3\u03bc\u03ad\u03bd\u03b1 \u03ba\u03b1\u03b9 \u03c3\u03c5\u03c3\u03ba\u03b5\u03c5\u03b1\u03c3\u03bc\u03ad\u03bd\u03b1 \u03bc\u03b5 \u03b1\u03c0\u03cc\u03bb\u03c5\u03c4\u03b7 \u03c0\u03c1\u03bf\u03c3\u03bf\u03c7\u03ae, \u03b1\u03c5\u03c4\u03ac \u03c4\u03b1 \u03c1\u03b5\u03b2\u03af\u03b8\u03b9\u03b1 \u03c0\u03c1\u03bf\u03c3\u03c6\u03ad\u03c1\u03bf\u03c5\u03bd \u03c4\u03b7\u03bd \u03c4\u03ad\u03bb\u03b5\u03b9\u03b1 \u03c5\u03c6\u03ae \u03ba\u03b1\u03b9 \u03b3\u03b5\u03cd\u03c3\u03b7 \u03b3\u03b9\u03b1 \u03bc\u03b9\u03b1 \u03bc\u03b5\u03b3\u03ac\u03bb\u03b7 \u03c0\u03bf\u03b9\u03ba\u03b9\u03bb\u03af\u03b1 \u03c0\u03b9\u03ac\u03c4\u03c9\u03bd: \u0398\u03c1\u03b5\u03c0\u03c4\u03b9\u03ba\u03cc: \u03a5\u03c8\u03b7\u03bb\u03ae \u03c0\u03b5\u03c1\u03b9\u03b5\u03ba\u03c4\u03b9\u03ba\u03cc\u03c4\u03b7\u03c4\u03b1 \u03c3\u03b5 \u03c6\u03c5\u03c4\u03b9\u03ba\u03ad\u03c2 \u03af\u03bd\u03b5\u03c2 \u03ba\u03b1\u03b9 \u03c0\u03c1\u03c9\u03c4\u03b5\u0390\u03bd\u03b5\u03c2, \u03c0\u03bf\u03c5 \u03c3\u03c5\u03bc\u03b2\u03ac\u03bb\u03bb\u03bf\u03c5\u03bd \u03c3\u03c4\u03b7 \u03b4\u03b9\u03b1\u03c4\u03ae\u03c1\u03b7\u03c3\u03b7 \u03bc\u03b9\u03b1\u03c2 \u03c5\u03b3\u03b9\u03b5\u03b9\u03bd\u03ae\u03c2 \u03ba\u03b1\u03b9 [&hellip;]<\/p>\n","protected":false},"featured_media":40934,"template":"","meta":{"_et_pb_use_builder":"","_et_pb_old_content":"","_et_gb_content_width":""},"product_brand":[1461],"product_cat":[1952],"product_tag":[],"class_list":{"0":"post-40929","1":"product","2":"type-product","3":"status-publish","4":"has-post-thumbnail","6":"product_brand-a-inigo","7":"product_cat-1952","9":"first","10":"outofstock","11":"taxable","12":"shipping-taxable","13":"purchasable","14":"product-type-variable"},"_links":{"self":[{"href":"https:\/\/myspainfood.com\/el\/wp-json\/wp\/v2\/product\/40929","targetHints":{"allow":["GET"]}}],"collection":[{"href":"https:\/\/myspainfood.com\/el\/wp-json\/wp\/v2\/product"}],"about":[{"href":"https:\/\/myspainfood.com\/el\/wp-json\/wp\/v2\/types\/product"}],"wp:featuredmedia":[{"embeddable":true,"href":"https:\/\/myspainfood.com\/el\/wp-json\/wp\/v2\/media\/40934"}],"wp:attachment":[{"href":"https:\/\/myspainfood.com\/el\/wp-json\/wp\/v2\/media?parent=40929"}],"wp:term":[{"taxonomy":"product_brand","embeddable":true,"href":"https:\/\/myspainfood.com\/el\/wp-json\/wp\/v2\/product_brand?post=40929"},{"taxonomy":"product_cat","embeddable":true,"href":"https:\/\/myspainfood.com\/el\/wp-json\/wp\/v2\/product_cat?post=40929"},{"taxonomy":"product_tag","embeddable":true,"href":"https:\/\/myspainfood.com\/el\/wp-json\/wp\/v2\/product_tag?post=40929"}],"curies":[{"name":"wp","href":"https:\/\/api.w.org\/{rel}","templated":true}]}}