{"id":40975,"date":"2025-04-10T12:14:06","date_gmt":"2025-04-10T10:14:06","guid":{"rendered":"https:\/\/myspainfood.com\/producto\/sofrito-a-inigo\/"},"modified":"2025-04-10T12:14:06","modified_gmt":"2025-04-10T10:14:06","slug":"sofrito-a-inigo","status":"publish","type":"product","link":"https:\/\/myspainfood.com\/el\/producto\/sofrito-a-inigo\/","title":{"rendered":"Sofrito A.I\u00f1igo -"},"content":{"rendered":"<article class=\"4ever-article\" data-clipboard-cangjie=\"[\"root\",{\"copyFrom\":33891801},[\"p\",{\"jc\":\"left\",\"ind\":{},\"spacing\":{}},[\"span\",{\"data-type\":\"text\"},[\"span\",{\"data-type\":\"leaf\"},\"El \"],[\"span\",{\"bold\":true,\"data-type\":\"leaf\"},\"Sofrito A. I\u00f1igo\"],[\"span\",{\"data-type\":\"leaf\"},\" es un aut\u00e9ntico tesoro de la cocina tradicional espa\u00f1ola, elaborado con ingredientes frescos y seleccionados cuidadosamente para brindar el sabor casero que transforma cualquier plato. Este sofrito es la base perfecta para una infinidad de recetas, aportando un toque especial a cada bocado.\"]]],[\"p\",{\"jc\":\"left\",\"ind\":{},\"spacing\":{}},[\"span\",{\"data-type\":\"text\"},[\"span\",{\"data-type\":\"leaf\"},\"\"]]],[\"p\",{\"jc\":\"left\",\"ind\":{},\"spacing\":{}},[\"span\",{\"data-type\":\"text\"},[\"span\",{\"bold\":true,\"data-type\":\"leaf\"},\"Beneficios:\"]]],[\"p\",{\"list\":{\"listId\":\"2nmuyaj4lsn\",\"isOrdered\":false,\"level\":0},\"jc\":\"left\",\"spacing\":{}},[\"span\",{\"data-type\":\"text\"},[\"span\",{\"bold\":true,\"data-type\":\"leaf\"},\"Ahorra Tiempo:\"],[\"span\",{\"data-type\":\"leaf\"},\" Perfecto para quienes buscan la autenticidad del sofrito casero sin invertir horas en la cocina.\"]]],[\"p\",{\"list\":{\"listId\":\"2nmuyaj4lsn\",\"isOrdered\":false,\"level\":0},\"jc\":\"left\",\"spacing\":{}},[\"span\",{\"data-type\":\"text\"},[\"span\",{\"bold\":true,\"data-type\":\"leaf\"},\"Sabor Aut\u00e9ntico:\"],[\"span\",{\"data-type\":\"leaf\"},\" Reproduce fielmente el sofrito tradicional espa\u00f1ol, ofreciendo una base rica y sabrosa para cualquier receta.\"]]],[\"p\",{\"list\":{\"listId\":\"2nmuyaj4lsn\",\"isOrdered\":false,\"level\":0},\"jc\":\"left\",\"spacing\":{}},[\"span\",{\"data-type\":\"text\"},[\"span\",{\"bold\":true,\"data-type\":\"leaf\"},\"Saludable:\"],[\"span\",{\"data-type\":\"leaf\"},\" Hecho con ingredientes naturales y aceite de oliva extra virgen, aportando beneficios para la salud sin comprometer el sabor.\"]]],[\"p\",{\"jc\":\"left\",\"ind\":{},\"spacing\":{}},[\"span\",{\"data-type\":\"text\"},[\"span\",{\"data-type\":\"leaf\"},\"\"]]],[\"p\",{\"jc\":\"left\",\"ind\":{},\"spacing\":{}},[\"span\",{\"data-type\":\"text\"},[\"span\",{\"bold\":true,\"data-type\":\"leaf\"},\"Recomendaciones de Uso:\"]]],[\"p\",{\"list\":{\"listId\":\"yih4f0o7c2\",\"isOrdered\":false,\"level\":0},\"jc\":\"left\",\"spacing\":{}},[\"span\",{\"data-type\":\"text\"},[\"span\",{\"bold\":true,\"data-type\":\"leaf\"},\"Guisos:\"],[\"span\",{\"data-type\":\"leaf\"},\" A\u00f1\u00e1delo a tus guisos de carne, pollo o pescado para realzar su sabor y conseguir un plato m\u00e1s jugoso y sabroso.\"]]],[\"p\",{\"list\":{\"listId\":\"yih4f0o7c2\",\"isOrdered\":false,\"level\":0},\"jc\":\"left\",\"spacing\":{}},[\"span\",{\"data-type\":\"text\"},[\"span\",{\"bold\":true,\"data-type\":\"leaf\"},\"Arroces:\"],[\"span\",{\"data-type\":\"leaf\"},\" Util\u00edzalo como base para paellas y arroces caldosos, aportando el sabor y color caracter\u00edsticos de la cocina espa\u00f1ola.\"]]],[\"p\",{\"list\":{\"listId\":\"yih4f0o7c2\",\"isOrdered\":false,\"level\":0},\"jc\":\"left\",\"spacing\":{}},[\"span\",{\"data-type\":\"text\"},[\"span\",{\"bold\":true,\"data-type\":\"leaf\"},\"Pastas:\"],[\"span\",{\"data-type\":\"leaf\"},\" M\u00e9zclalo con pasta cocida y un poco de queso parmesano para un plato r\u00e1pido y delicioso.\"]]],[\"p\",{\"list\":{\"listId\":\"yih4f0o7c2\",\"isOrdered\":false,\"level\":0},\"jc\":\"left\",\"spacing\":{}},[\"span\",{\"data-type\":\"text\"},[\"span\",{\"bold\":true,\"data-type\":\"leaf\"},\"Salsas:\"],[\"span\",{\"data-type\":\"leaf\"},\" Ideal para preparar salsas de tomate caseras, simplemente a\u00f1adiendo unos pocos ingredientes adicionales seg\u00fan tu preferencia.\"]]],[\"p\",{\"jc\":\"left\",\"ind\":{},\"spacing\":{}},[\"span\",{\"data-type\":\"text\"},[\"span\",{\"data-type\":\"leaf\"},\"\"]]],[\"p\",{\"jc\":\"left\",\"ind\":{},\"spacing\":{}},[\"span\",{\"data-type\":\"text\"},[\"span\",{\"bold\":true,\"data-type\":\"leaf\"},\"Conservaci\u00f3n:\"]]],[\"p\",{\"list\":{\"listId\":\"xul99lc6zvi\",\"isOrdered\":false,\"level\":0},\"jc\":\"left\",\"spacing\":{}},[\"span\",{\"data-type\":\"text\"},[\"span\",{\"data-type\":\"leaf\"},\"Almacenar en un lugar fresco y seco.\"]]],[\"p\",{\"list\":{\"listId\":\"xul99lc6zvi\",\"isOrdered\":false,\"level\":0},\"jc\":\"left\",\"spacing\":{}},[\"span\",{\"data-type\":\"text\"},[\"span\",{\"data-type\":\"leaf\"},\"Una vez abierto, mantener refrigerado y consumir en los pr\u00f3ximos 3-4 d\u00edas.\"]]]]\"><strong>\u03a4\u03bf Sofrito A. I\u00f1igo<\/strong> \u03b5\u03af\u03bd\u03b1\u03b9 \u03bc\u03b9\u03b1 \u03c7\u03b5\u03b9\u03c1\u03bf\u03c0\u03bf\u03af\u03b7\u03c4\u03b7 \u03bc\u03b1\u03b3\u03b5\u03b9\u03c1\u03b9\u03ba\u03ae \u03b2\u03ac\u03c3\u03b7 \u03c0\u03bf\u03c5 \u03b5\u03bd\u03b9\u03c3\u03c7\u03cd\u03b5\u03b9 \u03ba\u03ac\u03b8\u03b5 \u03c3\u03c5\u03bd\u03c4\u03b1\u03b3\u03ae \u03bc\u03b5 \u03c6\u03c1\u03ad\u03c3\u03ba\u03b1 \u03ba\u03b1\u03b9 \u03c0\u03c1\u03bf\u03c3\u03b5\u03ba\u03c4\u03b9\u03ba\u03ac \u03b5\u03c0\u03b9\u03bb\u03b5\u03b3\u03bc\u03ad\u03bd\u03b1 \u03c3\u03c5\u03c3\u03c4\u03b1\u03c4\u03b9\u03ba\u03ac. \u0399\u03b4\u03b1\u03bd\u03b9\u03ba\u03cc \u03b3\u03b9\u03b1 \u03cc\u03c3\u03bf\u03c5\u03c2 \u03b1\u03bd\u03b1\u03b6\u03b7\u03c4\u03bf\u03cd\u03bd \u03c4\u03b7\u03bd \u03b1\u03c5\u03b8\u03b5\u03bd\u03c4\u03b9\u03ba\u03cc\u03c4\u03b7\u03c4\u03b1 \u03c3\u03b5 \u03ba\u03ac\u03b8\u03b5 \u03c0\u03b9\u03ac\u03c4\u03bf, \u03b1\u03c5\u03c4\u03cc \u03c4\u03bf sofrito, \u03c6\u03c4\u03b9\u03b1\u03b3\u03bc\u03ad\u03bd\u03bf \u03bc\u03b5 \u03ce\u03c1\u03b9\u03bc\u03b5\u03c2 \u03bd\u03c4\u03bf\u03bc\u03ac\u03c4\u03b5\u03c2, \u03ba\u03c1\u03b5\u03bc\u03bc\u03cd\u03b4\u03b9 \u03ba\u03b1\u03b9 \u03c3\u03ba\u03cc\u03c1\u03b4\u03bf, \u03b5\u03b3\u03b3\u03c5\u03ac\u03c4\u03b1\u03b9 \u03bc\u03b9\u03b1 \u03b9\u03c3\u03bf\u03c1\u03c1\u03bf\u03c0\u03b7\u03bc\u03ad\u03bd\u03b7 \u03b3\u03b5\u03cd\u03c3\u03b7 \u03c0\u03bf\u03c5 \u03b1\u03c0\u03bf\u03b3\u03b5\u03b9\u03ce\u03bd\u03b5\u03b9 \u03c4\u03b1 \u03b2\u03c1\u03b1\u03c3\u03c4\u03ac, \u03c4\u03b1 \u03c0\u03b9\u03ac\u03c4\u03b1 \u03c1\u03c5\u03b6\u03b9\u03bf\u03cd, \u03c4\u03b1 \u03b6\u03c5\u03bc\u03b1\u03c1\u03b9\u03ba\u03ac \u03ba\u03b1\u03b9 \u03c0\u03bf\u03bb\u03bb\u03ac \u03ac\u03bb\u03bb\u03b1. \u0397 \u03c0\u03bf\u03b9\u03cc\u03c4\u03b7\u03c4\u03b1 \u03c4\u03b7\u03c2 A. I\u00f1igo \u03b5\u03af\u03bd\u03b1\u03b9 \u03b3\u03bd\u03c9\u03c3\u03c4\u03ae \u03c3\u03c4\u03bf\u03bd \u03c4\u03bf\u03bc\u03ad\u03b1 \u03c4\u03b7\u03c2 \u03ba\u03bf\u03bd\u03c3\u03b5\u03c1\u03b2\u03bf\u03c0\u03bf\u03af\u03b7\u03c3\u03b7\u03c2, \u03c0\u03c1\u03bf\u03c3\u03c6\u03ad\u03c1\u03bf\u03bd\u03c4\u03b1\u03c2 \u03bc\u03b9\u03b1 \u03c3\u03c0\u03b9\u03c4\u03b9\u03ba\u03ae \u03ba\u03b1\u03b9 \u03c6\u03c5\u03c3\u03b9\u03ba\u03ae \u03c0\u03b9\u03bd\u03b5\u03bb\u03b9\u03ac \u03c3\u03c4\u03b9\u03c2 \u03ba\u03b1\u03b8\u03b7\u03bc\u03b5\u03c1\u03b9\u03bd\u03ad\u03c2 \u03c3\u03b1\u03c2 \u03c0\u03b1\u03c1\u03b1\u03c3\u03ba\u03b5\u03c5\u03ad\u03c2.  <\/p>\n<p>\u0399\u03b4\u03b1\u03bd\u03b9\u03ba\u03cc \u03b3\u03b9\u03b1 \u03b1\u03b3\u03bf\u03c1\u03b1\u03c3\u03c4\u03ad\u03c2 \u03c0\u03bf\u03c5 \u03b5\u03ba\u03c4\u03b9\u03bc\u03bf\u03cd\u03bd \u03c4\u03b1 \u03c0\u03bf\u03b9\u03bf\u03c4\u03b9\u03ba\u03ac \u03c0\u03c1\u03bf\u03ca\u03cc\u03bd\u03c4\u03b1 \u03ba\u03b1\u03b9 \u03c4\u03b7\u03bd \u03c0\u03b1\u03c1\u03ac\u03b4\u03bf\u03c3\u03b7, \u03c4\u03bf <strong>sofrito A. I\u00f1igo<\/strong> \u03c4\u03b1\u03b9\u03c1\u03b9\u03ac\u03b6\u03b5\u03b9 \u03c3\u03b5 \u03ba\u03ac\u03b8\u03b5 \u03ba\u03bf\u03c5\u03b6\u03af\u03bd\u03b1 \u03c0\u03bf\u03c5 \u03b1\u03bd\u03b1\u03b6\u03b7\u03c4\u03ac \u03c4\u03b7\u03bd \u03c0\u03c1\u03b1\u03ba\u03c4\u03b9\u03ba\u03cc\u03c4\u03b7\u03c4\u03b1 \u03c7\u03c9\u03c1\u03af\u03c2 \u03bd\u03b1 \u03b8\u03c5\u03c3\u03b9\u03ac\u03b6\u03b5\u03b9 \u03c4\u03b7 \u03b3\u03b5\u03cd\u03c3\u03b7. \u039c\u03b5 \u03ba\u03ac\u03b8\u03b5 \u03b2\u03ac\u03b6\u03bf, \u03b5\u03be\u03bf\u03b9\u03ba\u03bf\u03bd\u03bf\u03bc\u03b5\u03af\u03c4\u03b5 \u03c7\u03c1\u03cc\u03bd\u03bf \u03ba\u03b1\u03b9 \u03b5\u03be\u03b1\u03c3\u03c6\u03b1\u03bb\u03af\u03b6\u03b5\u03c4\u03b5 \u03ad\u03bd\u03b1 sofrito \u03c0\u03bf\u03c5 \u03b4\u03b9\u03b1\u03c4\u03b7\u03c1\u03b5\u03af \u03c4\u03b7 \u03c6\u03c1\u03b5\u03c3\u03ba\u03ac\u03b4\u03b1 \u03ba\u03b1\u03b9 \u03c4\u03b7\u03bd \u03b1\u03c5\u03b8\u03b5\u03bd\u03c4\u03b9\u03ba\u03ae \u03c4\u03bf\u03c5 \u03b3\u03b5\u03cd\u03c3\u03b7, \u03b9\u03b4\u03b1\u03bd\u03b9\u03ba\u03cc \u03c4\u03cc\u03c3\u03bf \u03b3\u03b9\u03b1 \u03b1\u03c0\u03bb\u03ac \u03cc\u03c3\u03bf \u03ba\u03b1\u03b9 \u03b3\u03b9\u03b1 \u03b3\u03ba\u03bf\u03c5\u03c1\u03bc\u03ad \u03c0\u03b9\u03ac\u03c4\u03b1. \u0393\u03b9\u03b1 \u03cc\u03c3\u03bf\u03c5\u03c2 \u03b5\u03be\u03b5\u03c1\u03b5\u03c5\u03bd\u03bf\u03cd\u03bd \u03c4\u03b1 \u03c7\u03b5\u03b9\u03c1\u03bf\u03c0\u03bf\u03af\u03b7\u03c4\u03b1 \u03c0\u03c1\u03bf\u03ca\u03cc\u03bd\u03c4\u03b1, \u03b5\u03c0\u03b9\u03c3\u03ba\u03b5\u03c6\u03b8\u03b5\u03af\u03c4\u03b5 \u03c4\u03b7\u03bd <a href=\"https:\/\/latiendadesami.com\/categoria-producto\/conservas\/\" target=\"_new\" rel=\"noopener noreferrer nofollow\" target=\"_blank\">\u03b5\u03bd\u03cc\u03c4\u03b7\u03c4\u03b1 \u03bc\u03b5 \u03c4\u03b9\u03c2 \u03ba\u03bf\u03bd\u03c3\u03ad\u03c1\u03b2\u03b5\u03c2 <\/a>\u03bc\u03b1\u03c2 \u03ba\u03b1\u03b9 \u03b2\u03c1\u03b5\u03af\u03c4\u03b5 \u03c4\u03bf\u03bd \u03c4\u03ad\u03bb\u03b5\u03b9\u03bf \u03c3\u03c5\u03bd\u03b4\u03c5\u03b1\u03c3\u03bc\u03cc \u03c5\u03bb\u03b9\u03ba\u03ce\u03bd \u03c0\u03bf\u03c5 \u03b1\u03bd\u03b1\u03b4\u03b5\u03b9\u03ba\u03bd\u03cd\u03b5\u03b9 \u03c4\u03bf \u03ba\u03b1\u03bb\u03cd\u03c4\u03b5\u03c1\u03bf \u03c3\u03c4\u03b7\u03bd \u03c0\u03b1\u03c1\u03b1\u03b4\u03bf\u03c3\u03b9\u03b1\u03ba\u03ae \u03ba\u03bf\u03c5\u03b6\u03af\u03bd\u03b1.  <\/p>\n<p>\u0393\u03b9\u03b1 \u03c0\u03b5\u03c1\u03b9\u03c3\u03c3\u03cc\u03c4\u03b5\u03c1\u03b7 \u03ad\u03bc\u03c0\u03bd\u03b5\u03c5\u03c3\u03b7 \u03c3\u03c7\u03b5\u03c4\u03b9\u03ba\u03ac \u03bc\u03b5 \u03c4\u03bf \u03c0\u03ce\u03c2 \u03bd\u03b1 \u03c7\u03c1\u03b7\u03c3\u03b9\u03bc\u03bf\u03c0\u03bf\u03b9\u03ae\u03c3\u03b5\u03c4\u03b5 <strong>\u03c4\u03bf sofrito A. I\u00f1igo<\/strong> \u03c3\u03c4\u03b9\u03c2 \u03c3\u03c5\u03bd\u03c4\u03b1\u03b3\u03ad\u03c2 \u03c3\u03b1\u03c2 \u03ba\u03b1\u03b9 \u03b3\u03b9\u03b1 \u03bd\u03b1 \u03bc\u03ac\u03b8\u03b5\u03c4\u03b5 \u03b3\u03b9\u03b1 \u03ac\u03bb\u03bb\u03b1 \u03c0\u03bf\u03b9\u03bf\u03c4\u03b9\u03ba\u03ac \u03c0\u03c1\u03bf\u03ca\u03cc\u03bd\u03c4\u03b1, \u03c3\u03c5\u03bc\u03b2\u03bf\u03c5\u03bb\u03b5\u03c5\u03c4\u03b5\u03af\u03c4\u03b5 \u03b9\u03c3\u03c4\u03cc\u03c4\u03bf\u03c0\u03bf\u03c5\u03c2 \u03b1\u03bd\u03b1\u03c6\u03bf\u03c1\u03ac\u03c2 \u03cc\u03c0\u03c9\u03c2 \u03b7 <a href=\"https:\/\/academiadegastronomia.org\" target=\"_new\" rel=\"noopener noreferrer nofollow\" target=\"_blank\">\u0399\u03c3\u03c0\u03b1\u03bd\u03b9\u03ba\u03ae \u0391\u03ba\u03b1\u03b4\u03b7\u03bc\u03af\u03b1 \u0393\u03b1\u03c3\u03c4\u03c1\u03bf\u03bd\u03bf\u03bc\u03af\u03b1\u03c2<\/a>.<\/p>\n<\/article>\n","protected":false},"excerpt":{"rendered":"<p>\u03a4\u03bf Sofrito A. I\u00f1igo \u03b5\u03af\u03bd\u03b1\u03b9 \u03bc\u03b9\u03b1 \u03c7\u03b5\u03b9\u03c1\u03bf\u03c0\u03bf\u03af\u03b7\u03c4\u03b7 \u03bc\u03b1\u03b3\u03b5\u03b9\u03c1\u03b9\u03ba\u03ae \u03b2\u03ac\u03c3\u03b7 \u03c0\u03bf\u03c5 \u03b5\u03bd\u03b9\u03c3\u03c7\u03cd\u03b5\u03b9 \u03ba\u03ac\u03b8\u03b5 \u03c3\u03c5\u03bd\u03c4\u03b1\u03b3\u03ae \u03bc\u03b5 \u03c6\u03c1\u03ad\u03c3\u03ba\u03b1 \u03ba\u03b1\u03b9 \u03c0\u03c1\u03bf\u03c3\u03b5\u03ba\u03c4\u03b9\u03ba\u03ac \u03b5\u03c0\u03b9\u03bb\u03b5\u03b3\u03bc\u03ad\u03bd\u03b1 \u03c3\u03c5\u03c3\u03c4\u03b1\u03c4\u03b9\u03ba\u03ac. \u0399\u03b4\u03b1\u03bd\u03b9\u03ba\u03cc \u03b3\u03b9\u03b1 \u03cc\u03c3\u03bf\u03c5\u03c2 \u03b1\u03bd\u03b1\u03b6\u03b7\u03c4\u03bf\u03cd\u03bd \u03c4\u03b7\u03bd \u03b1\u03c5\u03b8\u03b5\u03bd\u03c4\u03b9\u03ba\u03cc\u03c4\u03b7\u03c4\u03b1 \u03c3\u03b5 \u03ba\u03ac\u03b8\u03b5 \u03c0\u03b9\u03ac\u03c4\u03bf, \u03b1\u03c5\u03c4\u03cc \u03c4\u03bf sofrito, \u03c6\u03c4\u03b9\u03b1\u03b3\u03bc\u03ad\u03bd\u03bf \u03bc\u03b5 \u03ce\u03c1\u03b9\u03bc\u03b5\u03c2 \u03bd\u03c4\u03bf\u03bc\u03ac\u03c4\u03b5\u03c2, \u03ba\u03c1\u03b5\u03bc\u03bc\u03cd\u03b4\u03b9 \u03ba\u03b1\u03b9 \u03c3\u03ba\u03cc\u03c1\u03b4\u03bf, \u03b5\u03b3\u03b3\u03c5\u03ac\u03c4\u03b1\u03b9 \u03bc\u03b9\u03b1 \u03b9\u03c3\u03bf\u03c1\u03c1\u03bf\u03c0\u03b7\u03bc\u03ad\u03bd\u03b7 \u03b3\u03b5\u03cd\u03c3\u03b7 \u03c0\u03bf\u03c5 \u03b1\u03c0\u03bf\u03b3\u03b5\u03b9\u03ce\u03bd\u03b5\u03b9 \u03c4\u03b1 \u03b2\u03c1\u03b1\u03c3\u03c4\u03ac, \u03c4\u03b1 \u03c0\u03b9\u03ac\u03c4\u03b1 \u03c1\u03c5\u03b6\u03b9\u03bf\u03cd, \u03c4\u03b1 \u03b6\u03c5\u03bc\u03b1\u03c1\u03b9\u03ba\u03ac \u03ba\u03b1\u03b9 \u03c0\u03bf\u03bb\u03bb\u03ac \u03ac\u03bb\u03bb\u03b1. \u0397 [&hellip;]<\/p>\n","protected":false},"featured_media":40980,"template":"","meta":{"_et_pb_use_builder":"","_et_pb_old_content":"","_et_gb_content_width":""},"product_brand":[1461],"product_cat":[1952],"product_tag":[],"class_list":{"0":"post-40975","1":"product","2":"type-product","3":"status-publish","4":"has-post-thumbnail","6":"product_brand-a-inigo","7":"product_cat-1952","9":"first","10":"outofstock","11":"taxable","12":"shipping-taxable","13":"product-type-variable"},"_links":{"self":[{"href":"https:\/\/myspainfood.com\/el\/wp-json\/wp\/v2\/product\/40975","targetHints":{"allow":["GET"]}}],"collection":[{"href":"https:\/\/myspainfood.com\/el\/wp-json\/wp\/v2\/product"}],"about":[{"href":"https:\/\/myspainfood.com\/el\/wp-json\/wp\/v2\/types\/product"}],"wp:featuredmedia":[{"embeddable":true,"href":"https:\/\/myspainfood.com\/el\/wp-json\/wp\/v2\/media\/40980"}],"wp:attachment":[{"href":"https:\/\/myspainfood.com\/el\/wp-json\/wp\/v2\/media?parent=40975"}],"wp:term":[{"taxonomy":"product_brand","embeddable":true,"href":"https:\/\/myspainfood.com\/el\/wp-json\/wp\/v2\/product_brand?post=40975"},{"taxonomy":"product_cat","embeddable":true,"href":"https:\/\/myspainfood.com\/el\/wp-json\/wp\/v2\/product_cat?post=40975"},{"taxonomy":"product_tag","embeddable":true,"href":"https:\/\/myspainfood.com\/el\/wp-json\/wp\/v2\/product_tag?post=40975"}],"curies":[{"name":"wp","href":"https:\/\/api.w.org\/{rel}","templated":true}]}}