{"id":41016,"date":"2025-04-10T12:14:06","date_gmt":"2025-04-10T10:14:06","guid":{"rendered":"https:\/\/myspainfood.com\/producto\/%cf%84%cf%8c%ce%bd%ce%bf%cf%82-olympos-yellowfin-tuna-%cf%83%ce%b5-%cf%83%ce%ac%ce%bb%cf%84%cf%83%ce%b1-%cf%84%ce%bf%cf%85%cf%81%cf%83%ce%af-18-%ce%ba%ce%b9%ce%bb%ce%ac\/"},"modified":"2025-04-10T12:14:06","modified_gmt":"2025-04-10T10:14:06","slug":"%cf%84%cf%8c%ce%bd%ce%bf%cf%82-olympos-yellowfin-tuna-%cf%83%ce%b5-%cf%83%ce%ac%ce%bb%cf%84%cf%83%ce%b1-%cf%84%ce%bf%cf%85%cf%81%cf%83%ce%af-18-%ce%ba%ce%b9%ce%bb%ce%ac","status":"publish","type":"product","link":"https:\/\/myspainfood.com\/el\/producto\/%cf%84%cf%8c%ce%bd%ce%bf%cf%82-olympos-yellowfin-tuna-%cf%83%ce%b5-%cf%83%ce%ac%ce%bb%cf%84%cf%83%ce%b1-%cf%84%ce%bf%cf%85%cf%81%cf%83%ce%af-18-%ce%ba%ce%b9%ce%bb%ce%ac\/","title":{"rendered":"\u03a4\u03cc\u03bd\u03bf\u03c2 Olympos Yellowfin Tuna \u03c3\u03b5 \u03c3\u03ac\u03bb\u03c4\u03c3\u03b1 \u03c4\u03bf\u03c5\u03c1\u03c3\u03af 1,8 \u03ba\u03b9\u03bb\u03ac"},"content":{"rendered":"<article class=\"4ever-article\" data-clipboard-cangjie=\"[\"root\",{\"copyFrom\":33891801},[\"p\",{\"jc\":\"left\",\"ind\":{},\"spacing\":{}},[\"span\",{\"data-type\":\"text\"},[\"span\",{\"data-type\":\"leaf\"},\"Descubre la excelencia del \"],[\"span\",{\"bold\":true,\"data-type\":\"leaf\"},\"At\u00fan Claro en Escabeche Olympos\"],[\"span\",{\"data-type\":\"leaf\"},\", una delicia gourmet que eleva tus comidas cotidianas. Seleccionado cuidadosamente y preparado con los m\u00e1s altos est\u00e1ndares de calidad, este at\u00fan claro ofrece un sabor aut\u00e9ntico y una textura suave que deleitar\u00e1 a tu paladar.\"]]],[\"p\",{\"jc\":\"left\",\"ind\":{},\"spacing\":{}},[\"span\",{\"data-type\":\"text\"},[\"span\",{\"data-type\":\"leaf\"},\"\"]]],[\"p\",{\"jc\":\"left\",\"ind\":{},\"spacing\":{}},[\"span\",{\"data-type\":\"text\"},[\"span\",{\"bold\":true,\"data-type\":\"leaf\"},\"Beneficios:\"]]],[\"p\",{\"list\":{\"listId\":\"ca7ejz8ee1c\",\"isOrdered\":false,\"level\":0},\"jc\":\"left\",\"spacing\":{}},[\"span\",{\"data-type\":\"text\"},[\"span\",{\"bold\":true,\"data-type\":\"leaf\"},\"F\u00e1cil de Usar:\"],[\"span\",{\"data-type\":\"leaf\"},\" Abre la lata y disfruta de su delicioso sabor directamente o como ingrediente principal en tus recetas favoritas.\"]]],[\"p\",{\"list\":{\"listId\":\"ca7ejz8ee1c\",\"isOrdered\":false,\"level\":0},\"jc\":\"left\",\"spacing\":{}},[\"span\",{\"data-type\":\"text\"},[\"span\",{\"bold\":true,\"data-type\":\"leaf\"},\"Saludable:\"],[\"span\",{\"data-type\":\"leaf\"},\" Bajo en grasas saturadas y libre de conservantes artificiales, es una opci\u00f3n nutritiva para toda la familia.\"]]],[\"p\",{\"list\":{\"listId\":\"ca7ejz8ee1c\",\"isOrdered\":false,\"level\":0},\"jc\":\"left\",\"spacing\":{}},[\"span\",{\"data-type\":\"text\"},[\"span\",{\"bold\":true,\"data-type\":\"leaf\"},\"Sabor Aut\u00e9ntico:\"],[\"span\",{\"data-type\":\"leaf\"},\" La preparaci\u00f3n en escabeche realza el sabor natural del at\u00fan, ofreci\u00e9ndote una experiencia gastron\u00f3mica \u00fanica.\"]]],[\"p\",{\"jc\":\"left\",\"ind\":{},\"spacing\":{}},[\"span\",{\"data-type\":\"text\"},[\"span\",{\"data-type\":\"leaf\"},\"\"]]],[\"p\",{\"jc\":\"left\",\"ind\":{},\"spacing\":{}},[\"span\",{\"data-type\":\"text\"},[\"span\",{\"bold\":true,\"data-type\":\"leaf\"},\"Recomendaciones de Uso:\"]]],[\"p\",{\"list\":{\"listId\":\"wuep2lhyiif\",\"isOrdered\":false,\"level\":0},\"jc\":\"left\",\"spacing\":{}},[\"span\",{\"data-type\":\"text\"},[\"span\",{\"bold\":true,\"data-type\":\"leaf\"},\"Ensaladas:\"],[\"span\",{\"data-type\":\"leaf\"},\" Comb\u00ednalo con vegetales frescos y un aderezo ligero para una ensalada nutritiva.\"]]],[\"p\",{\"list\":{\"listId\":\"wuep2lhyiif\",\"isOrdered\":false,\"level\":0},\"jc\":\"left\",\"spacing\":{}},[\"span\",{\"data-type\":\"text\"},[\"span\",{\"bold\":true,\"data-type\":\"leaf\"},\"Tapas:\"],[\"span\",{\"data-type\":\"leaf\"},\" \u00dasalo como ingrediente principal en tapas espa\u00f1olas, junto con pimientos, aceitunas y pan crujiente.\"]]],[\"p\",{\"list\":{\"listId\":\"wuep2lhyiif\",\"isOrdered\":false,\"level\":0},\"jc\":\"left\",\"spacing\":{}},[\"span\",{\"data-type\":\"text\"},[\"span\",{\"bold\":true,\"data-type\":\"leaf\"},\"Platos Principales:\"],[\"span\",{\"data-type\":\"leaf\"},\" A\u00f1\u00e1delo a pastas, arroces o guisos para un plato principal lleno de sabor y nutrientes.\"]]],[\"p\",{\"jc\":\"left\",\"ind\":{},\"spacing\":{}},[\"span\",{\"data-type\":\"text\"},[\"span\",{\"data-type\":\"leaf\"},\"\"]]],[\"p\",{\"jc\":\"left\",\"ind\":{},\"spacing\":{}},[\"span\",{\"data-type\":\"text\"},[\"span\",{\"bold\":true,\"data-type\":\"leaf\"},\"Conservaci\u00f3n:\"]]],[\"p\",{\"list\":{\"listId\":\"x5ptcu8sy7j\",\"isOrdered\":false,\"level\":0},\"jc\":\"left\",\"spacing\":{}},[\"span\",{\"data-type\":\"text\"},[\"span\",{\"data-type\":\"leaf\"},\"Almacenar en un lugar fresco y seco.\"]]],[\"p\",{\"list\":{\"listId\":\"x5ptcu8sy7j\",\"isOrdered\":false,\"level\":0},\"jc\":\"left\",\"spacing\":{}},[\"span\",{\"data-type\":\"text\"},[\"span\",{\"data-type\":\"leaf\"},\"Una vez abierto, mantener refrigerado y consumir en los pr\u00f3ximos 2 d\u00edas.\"]]]]\">\u0391\u03bd\u03b1\u03ba\u03b1\u03bb\u03cd\u03c8\u03c4\u03b5 \u03c4\u03b7\u03bd \u03c5\u03c0\u03b5\u03c1\u03bf\u03c7\u03ae \u03c4\u03bf\u03c5 Olympos Pickled Yellowfin Tuna, \u03bc\u03b9\u03b1 \u03b3\u03ba\u03bf\u03c5\u03c1\u03bc\u03ad \u03b1\u03c0\u03cc\u03bb\u03b1\u03c5\u03c3\u03b7 \u03c0\u03bf\u03c5 \u03b1\u03c0\u03bf\u03b3\u03b5\u03b9\u03ce\u03bd\u03b5\u03b9 \u03c4\u03b1 \u03ba\u03b1\u03b8\u03b7\u03bc\u03b5\u03c1\u03b9\u03bd\u03ac \u03c3\u03b1\u03c2 \u03b3\u03b5\u03cd\u03bc\u03b1\u03c4\u03b1. \u03a0\u03c1\u03bf\u03c3\u03b5\u03ba\u03c4\u03b9\u03ba\u03ac \u03b5\u03c0\u03b9\u03bb\u03b5\u03b3\u03bc\u03ad\u03bd\u03bf\u03c2 \u03ba\u03b1\u03b9 \u03c0\u03b1\u03c1\u03b1\u03c3\u03ba\u03b5\u03c5\u03b1\u03c3\u03bc\u03ad\u03bd\u03bf\u03c2 \u03c3\u03cd\u03bc\u03c6\u03c9\u03bd\u03b1 \u03bc\u03b5 \u03c4\u03b1 \u03c5\u03c8\u03b7\u03bb\u03cc\u03c4\u03b5\u03c1\u03b1 \u03c0\u03c1\u03cc\u03c4\u03c5\u03c0\u03b1 \u03c0\u03bf\u03b9\u03cc\u03c4\u03b7\u03c4\u03b1\u03c2, \u03b1\u03c5\u03c4\u03cc\u03c2 \u03bf \u03b5\u03bb\u03b1\u03c6\u03c1\u03cd\u03c2 \u03c4\u03cc\u03bd\u03bf\u03c2 \u03c0\u03c1\u03bf\u03c3\u03c6\u03ad\u03c1\u03b5\u03b9 \u03b1\u03c5\u03b8\u03b5\u03bd\u03c4\u03b9\u03ba\u03ae \u03b3\u03b5\u03cd\u03c3\u03b7 \u03ba\u03b1\u03b9 \u03b1\u03c0\u03b1\u03bb\u03ae \u03c5\u03c6\u03ae \u03c0\u03bf\u03c5 \u03b8\u03b1 \u03b5\u03bd\u03b8\u03bf\u03c5\u03c3\u03b9\u03ac\u03c3\u03b5\u03b9 \u03c4\u03bf\u03bd \u03bf\u03c5\u03c1\u03b1\u03bd\u03af\u03c3\u03ba\u03bf \u03c3\u03b1\u03c2: <\/p>\n<ul>\n<li>\n<div>\u0395\u03cd\u03ba\u03bf\u03bb\u03bf \u03c3\u03c4\u03b7 \u03c7\u03c1\u03ae\u03c3\u03b7: \u0391\u03bd\u03bf\u03af\u03be\u03c4\u03b5 \u03c4\u03bf \u03ba\u03bf\u03c5\u03c4\u03af \u03ba\u03b1\u03b9 \u03b1\u03c0\u03bf\u03bb\u03b1\u03cd\u03c3\u03c4\u03b5 \u03c4\u03b7 \u03bd\u03cc\u03c3\u03c4\u03b9\u03bc\u03b7 \u03b3\u03b5\u03cd\u03c3\u03b7 \u03b1\u03c0\u03b5\u03c5\u03b8\u03b5\u03af\u03b1\u03c2 \u03ae \u03c9\u03c2 \u03ba\u03cd\u03c1\u03b9\u03bf \u03c3\u03c5\u03c3\u03c4\u03b1\u03c4\u03b9\u03ba\u03cc \u03c3\u03c4\u03b9\u03c2 \u03b1\u03b3\u03b1\u03c0\u03b7\u03bc\u03ad\u03bd\u03b5\u03c2 \u03c3\u03b1\u03c2 \u03c3\u03c5\u03bd\u03c4\u03b1\u03b3\u03ad\u03c2.<\/div>\n<\/li>\n<li>\n<div>\u03a5\u03b3\u03b9\u03b5\u03b9\u03bd\u03ae: \u03a7\u03b1\u03bc\u03b7\u03bb\u03ae \u03c0\u03b5\u03c1\u03b9\u03b5\u03ba\u03c4\u03b9\u03ba\u03cc\u03c4\u03b7\u03c4\u03b1 \u03c3\u03b5 \u03ba\u03bf\u03c1\u03b5\u03c3\u03bc\u03ad\u03bd\u03b1 \u03bb\u03b9\u03c0\u03b1\u03c1\u03ac \u03ba\u03b1\u03b9 \u03c7\u03c9\u03c1\u03af\u03c2 \u03c4\u03b5\u03c7\u03bd\u03b7\u03c4\u03ac \u03c3\u03c5\u03bd\u03c4\u03b7\u03c1\u03b7\u03c4\u03b9\u03ba\u03ac, \u03b1\u03c0\u03bf\u03c4\u03b5\u03bb\u03b5\u03af \u03bc\u03b9\u03b1 \u03b8\u03c1\u03b5\u03c0\u03c4\u03b9\u03ba\u03ae \u03b5\u03c0\u03b9\u03bb\u03bf\u03b3\u03ae \u03b3\u03b9\u03b1 \u03cc\u03bb\u03b7 \u03c4\u03b7\u03bd \u03bf\u03b9\u03ba\u03bf\u03b3\u03ad\u03bd\u03b5\u03b9\u03b1.<\/div>\n<\/li>\n<li>\n<div>\u0391\u03c5\u03b8\u03b5\u03bd\u03c4\u03b9\u03ba\u03ae \u03b3\u03b5\u03cd\u03c3\u03b7: \u0397 \u03c0\u03c1\u03bf\u03b5\u03c4\u03bf\u03b9\u03bc\u03b1\u03c3\u03af\u03b1 \u03bc\u03b5 \u03c4\u03bf\u03c5\u03c1\u03c3\u03af \u03b5\u03bd\u03b9\u03c3\u03c7\u03cd\u03b5\u03b9 \u03c4\u03b7 \u03c6\u03c5\u03c3\u03b9\u03ba\u03ae \u03b3\u03b5\u03cd\u03c3\u03b7 \u03c4\u03bf\u03c5 \u03c4\u03cc\u03bd\u03bf\u03c5, \u03c0\u03c1\u03bf\u03c3\u03c6\u03ad\u03c1\u03bf\u03bd\u03c4\u03ac\u03c2 \u03c3\u03b1\u03c2 \u03bc\u03b9\u03b1 \u03bc\u03bf\u03bd\u03b1\u03b4\u03b9\u03ba\u03ae \u03b3\u03b1\u03c3\u03c4\u03c1\u03bf\u03bd\u03bf\u03bc\u03b9\u03ba\u03ae \u03b5\u03bc\u03c0\u03b5\u03b9\u03c1\u03af\u03b1.<\/div>\n<\/li>\n<\/ul>\n<p>&nbsp;<\/p>\n<p>\u03a3\u03c5\u03c3\u03c4\u03ac\u03c3\u03b5\u03b9\u03c2 \u03c7\u03c1\u03ae\u03c3\u03b7\u03c2:<\/p>\n<ul>\n<li>\n<div>\u03a3\u03b1\u03bb\u03ac\u03c4\u03b5\u03c2: \u03a3\u03c5\u03bd\u03b4\u03c5\u03ac\u03c3\u03c4\u03b5 \u03bc\u03b5 \u03c6\u03c1\u03ad\u03c3\u03ba\u03b1 \u03bb\u03b1\u03c7\u03b1\u03bd\u03b9\u03ba\u03ac \u03ba\u03b1\u03b9 \u03ad\u03bd\u03b1 \u03b5\u03bb\u03b1\u03c6\u03c1\u03cd \u03bd\u03c4\u03c1\u03ad\u03c3\u03b9\u03bd\u03b3\u03ba \u03b3\u03b9\u03b1 \u03bc\u03b9\u03b1 \u03b8\u03c1\u03b5\u03c0\u03c4\u03b9\u03ba\u03ae \u03c3\u03b1\u03bb\u03ac\u03c4\u03b1.<\/div>\n<\/li>\n<li>\n<div>\u03a4\u03ac\u03c0\u03b1\u03c2: \u03a7\u03c1\u03b7\u03c3\u03b9\u03bc\u03bf\u03c0\u03bf\u03b9\u03ae\u03c3\u03c4\u03b5 \u03c4\u03bf \u03c9\u03c2 \u03ba\u03cd\u03c1\u03b9\u03bf \u03c3\u03c5\u03c3\u03c4\u03b1\u03c4\u03b9\u03ba\u03cc \u03c3\u03c4\u03b1 \u03b9\u03c3\u03c0\u03b1\u03bd\u03b9\u03ba\u03ac \u03c4\u03ac\u03c0\u03b1\u03c2, \u03bc\u03b1\u03b6\u03af \u03bc\u03b5 \u03c0\u03b9\u03c0\u03b5\u03c1\u03b9\u03ad\u03c2, \u03b5\u03bb\u03b9\u03ad\u03c2 \u03ba\u03b1\u03b9 \u03c4\u03c1\u03b1\u03b3\u03b1\u03bd\u03cc \u03c8\u03c9\u03bc\u03af.<\/div>\n<\/li>\n<li>\n<div>\u039a\u03cd\u03c1\u03b9\u03b1 \u03c0\u03b9\u03ac\u03c4\u03b1: \u03a0\u03c1\u03bf\u03c3\u03b8\u03ad\u03c3\u03c4\u03b5 \u03c4\u03bf \u03c3\u03b5 \u03b6\u03c5\u03bc\u03b1\u03c1\u03b9\u03ba\u03ac, \u03c1\u03cd\u03b6\u03b9 \u03ae \u03b2\u03c1\u03b1\u03c3\u03c4\u03ac \u03c0\u03b9\u03ac\u03c4\u03b1 \u03b3\u03b9\u03b1 \u03ad\u03bd\u03b1 \u03ba\u03cd\u03c1\u03b9\u03bf \u03c0\u03b9\u03ac\u03c4\u03bf \u03b3\u03b5\u03bc\u03ac\u03c4\u03bf \u03b3\u03b5\u03cd\u03c3\u03b7 \u03ba\u03b1\u03b9 \u03b8\u03c1\u03b5\u03c0\u03c4\u03b9\u03ba\u03ac \u03c3\u03c5\u03c3\u03c4\u03b1\u03c4\u03b9\u03ba\u03ac.<\/div>\n<\/li>\n<\/ul>\n<p>&nbsp;<\/p>\n<p>\u0394\u03b9\u03b1\u03c4\u03ae\u03c1\u03b7\u03c3\u03b7:<\/p>\n<ul>\n<li>\n<div>\u03a6\u03c5\u03bb\u03ac\u03c3\u03c3\u03b5\u03c4\u03b1\u03b9 \u03c3\u03b5 \u03b4\u03c1\u03bf\u03c3\u03b5\u03c1\u03cc \u03ba\u03b1\u03b9 \u03be\u03b7\u03c1\u03cc \u03bc\u03ad\u03c1\u03bf\u03c2.<\/div>\n<\/li>\n<li>\n<div>\u039c\u03cc\u03bb\u03b9\u03c2 \u03b1\u03bd\u03bf\u03af\u03be\u03b5\u03c4\u03b5, \u03b4\u03b9\u03b1\u03c4\u03b7\u03c1\u03ae\u03c3\u03c4\u03b5 \u03c4\u03bf \u03c3\u03c4\u03bf \u03c8\u03c5\u03b3\u03b5\u03af\u03bf \u03ba\u03b1\u03b9 \u03ba\u03b1\u03c4\u03b1\u03bd\u03b1\u03bb\u03ce\u03c3\u03c4\u03b5 \u03c4\u03bf \u03b5\u03bd\u03c4\u03cc\u03c2 2 \u03b7\u03bc\u03b5\u03c1\u03ce\u03bd.<\/div>\n<\/li>\n<\/ul>\n<\/article>\n","protected":false},"excerpt":{"rendered":"<p>\u0391\u03bd\u03b1\u03ba\u03b1\u03bb\u03cd\u03c8\u03c4\u03b5 \u03c4\u03b7\u03bd \u03c5\u03c0\u03b5\u03c1\u03bf\u03c7\u03ae \u03c4\u03bf\u03c5 Olympos Pickled Yellowfin Tuna, \u03bc\u03b9\u03b1 \u03b3\u03ba\u03bf\u03c5\u03c1\u03bc\u03ad \u03b1\u03c0\u03cc\u03bb\u03b1\u03c5\u03c3\u03b7 \u03c0\u03bf\u03c5 \u03b1\u03c0\u03bf\u03b3\u03b5\u03b9\u03ce\u03bd\u03b5\u03b9 \u03c4\u03b1 \u03ba\u03b1\u03b8\u03b7\u03bc\u03b5\u03c1\u03b9\u03bd\u03ac \u03c3\u03b1\u03c2 \u03b3\u03b5\u03cd\u03bc\u03b1\u03c4\u03b1. \u03a0\u03c1\u03bf\u03c3\u03b5\u03ba\u03c4\u03b9\u03ba\u03ac \u03b5\u03c0\u03b9\u03bb\u03b5\u03b3\u03bc\u03ad\u03bd\u03bf\u03c2 \u03ba\u03b1\u03b9 \u03c0\u03b1\u03c1\u03b1\u03c3\u03ba\u03b5\u03c5\u03b1\u03c3\u03bc\u03ad\u03bd\u03bf\u03c2 \u03c3\u03cd\u03bc\u03c6\u03c9\u03bd\u03b1 \u03bc\u03b5 \u03c4\u03b1 \u03c5\u03c8\u03b7\u03bb\u03cc\u03c4\u03b5\u03c1\u03b1 \u03c0\u03c1\u03cc\u03c4\u03c5\u03c0\u03b1 \u03c0\u03bf\u03b9\u03cc\u03c4\u03b7\u03c4\u03b1\u03c2, \u03b1\u03c5\u03c4\u03cc\u03c2 \u03bf \u03b5\u03bb\u03b1\u03c6\u03c1\u03cd\u03c2 \u03c4\u03cc\u03bd\u03bf\u03c2 \u03c0\u03c1\u03bf\u03c3\u03c6\u03ad\u03c1\u03b5\u03b9 \u03b1\u03c5\u03b8\u03b5\u03bd\u03c4\u03b9\u03ba\u03ae \u03b3\u03b5\u03cd\u03c3\u03b7 \u03ba\u03b1\u03b9 \u03b1\u03c0\u03b1\u03bb\u03ae \u03c5\u03c6\u03ae \u03c0\u03bf\u03c5 \u03b8\u03b1 \u03b5\u03bd\u03b8\u03bf\u03c5\u03c3\u03b9\u03ac\u03c3\u03b5\u03b9 \u03c4\u03bf\u03bd \u03bf\u03c5\u03c1\u03b1\u03bd\u03af\u03c3\u03ba\u03bf \u03c3\u03b1\u03c2: \u0395\u03cd\u03ba\u03bf\u03bb\u03bf \u03c3\u03c4\u03b7 \u03c7\u03c1\u03ae\u03c3\u03b7: \u0391\u03bd\u03bf\u03af\u03be\u03c4\u03b5 \u03c4\u03bf \u03ba\u03bf\u03c5\u03c4\u03af \u03ba\u03b1\u03b9 \u03b1\u03c0\u03bf\u03bb\u03b1\u03cd\u03c3\u03c4\u03b5 \u03c4\u03b7 \u03bd\u03cc\u03c3\u03c4\u03b9\u03bc\u03b7 \u03b3\u03b5\u03cd\u03c3\u03b7 \u03b1\u03c0\u03b5\u03c5\u03b8\u03b5\u03af\u03b1\u03c2 [&hellip;]<\/p>\n","protected":false},"featured_media":41022,"template":"","meta":{"_et_pb_use_builder":"","_et_pb_old_content":"","_et_gb_content_width":""},"product_brand":[1248],"product_cat":[1952,4236],"product_tag":[],"class_list":{"0":"post-41016","1":"product","2":"type-product","3":"status-publish","4":"has-post-thumbnail","6":"product_brand-olympos","7":"product_cat-1952","8":"product_cat-4236","10":"first","11":"outofstock","12":"taxable","13":"shipping-taxable","14":"product-type-variable"},"_links":{"self":[{"href":"https:\/\/myspainfood.com\/el\/wp-json\/wp\/v2\/product\/41016","targetHints":{"allow":["GET"]}}],"collection":[{"href":"https:\/\/myspainfood.com\/el\/wp-json\/wp\/v2\/product"}],"about":[{"href":"https:\/\/myspainfood.com\/el\/wp-json\/wp\/v2\/types\/product"}],"wp:featuredmedia":[{"embeddable":true,"href":"https:\/\/myspainfood.com\/el\/wp-json\/wp\/v2\/media\/41022"}],"wp:attachment":[{"href":"https:\/\/myspainfood.com\/el\/wp-json\/wp\/v2\/media?parent=41016"}],"wp:term":[{"taxonomy":"product_brand","embeddable":true,"href":"https:\/\/myspainfood.com\/el\/wp-json\/wp\/v2\/product_brand?post=41016"},{"taxonomy":"product_cat","embeddable":true,"href":"https:\/\/myspainfood.com\/el\/wp-json\/wp\/v2\/product_cat?post=41016"},{"taxonomy":"product_tag","embeddable":true,"href":"https:\/\/myspainfood.com\/el\/wp-json\/wp\/v2\/product_tag?post=41016"}],"curies":[{"name":"wp","href":"https:\/\/api.w.org\/{rel}","templated":true}]}}