{"id":46569,"date":"2025-04-10T12:06:06","date_gmt":"2025-04-10T10:06:06","guid":{"rendered":"https:\/\/myspainfood.com\/producto\/chunks-of-ventresca-900gr\/"},"modified":"2025-04-10T12:06:06","modified_gmt":"2025-04-10T10:06:06","slug":"chunks-of-ventresca-900gr","status":"publish","type":"product","link":"https:\/\/myspainfood.com\/en\/producto\/chunks-of-ventresca-900gr\/","title":{"rendered":"Chunks of Ventresca 900gr"},"content":{"rendered":"<p>The Ventresca Chunks 900gr are a natural product elaborated in an <a href=\"http:\/\/www.conservasoti.es\/paginas\/historia.html\" target=\"_blank\" rel=\"noopener noreferrer nofollow\">artisan<\/a> way.<\/p>\n<p>Store in a cool, dry place.<\/p>\n<p>Once opened, transfer to a suitable container and store in the refrigerator covered by the covering liquid for a maximum of 48 hours.<\/p>\n<p>Conservas Oti is a company with a family tradition whose good work has been passed on from generation to generation.<\/p>\n<p>The family&#8217;s hard work and effort has largely allowed <span class=\"negrita\">Conservas Oti<\/span> to grow and expand.<\/p>\n<p>The main business areas are From the Sea, From the Land and From the Farm.<\/p>\n<p>From the sea we highlight: Mussels, Ventresca, Sardines, Melva&#8230; Chunks of Ventresca 900gr<\/p>\n<p>From the land: Milky Chickpea, White Kidney Bean, Pinta Bean, Pardina Lentil&#8230;<\/p>\n<p>From the farm: Pure Sheep Cheese, Acorn-fed Ib\u00e9rico Ham, Acorn-fed Ib\u00e9rico Salchich\u00f3n, Acorn-fed Ib\u00e9rico Chorizo&#8230;<\/p>\n<h4>Main benefits of canned food<\/h4>\n<ol>\n<li>They preserve all the nutritional properties of the food itself. Food retains its freshness. <\/li>\n<li>The foods used are healthy so they are suitable for an optimal diet thanks to their high number of vitamins and proteins.<\/li>\n<li>These products have a longer shelf life (2 to 5 years is typical).<\/li>\n<li>The preserves are very easy to store as their packaging allows them to be applied.<\/li>\n<\/ol>\n<p>If you want to buy tuna or any other type of <a href=\"https:\/\/latiendadesami.com\/categoria-producto\/conservas\/\" rel=\"noopener noreferrer nofollow\" target=\"_blank\">canned food<\/a>, do not hesitate to take a look at our online catalog to see the wide variety of <a href=\"https:\/\/latiendadesami.com\/categoria-producto\/conservas\/atun-y-bonito\/\" target=\"_blank\" rel=\"noopener noreferrer nofollow\">tuna<\/a> we have.<\/p>\n<p>Write to us for more information.<\/p>\n","protected":false},"excerpt":{"rendered":"<p>The Ventresca Chunks 900gr are a natural product elaborated in an artisan way. Store in a cool, dry place. Once opened, transfer to a suitable container and store in the refrigerator covered by the covering liquid for a maximum of 48 hours. Conservas Oti is a company with a family tradition whose good work has [&hellip;]<\/p>\n","protected":false},"featured_media":8170,"template":"","meta":{"_et_pb_use_builder":"","_et_pb_old_content":"","_et_gb_content_width":""},"product_brand":[1075],"product_cat":[1924,4309,3439],"product_tag":[],"class_list":{"0":"post-46569","1":"product","2":"type-product","3":"status-publish","4":"has-post-thumbnail","6":"product_brand-oti","7":"product_cat-canned-food","8":"product_cat-tuna-and-bonito","9":"product_cat-ventresca-en","11":"first","12":"outofstock","13":"taxable","14":"shipping-taxable","15":"purchasable","16":"product-type-simple"},"_links":{"self":[{"href":"https:\/\/myspainfood.com\/en\/wp-json\/wp\/v2\/product\/46569","targetHints":{"allow":["GET"]}}],"collection":[{"href":"https:\/\/myspainfood.com\/en\/wp-json\/wp\/v2\/product"}],"about":[{"href":"https:\/\/myspainfood.com\/en\/wp-json\/wp\/v2\/types\/product"}],"wp:featuredmedia":[{"embeddable":true,"href":"https:\/\/myspainfood.com\/en\/wp-json\/wp\/v2\/media\/8170"}],"wp:attachment":[{"href":"https:\/\/myspainfood.com\/en\/wp-json\/wp\/v2\/media?parent=46569"}],"wp:term":[{"taxonomy":"product_brand","embeddable":true,"href":"https:\/\/myspainfood.com\/en\/wp-json\/wp\/v2\/product_brand?post=46569"},{"taxonomy":"product_cat","embeddable":true,"href":"https:\/\/myspainfood.com\/en\/wp-json\/wp\/v2\/product_cat?post=46569"},{"taxonomy":"product_tag","embeddable":true,"href":"https:\/\/myspainfood.com\/en\/wp-json\/wp\/v2\/product_tag?post=46569"}],"curies":[{"name":"wp","href":"https:\/\/api.w.org\/{rel}","templated":true}]}}