{"id":49188,"date":"2025-04-10T12:10:00","date_gmt":"2025-04-10T10:10:00","guid":{"rendered":"https:\/\/myspainfood.com\/producto\/alino-de-mi-pueblo-olives-chicon-900-grams-pack-6-units\/"},"modified":"2025-04-10T12:10:00","modified_gmt":"2025-04-10T10:10:00","slug":"alino-de-mi-pueblo-olives-chicon-900-grams-pack-6-units","status":"publish","type":"product","link":"https:\/\/myspainfood.com\/en\/producto\/alino-de-mi-pueblo-olives-chicon-900-grams-pack-6-units\/","title":{"rendered":"Ali\u00f1o de mi pueblo olives Chic\u00f3n 900 grams pack 6 units"},"content":{"rendered":"<p>The &#8220;Ali\u00f1o de mi Pueblo&#8221; manzanilla <strong>seasoned olives<\/strong> are <a href=\"https:\/\/aceitunaschiconlebron.com\/catalogo-productos\/comprar-aceitunas\/deshuesadas\/\" target=\"_blank\" rel=\"noopener noreferrer nofollow\">pitted olives<\/a> seasoned with the best ingredients using an artisan recipe.<\/p>\n<p>The use of natural spices and temperature control are the secret to achieve the special flavor of these olives.<\/p>\n<p>Ali\u00f1o de mi pueblo olives are soft and the juicy flesh gives them an unmistakable flavor.<\/p>\n<p>Soaked in brine and treated to reduce their acidity, the homemade <a href=\"https:\/\/latiendadesami.com\/categoria-producto\/encurtidos\/\" target=\"_blank\" rel=\"noopener noreferrer nofollow\">pickled<\/a> olives are present in many terraces and restaurants.<\/p>\n<h3>Benefits of the Ali\u00f1o de mi Pueblo Olives<\/h3>\n<p>Did you know the multiple benefits of these <strong>olives<\/strong>? They have a high power to prevent heart and circulatory diseases in general. <\/p>\n<p>This is due to its high content of unsaturated fats. In addition, it is a food that contains a lot of iron and fiber and is highly satiating, making it a perfect appetizer. <\/p>\n<p>If you want to buy olives or any other type of <a href=\"https:\/\/latiendadesami.com\/categoria-producto\/encurtidos\/\" rel=\"noopener noreferrer nofollow\" target=\"_blank\">pickle<\/a>, don&#8217;t hesitate to take a look at our entire online catalog to see the wide variety of <a href=\"https:\/\/latiendadesami.com\/categoria-producto\/encurtidos\/aceitunas\/\" target=\"_blank\" rel=\"noopener noreferrer nofollow\">olives<\/a> we have.<\/p>\n","protected":false},"excerpt":{"rendered":"<p>The &#8220;Ali\u00f1o de mi Pueblo&#8221; manzanilla seasoned olives are pitted olives seasoned with the best ingredients using an artisan recipe. The use of natural spices and temperature control are the secret to achieve the special flavor of these olives. Ali\u00f1o de mi pueblo olives are soft and the juicy flesh gives them an unmistakable flavor. [&hellip;]<\/p>\n","protected":false},"featured_media":12310,"template":"","meta":{"_et_pb_use_builder":"","_et_pb_old_content":"","_et_gb_content_width":""},"product_brand":[1036],"product_cat":[3157,3028],"product_tag":[9937],"class_list":{"0":"post-49188","1":"product","2":"type-product","3":"status-publish","4":"has-post-thumbnail","6":"product_brand-chicon","7":"product_cat-pickles-en","8":"product_cat-wholesale","9":"product_tag-town","11":"first","12":"instock","13":"taxable","14":"shipping-taxable","15":"purchasable","16":"product-type-variable"},"_links":{"self":[{"href":"https:\/\/myspainfood.com\/en\/wp-json\/wp\/v2\/product\/49188","targetHints":{"allow":["GET"]}}],"collection":[{"href":"https:\/\/myspainfood.com\/en\/wp-json\/wp\/v2\/product"}],"about":[{"href":"https:\/\/myspainfood.com\/en\/wp-json\/wp\/v2\/types\/product"}],"wp:featuredmedia":[{"embeddable":true,"href":"https:\/\/myspainfood.com\/en\/wp-json\/wp\/v2\/media\/12310"}],"wp:attachment":[{"href":"https:\/\/myspainfood.com\/en\/wp-json\/wp\/v2\/media?parent=49188"}],"wp:term":[{"taxonomy":"product_brand","embeddable":true,"href":"https:\/\/myspainfood.com\/en\/wp-json\/wp\/v2\/product_brand?post=49188"},{"taxonomy":"product_cat","embeddable":true,"href":"https:\/\/myspainfood.com\/en\/wp-json\/wp\/v2\/product_cat?post=49188"},{"taxonomy":"product_tag","embeddable":true,"href":"https:\/\/myspainfood.com\/en\/wp-json\/wp\/v2\/product_tag?post=49188"}],"curies":[{"name":"wp","href":"https:\/\/api.w.org\/{rel}","templated":true}]}}