{"id":18516,"date":"2025-04-08T08:43:07","date_gmt":"2025-04-08T06:43:07","guid":{"rendered":"https:\/\/myspainfood.com\/privaatsuspoliitika\/"},"modified":"2025-05-08T09:59:20","modified_gmt":"2025-05-08T07:59:20","slug":"privaatsuspoliitika","status":"publish","type":"page","link":"https:\/\/myspainfood.com\/et\/privaatsuspoliitika\/","title":{"rendered":"Privaatsuspoliitika"},"content":{"rendered":"\n<p>Tere tulemast veebilehele https:\/\/myspainfood.com (&#8220;Sait&#8221;). Me m\u00f5istame, et privaatsus internetis on meie veebilehe kasutajate jaoks oluline, eriti \u00e4ritehingute tegemisel. K\u00e4esolev avaldus reguleerib meie privaatsuspoliitikat nende saidi kasutajate (&#8220;K\u00fclastajad&#8221;) suhtes, kes k\u00fclastavad saiti ilma \u00e4ritehinguteta, ja nende k\u00fclastajate suhtes, kes registreeruvad saidil \u00e4ritehingute tegemiseks ja kasutavad erinevaid teenuseid, mida pakub SUMINISTROS HOSTELEROS, S. L. (\u00fchiselt &#8220;Teenused&#8221;) (&#8220;Volitatud kliendid&#8221;).  <\/p>\n\n<p><strong>&#8220;Isiklikult tuvastatav teave<\/strong><\/p>\n\n<p>t\u00e4hendab mis tahes teavet, mis v\u00f5imaldab tuvastada v\u00f5i mille abil saab tuvastada, v\u00f5tta \u00fchendust v\u00f5i leida isiku, kelle kohta selline teave k\u00e4ib, sealhulgas, kuid mitte ainult, nimi, aadress, telefoninumber, faksinumber, e-posti aadress, finantsprofiilid, sotsiaalkindlustusnumber ja krediitkaardiandmed. Isikuandmeid ei k\u00e4sitleta anon\u00fc\u00fcmselt (s.t. ilma kasutaja isiku tuvastamiseta) kogutud teabe v\u00f5i demograafilise teabe all, mis ei ole seotud tuvastatud isikuga. <\/p>\n\n<p><strong>Milliseid isikuandmeid kogutakse?<\/strong><\/p>\n\n<p>Me v\u00f5ime koguda kasutajate p\u00f5hiprofiili andmeid k\u00f5igilt meie k\u00fclastajatelt. Autoriseeritud klientidelt kogume j\u00e4rgmist lisateavet: autoriseeritud klientide nimed, aadressid, telefoninumbrid ja e-posti aadressid, ettev\u00f5tte laad ja suurus ning reklaamiinventari laad ja suurus, mida autoriseeritud klient kavatseb osta v\u00f5i m\u00fc\u00fca. <\/p>\n\n<p><strong>Millised organisatsioonid koguvad teavet?<\/strong><\/p>\n\n<p>Lisaks meie otsesele andmete kogumisele v\u00f5ivad meie kolmandatest isikutest teenusepakkujad (n\u00e4iteks krediitkaardiettev\u00f5tted, arvelduskeskused ja pangad), kes v\u00f5ivad pakkuda selliseid teenuseid nagu krediidi-, kindlustus- ja depoosideteenused, koguda neid andmeid meie k\u00fclastajatelt ja volitatud klientidelt. Me ei kontrolli, kuidas need kolmandad osapooled sellist teavet kasutavad, kuid palume neil avalikustada, kuidas nad kasutavad k\u00fclastajate ja volitatud klientide poolt neile esitatud isikuandmeid. M\u00f5ned neist kolmandatest isikutest v\u00f5ivad olla vahendajad, kes tegutsevad \u00fcksnes l\u00fclidena levitamisahelas ning ei salvesta, s\u00e4ilita ega kasuta neile edastatud teavet.  <\/p>\n\n<p><strong>Kuidas kasutab veebisait isikuandmeid?<\/strong><\/p>\n\n<p>Kasutame isikuandmeid veebilehe isikup\u00e4rastamiseks, asjakohaste teenuste pakkumiseks ning veebilehe ostu- ja m\u00fc\u00fcgitaotluste t\u00e4itmiseks. Me v\u00f5ime saata k\u00fclastajatele ja volitatud klientidele e-kirju, mis k\u00e4sitlevad veebilehe uurimis- v\u00f5i ostu- ja m\u00fc\u00fcgiv\u00f5imalusi v\u00f5i veebilehe teemaga seotud teavet. Me v\u00f5ime kasutada isikuandmeid ka selleks, et v\u00f5tta \u00fchendust k\u00fclastajate ja volitatud klientidega vastuseks konkreetsetele p\u00e4ringutele v\u00f5i anda soovitud teavet.  <\/p>\n\n<p><strong>Kellega v\u00f5ib teavet jagada?<\/strong><\/p>\n\n<p>Volitatud klientide isikuandmeid v\u00f5idakse jagada teiste volitatud klientidega, kes soovivad hinnata v\u00f5imalikke tehinguid teiste volitatud klientidega. Me v\u00f5ime jagada koondandmeid meie k\u00fclastajate kohta, sealhulgas meie k\u00fclastajate ja volitatud klientide demograafilisi andmeid, meie sidusasutuste ja kolmandate osapoolte m\u00fc\u00fcjatega. Pakume ka v\u00f5imalust loobuda teabe saamisest v\u00f5i sellest, et meie v\u00f5i meie nimel tegutsevad agentuurid v\u00f5taksid meiega \u00fchendust.  <\/p>\n\n<p><strong>Kuidas s\u00e4ilitatakse isikuandmeid?<\/strong><\/p>\n\n<p>SUMINISTROS HOSTELEROS, S. L. poolt kogutud isikuandmeid hoitakse turvaliselt ja need ei ole k\u00e4ttesaadavad kolmandatele isikutele ega SUMINISTROS HOSTELEROS, S. L. t\u00f6\u00f6tajatele, v\u00e4lja arvatud eespool nimetatud otstarbel.<\/p>\n\n<p><strong>Millised on k\u00fclastajate valikuv\u00f5imalused seoses teabe kogumise, kasutamise ja levitamisega?<\/strong><\/p>\n\n<p>K\u00fclastajad ja volitatud kliendid v\u00f5ivad loobuda soovimatu teabe saamisest v\u00f5i meie ja\/v\u00f5i meie tarnijate ja sidusettev\u00f5tete kontakteerimisest, vastates e-kirjadele vastavalt juhistele v\u00f5i v\u00f5ttes meiega \u00fchendust aadressil<\/p>\n\n<p><strong>Kas veebilehel kasutatakse k\u00fcpsiseid?<\/strong><\/p>\n\n<p>K\u00fcpsiseid kasutatakse mitmel p\u00f5hjusel. Me kasutame k\u00fcpsiseid, et saada teavet meie k\u00fclastajate eelistuste ja valitud teenuste kohta. Samuti kasutame k\u00fcpsiseid turvalisuse eesm\u00e4rgil, et kaitsta meie volitatud kliente. N\u00e4iteks kui volitatud klient on sisse logitud ja saiti ei kasutata \u00fcle 10 minuti, logime volitatud kliendi automaatselt v\u00e4lja.   <\/p>\n\n<p><strong>Kuidas kasutab SUMINISTROS HOSTELEROS, S. L. juurdep\u00e4\u00e4suandmeid?<\/strong><\/p>\n\n<p>SUMINISTROS HOSTELEROS, S. L. kasutab juurdep\u00e4\u00e4suandmeid, sealhulgas, kuid mitte ainult, IP-aadresse, internetiteenuse pakkujaid ja brauserit\u00fc\u00fcpe, et anal\u00fc\u00fcsida suundumusi, hallata saiti, j\u00e4lgida kasutaja liikumist ja kasutamist ning koguda laiaulatuslikku demograafilist teavet.<\/p>\n\n<p><strong>Millistel partneritel v\u00f5i teenusepakkujatel on juurdep\u00e4\u00e4s veebilehe k\u00fclastajate ja\/v\u00f5i volitatud klientide isikuandmetele?<\/strong><\/p>\n\n<p>SUMINISTROS HOSTELEROS, S. L. on s\u00f5lminud ja s\u00f5lmib ka edaspidi koost\u00f6\u00f6lepinguid ja muid sidemeid mitmete tarnijatega, kellel v\u00f5ib olla juurdep\u00e4\u00e4s teatud isikuandmetele, et hinnata volitatud klientide sobivust teenuse kasutamiseks. Meie privaatsuspoliitika ei h\u00f5lma nende andmete kogumist ega kasutamist. Isikuandmete avalikustamine seaduse j\u00e4rgimiseks. Me avalikustame isikuandmeid, et t\u00e4ita kohtum\u00e4\u00e4rust v\u00f5i kohtukutset v\u00f5i \u00f5iguskaitseorgani n\u00f5uet teabe avalikustamiseks. Avaldame isikuandmeid ka siis, kui see on m\u00f5istlikult vajalik meie k\u00fclastajate ja volitatud klientide turvalisuse ja julgeoleku kaitsmiseks.    <\/p>\n\n<p><strong>Kuidas sait kaitseb isikuandmeid?<\/strong><\/p>\n\n<p>K\u00f5ik meie t\u00f6\u00f6tajad on teadlikud meie turvapoliitikast ja -tavadest. Meie k\u00fclastajate ja volitatud klientide isikuandmed on k\u00e4ttesaadavad ainult piiratud arvule kvalifitseeritud t\u00f6\u00f6tajatele, kellele on antud juurdep\u00e4\u00e4suks parool. Me viime oma turvas\u00fcsteeme ja -protsesse korrap\u00e4raselt l\u00e4bi. Tundlikku teavet, n\u00e4iteks krediitkaardi v\u00f5i sotsiaalkindlustuse numbreid, kaitstakse kr\u00fcpteerimisprotokollide abil, mis on loodud Interneti teel saadetava teabe kaitsmiseks. Kuigi me v\u00f5tame majanduslikult m\u00f5istlikke meetmeid, et s\u00e4ilitada turvaline veebisait, v\u00f5ivad elektroonilises sides ja andmebaasides esineda vead, v\u00f5ltsingud ja sissemurdmised ning me ei saa garanteerida ega tagada, et selliseid s\u00fcndmusi ei juhtu, ning me ei vastuta k\u00fclastajate v\u00f5i volitatud klientide ees selliste s\u00fcndmuste eest.    <\/p>\n\n<p><strong>Kuidas saavad k\u00fclastajad parandada ebat\u00e4psusi isikuandmetes?<\/strong><\/p>\n\n<p>K\u00fclastajad ja volitatud kliendid v\u00f5ivad meiega \u00fchendust v\u00f5tta, et ajakohastada oma isikuandmeid v\u00f5i parandada ebat\u00e4psusi, kirjutades meile e-posti aadressil hola@myspainfood.com.<\/p>\n\n<p><strong>Kas k\u00fclastaja saab kustutada v\u00f5i deaktiveerida saidi poolt kogutud isikuandmeid?<\/strong><\/p>\n\n<p>Pakume k\u00fclastajatele ja volitatud klientidele mehhanismi, mille abil saab eemaldada\/deaktiveerida isiklikke andmeid saidi andmebaasist, v\u00f5ttes \u00fchendust . Kuid varukoopiate ja kustutuste registreerimise t\u00f5ttu v\u00f5ib olla v\u00f5imatu kustutada K\u00fclastaja sissekannet, ilma et j\u00e4\u00e4ks alles mingisugune j\u00e4\u00e4kteave. Kui \u00fcksikisik taotleb oma isiklike andmete deaktiveerimist, kustutatakse need funktsionaalselt ning me ei m\u00fc\u00fc, edasta ega kasuta tulevikus mingil viisil selle \u00fcksikisikuga seotud isiklikke andmeid.  <\/p>\n\n<p><strong>Mis juhtub, kui privaatsuspoliitika muutub?<\/strong><\/p>\n\n<p>Me teavitame oma k\u00fclastajaid ja volitatud kliente meie privaatsuspoliitika muudatustest, avaldades need muudatused saidil. Kui me siiski muudame oma privaatsuspoliitikat viisil, mis v\u00f5ib p\u00f5hjustada selliste isiklike andmete avalikustamist, mille avalikustamist k\u00fclastaja v\u00f5i volitatud klient on eelnevalt taotlenud, v\u00f5tame k\u00fclastajaga v\u00f5i volitatud kliendiga \u00fchendust, et v\u00f5imaldada k\u00fclastajal v\u00f5i volitatud kliendil sellist avalikustamist v\u00e4ltida. <\/p>\n\n<p><strong>Tagastamispoliitika?<\/strong><\/p>\n\n<p>Taganemis\u00f5iguse kasutamise korral ei kehti meie toodete tagastamise j\u00e4rgmised tingimused. Toodete tagastamist v\u00f5i vahetamist aktsepteeritakse ainult tootmisvea, transpordikahjustuse v\u00f5i tarnevigade korral. Igal juhul ei tohi toote k\u00e4ttesaamisest olla m\u00f6\u00f6dunud rohkem kui 14 p\u00e4eva ning pakend ja tarvikud peavad olema kaasas. Eelnevalt tuleb kontrollida, et tegemist on tootmis- v\u00f5i pakendivigade v\u00f5i k\u00f5rvalekalletega ning et need ei ole tingitud eba\u00f5igest v\u00f5i hooletust kasutamisest, k\u00e4sitsemisest v\u00f5i ladustamisest. Neile peab alati olema lisatud vastav saateleht v\u00f5i arve. Nii tootmis- v\u00f5i pakendivea t\u00f5ttu tagastamise kui ka tellimuse vea korral pakutakse TELLIJA-le v\u00f5imaluse korral selle asendamist teise alternatiiviga ilma lisakuludeta ja ilma, et TELLIJA-l oleks \u00f5igust mis tahes liiki h\u00fcvitisele. MySpainFood vastutab tellimuse saatmisega seotud kulude eest. Igal juhul peab MySpainFood alati eelnevalt kontrollima tagastatava toote seisukorda ja kontrollima, kas k\u00e4esolevate m\u00fc\u00fcgitingimuste n\u00f5uded on t\u00e4idetud. P\u00e4rast tagastuse saamist ja vajaduse korral tagastame makstud summa maksimaalselt 30 p\u00e4eva jooksul ja samadel tingimustel, mida kasutati makse tegemisel. MySpainFood j\u00e4tab endale \u00f5iguse keelduda tagastustest, mis on edastatud v\u00f5i saadetud p\u00e4rast t\u00e4htaega, v\u00f5i toodetest, mis ei ole samas seisukorras, milles need on vastu v\u00f5etud. Tagastuste haldamiseks tuleb saata e-kiri aadressile info@latiendadesami.com koos p\u00f5hjenduste kirjelduse ja tagastamise p\u00f5hjustega. Samuti tuleb m\u00e4rkida ees- ja perekonnanimi ning tellimuse viitenumber. Kui taotlus on laekunud, menetleme seda \u00f5igeaegselt.            <\/p>\n\n<p><strong>Lingid:<\/strong><\/p>\n\n<p>https:\/\/myspainfood.com sisaldab linke teistele veebisaitidele. Pange t\u00e4hele, et kui te kl\u00f5psate \u00fchel neist linkidest, liigute teisele veebisaidile. Soovitame teil lugeda nende lingitud veebisaitide privaatsusavaldusi, kuna nende privaatsuspoliitikad v\u00f5ivad erineda meie omadest.  <\/p>\n","protected":false},"excerpt":{"rendered":"<p>Tere tulemast veebilehele https:\/\/myspainfood.com (&#8220;Sait&#8221;). Me m\u00f5istame, et privaatsus internetis on meie veebilehe kasutajate jaoks oluline, eriti \u00e4ritehingute tegemisel. K\u00e4esolev avaldus reguleerib meie privaatsuspoliitikat nende saidi kasutajate (&#8220;K\u00fclastajad&#8221;) suhtes, kes k\u00fclastavad saiti ilma \u00e4ritehinguteta, ja nende k\u00fclastajate suhtes, kes registreeruvad saidil \u00e4ritehingute tegemiseks ja kasutavad erinevaid teenuseid, mida pakub SUMINISTROS HOSTELEROS, S. L. (\u00fchiselt &#8220;Teenused&#8221;) [&hellip;]<\/p>\n","protected":false},"author":1,"featured_media":0,"parent":0,"menu_order":0,"comment_status":"closed","ping_status":"closed","template":"","meta":{"_et_pb_use_builder":"","_et_pb_old_content":"","_et_gb_content_width":"","footnotes":""},"class_list":["post-18516","page","type-page","status-publish","hentry"],"_links":{"self":[{"href":"https:\/\/myspainfood.com\/et\/wp-json\/wp\/v2\/pages\/18516","targetHints":{"allow":["GET"]}}],"collection":[{"href":"https:\/\/myspainfood.com\/et\/wp-json\/wp\/v2\/pages"}],"about":[{"href":"https:\/\/myspainfood.com\/et\/wp-json\/wp\/v2\/types\/page"}],"author":[{"embeddable":true,"href":"https:\/\/myspainfood.com\/et\/wp-json\/wp\/v2\/users\/1"}],"replies":[{"embeddable":true,"href":"https:\/\/myspainfood.com\/et\/wp-json\/wp\/v2\/comments?post=18516"}],"version-history":[{"count":1,"href":"https:\/\/myspainfood.com\/et\/wp-json\/wp\/v2\/pages\/18516\/revisions"}],"predecessor-version":[{"id":18518,"href":"https:\/\/myspainfood.com\/et\/wp-json\/wp\/v2\/pages\/18516\/revisions\/18518"}],"wp:attachment":[{"href":"https:\/\/myspainfood.com\/et\/wp-json\/wp\/v2\/media?parent=18516"}],"curies":[{"name":"wp","href":"https:\/\/api.w.org\/{rel}","templated":true}]}}