{"id":18583,"date":"2025-04-10T15:12:12","date_gmt":"2025-04-10T13:12:12","guid":{"rendered":"https:\/\/myspainfood.com\/ostmine-tagastamine-ja-saatmine\/"},"modified":"2025-05-08T09:59:49","modified_gmt":"2025-05-08T07:59:49","slug":"ostmine-tagastamine-ja-saatmine","status":"publish","type":"page","link":"https:\/\/myspainfood.com\/et\/ostmine-tagastamine-ja-saatmine\/","title":{"rendered":"Ostmine, tagastamine ja saatmine"},"content":{"rendered":"\n<p>K\u00e4esolev leping reguleerib SAMI SUMINISTROS HOSTELEROS, S. L. (edaspidi MY SPAIN FOOD), mille NIF B84614064 ja aadress on c\/ Luis i 60, sotano, nave 27. 28031 Madrid, Hispaania, erinevate toodete ja teenuste ostmise \u00fcldtingimusi. Madrid, Hispaania.<br\/>Kui KLIENT l\u00f5petab registreerimisprotsessi ja ostab m\u00f5ne meie toote, n\u00f5ustub ta selges\u00f5naliselt allpool toodud tingimustega, samuti meie veebilehe juurdep\u00e4\u00e4su ja kasutamise tingimustega ning selle privaatsuspoliitikaga, mis on k\u00e4ttesaadav lingi Privacy Policy kaudu.<br\/>KLIENT tunnistab, et on piisavalt \u00f5igusv\u00f5imeline, et s\u00f5lmida lepinguline kohustus.<br\/>K\u00e4esolev leping on p\u00fcsivalt k\u00e4ttesaadav meie veebilehe juriidilistes teadetes.  <\/p>\n\n<p>HINNAD JA MAKSUD<br\/>Ostetud toote eest n\u00f5ustub KASUTAJA selges\u00f5naliselt maksma MY SPAIN FOODile ostu ajal veebilehel https:\/\/www.myspainfood.es valitud toodete eest kehtestatud hinnakirjas toodud summad.<br\/>Sellel veebilehel pakutavate toodete suhtes kohaldatakse riiklikku tarbimismaksu, mis on iga toote kohta esitatud hindadesse SISALDATUD.<br\/>Transpordikulud EI OLE toodete hinna sees.<br\/>Kui toodete valik on l\u00f5petatud ja enne tellimuse kinnitamist ning enne selle eest tasumist ilmub ekraanile ostu l\u00f5plik hind, mis sisaldab vajadusel makse, k\u00e4itlemis-, pakkimis- ja saatmiskulusid, mis kajastuvad ostu sooritamise ajal tellimuse vormil ja arvel.<br\/>K\u00f5ik, mida kirjelduses ei ole lisatud, ei ole lisatud.<\/p>\n\n<p>2. OSTUSPROTSEDUUR<br\/>Selle veebilehe kaudu saavad tellimusi esitada ainult \u00fcle 14-aastased (ilma alkoholita) ja \u00fcle 18-aastased (alkoholiga) isikud ning ettev\u00f5tted.<br\/>K\u00f5ik meie tooted on veebilehel eraldi v\u00e4lja toodud. Ostu sooritamise ja haldamise kord on veebilehel m\u00e4rgitud ja tuleb j\u00e4rgida j\u00e4rgmisi samme:<br\/>a. Valige toode, mida soovite osta.<br\/>b. Kui olete toote valinud, saate selle lisada ostukorvi ja valida, kas soovite j\u00e4tkata ostu sooritamist v\u00f5i tellimuse t\u00f6\u00f6tlemist.<br\/>c. Tellimuse t\u00f6\u00f6tlemiseks peate t\u00e4itma vormi oma isikuandmetega, et vormistada ostuprotseduur.<br\/>d. Seej\u00e4rel kontrollitakse tellimus, kus valitud esemed esitatakse \u00fckshaaval \u00fcksikasjalikult ja arvutatakse koguhind.<br\/>e. Samuti tuleb m\u00e4rkida ostu arveldus- ja tarneaadressid. Arve- ja tarneaadressi saab m\u00e4rkida \u00fche aadressi.<br\/>f. Kui protsess on l\u00f5pule viidud, peate m\u00e4rkima ruudukese, millega kinnitate, et olete lugenud ja n\u00f5ustute m\u00fc\u00fcgitingimustega.<br\/>g. Veebisait esitab teile maksemehhanismid, mis s\u00f5ltuvad iga kord valitud s\u00fcsteemist.<br\/>h. Kui makseandmed on sisestatud, peate kinnitama tellimuse, kl\u00f5psates nupule &#8220;Osta&#8221;.<br\/>i. Kui nuppu &#8220;Osta&#8221; on vajutatud, on makse sooritatud ja tooted on teie k\u00e4sutuses.<br\/>TELLIJAID teavitatakse, et veebilehel olevate toodete fotod ja kirjeldused on pakutavate toodete ja teenuste ligikaudne kujutis ning v\u00f5ivad seet\u00f5ttu erineda originaalist. K\u00e4esoleva veebisaidi kaudu pakutavate toodete kirjeldused ja illustratsioonid on \u00fcksnes informatiivsed.          <\/p>\n\n<p>3. SAADAVUS JA L\u00c4HETAMINE<br\/>MY SPAIN FOODi pakutavad tooted on saadaval ainult Hispaania mandriosas.<br\/>Tellimused t\u00f6\u00f6deldakse p\u00e4rast makse n\u00f5uetekohast laekumist. MY SPAIN FOODi pakutavad tooted on alati k\u00e4ttesaadavad, mis on iga toote puhul eraldi m\u00e4rgitud meie veebisaidil, nii et juhul, kui m\u00f5ni toode ei ole saadaval, teavitatakse klienti n\u00f5uetekohaselt selle puudumisest. Tavaolukorras on k\u00f5ik meie veebisaidil esitatud tooted saadaval, et neid saaks tarnida m\u00e4rgitud aja jooksul. Juhul kui p\u00e4rast tellimuse esitamist ei ole tellija poolt tellitud toodet enam saadaval, teavitatakse sellest klienti n\u00f5uetekohaselt ning talle pakutakse alternatiivset toodet, millel on sarnased omadused ning mis on sama hinnaga ja sama kvaliteediga. Kui TELLIJA ei ole siiski huvitatud pakutava alternatiivse toote vastuv\u00f5tmisest, tagastab MY SPAIN FOOD juba makstud summa ja teavitab TELLIjat tagasimaksmise menetlustest ja t\u00e4htaegadest. \u00dcldreeglina on maksimaalne tarneaeg koju 5-10 p\u00e4eva alates ostu sooritamisest ja alates hetkest, mil oleme kinnitanud teie makse, t\u00f6\u00f6deldes tellimusi, mis on saadud enne kella 14:00 samal p\u00e4eval ja alati t\u00f6\u00f6p\u00e4evadel Madridi (HISPAANIA) linnas. Need tarneajad on ligikaudsed ja ei ole mingil juhul MY SPAIN FOODi jaoks siduvad. Tarned toimuvad t\u00f6\u00f6p\u00e4evadel (esmasp\u00e4evast reedeni). Ostetud toote koju toimetab vedaja koos saatekirjaga tellimuse vormil m\u00e4rgitud aadressile, millele klient peab alla kirjutama k\u00e4ttesaamist t\u00f5endava dokumendina. Samuti teavitatakse TELLIJAT n\u00f5uetekohaselt, kui mis tahes p\u00f5hjusel tekib m\u00f5ni vahejuhtum v\u00f5i tarne hilinemine. Kui tarne ei ole v\u00f5imalik m\u00e4rgitud aadressil kohale toimetada saaja puudumise t\u00f5ttu, v\u00f5tab vedaja otse \u00fchendust TELLIJAGA, et leppida kokku kas tarneaeg v\u00f5i paki k\u00e4ttesaamine vastavast filiaalist v\u00f5i igal juhul teatada, milliseid samme tuleb j\u00e4rgida toodete k\u00e4ttesaamiseks.<br\/>Kui tellimus ei ole p\u00e4rast t\u00e4htaja m\u00f6\u00f6dumist k\u00e4tte saadud, saadetakse see tagasi meie ladudesse ja saadetakse e-kiri, milles teatatakse, kuidas tarne l\u00f5puks teostatakse. Viimasel juhul kannab saatmiskulud TELLIJA. Samuti on v\u00f5imalus tellimus poest k\u00e4tte saada; kui KASUTAJA valib selle v\u00f5imaluse, valmistatakse tellimus ette, kui makse on tehtud. Kui tellimus on valmis, saab TELLIJA 24-48 tunni jooksul p\u00e4rast tellimuse kinnitamist e-kirja, milles teavitatakse teda sellest, et tellimus on valmis k\u00e4ttesaamiseks, ning \u00fclej\u00e4\u00e4nud asjakohast teavet. Kui TELLIJA valib selle tarneviisi, ei teki tal mingeid transpordi- v\u00f5i veokulusid. Kui TELLIJA, kes on valinud tellimuse k\u00e4ttesaamise kauplusest ja p\u00e4rast e-kirja saatmist, milles teatatakse, et tellimus on k\u00e4ttesaamiseks valmis, ei tule 48-72 tunni jooksul, s\u00f5ltuvalt tellimuse laadist (kergesti riknevate f\u00fc\u00fcsiliste toodete puhul), kaotab TELLIJA k\u00f5ik \u00f5igused tehtud ostu suhtes. Kui tooted ei ole seda laadi, on kauplusest k\u00e4ttesaamise t\u00e4htaeg 7 p\u00e4eva ja k\u00e4ttesaamatuse korral v\u00f5tame TELLIJaga \u00fchendust, et tellimus l\u00f5plikult k\u00e4tte toimetada.                 Selleks, et olla alati kursis oma ostu haldamisega, saadetakse teile e-posti teel teade tellimuse ja makse kinnituse kohta. TELLIJA saab oma tellimuse staatust kontrollida ka e-posti aadressil hola@myspainfood.com. <\/p>\n\n<p>4. MAKSMINE JA MAKSETINGIMUSED<br\/>J\u00e4rgmised makseviisid on lubatud:<br\/>- Krediit- ja deebetkaart. Tehing toimub otse\u00fchenduse kaudu Stripe&#8217;iga. <br\/>- GOOGLE PAY. Tehing toimub, \u00fchendudes otse Stripe&#8217;iga. <br\/>- APPLE PAY. Tehing toimub, \u00fchendudes otse Stripe&#8217;iga. <br\/>- Paypal. Otsene \u00fchendus Paypaliga. <br\/>- Panga\u00fclekanne. Makstes ostu kogusumma n\u00e4idatud arvelduskontole. Kui makse on tehtud, saate kinnituse e-kirja.<br\/>MY SPAIN FOOD ei p\u00e4\u00e4se ligi teie krediitkaardi andmetele. K\u00f5ik meie makses\u00fcsteemid on t\u00e4iesti turvalised. Maksed toimuvad enne toote tarnimist v\u00f5i teenuse osutamist, mist\u00f5ttu MY SPAIN FOOD ei paku soovitud toodet enne, kui makse on laekunud. MY SPAIN FOOD j\u00e4tab endale \u00f5iguse ajutiselt v\u00f5i j\u00e4\u00e4davalt t\u00fchistada osutatud teenused, kui makse on toimunud. KLIENTI teavitatakse, et kaardimaksete puhul on toimingute eest vastutavaks isikuks kasutatud krediit- v\u00f5i deebetkaardi omanik.      <\/p>\n\n<p>5. ARVED<br\/>Saate ostukviitungi e-posti teel ostu sooritamise ajal. Kui soovite saada arvet, peate v\u00f5tma \u00fchendust klienditeenindusega (hola@myspainfood.com), et esitada meile vajalikud maksuandmed. KLIENT vastutab teatiste k\u00e4ttesaamise kinnitamise ja oma andmete muutumisest teavitamise eest, kusjuures LA MY SPAIN FOOD on vabastatud igasugusest vastutusest, mis sellest asjaolust tuleneb.  <\/p>\n\n<p>6. GARANTII<br\/>Me p\u00fc\u00fcame MY SPAIN FOODis pakkuda k\u00f5rgeima kvaliteediga teenuseid, kuigi arvestades nende (kergesti riknevate toodete) olemust, pakume enamusele meie toodetele rahulolugarantiid. Juhul, kui te mingil p\u00f5hjusel ei saa toodet v\u00f5i teenust \u00f5igesti k\u00e4tte, peaksite meid v\u00f5imalikult kiiresti teavitama, m\u00e4rkides juhtumit, ja me p\u00fc\u00fcame, kui viga on t\u00f5endatud, selle v\u00f5imalikult kiiresti parandada.<br\/>K\u00f5ik meie mittelagunevad tooted kuuluvad kvaliteedikontrolli alla ja neile antakse 2 aasta jooksul alates ostukuup\u00e4evast v\u00f5i, kui see ei ole v\u00f5imalik, siis alates kehtivusaja l\u00f5ppemisest, garantii tootmisvigade vastu. Garantii h\u00f5lmab k\u00f5iki tootmis-, disaini- v\u00f5i materjalivigu, kuid mittevastavusest tuleb teatada 14 p\u00e4eva jooksul p\u00e4rast sellest teadasaamist. Garantii h\u00f5lmab ainult defektseid tooteid. Garantii ei h\u00f5lma l\u00f6\u00f6ke, eba\u00f5iget kasutamist ega muid juhtumeid, mis ei ole tingitud tarnija puudusest v\u00f5i toote defektist. Garantiiperioodi jooksul v\u00f5ib TELLIJA toote tagastada ja me parandame v\u00f5i asendame selle. TELLIJA EI KASUTA garantii raames tagastamisel tekkivaid transpordikulusid. Garantiidokument on ostuarve.       <\/p>\n\n<p>7. TAGASTUS<br\/>Taganemis\u00f5iguse kasutamise korral ei kehti j\u00e4rgmised meie toodete tagastamise tingimused. Toodete tagastamist v\u00f5i vahetamist aktsepteeritakse ainult tootmisvea, transpordikahjustuse v\u00f5i tarnevigade korral. Igal juhul ei tohi toote k\u00e4ttesaamisest olla m\u00f6\u00f6dunud rohkem kui 14 p\u00e4eva ning pakend ja tarvikud peavad olema kaasas. Eelnevalt tuleb kontrollida, et tegemist on tootmis- v\u00f5i pakendivigade v\u00f5i k\u00f5rvalekalletega ning et need ei ole tingitud eba\u00f5igest v\u00f5i hooletust kasutamisest, k\u00e4sitsemisest v\u00f5i ladustamisest. Neile peab alati olema lisatud vastav saateleht v\u00f5i arve. Nii tootmis- v\u00f5i pakendivea t\u00f5ttu tagastamise kui ka tellimuse vea korral pakutakse TELLIJA-le v\u00f5imaluse korral selle asendamist teise alternatiiviga ilma lisakuludeta ja ilma, et TELLIJA-l oleks \u00f5igust mis tahes liiki h\u00fcvitisele. Tellimuse saatmisega seotud kulud kannab MY SPAIN FOOD. Igal juhul peab MY SPAIN FOOD tagastamisel alati eelnevalt kontrollima tagastatava toote seisukorda ja kontrollima, kas see vastab k\u00e4esolevate m\u00fc\u00fcgitingimuste n\u00f5uetele. P\u00e4rast tagastuse k\u00e4ttesaamist ja vajaduse korral tagastame makstud summa maksimaalselt 30 p\u00e4eva jooksul ja samade t\u00e4htaegade jooksul, mida kasutati makse tegemiseks. MY SPAIN FOOD j\u00e4tab endale \u00f5iguse keelduda tagastustest, mis on edastatud v\u00f5i saadetud p\u00e4rast t\u00e4htaega, v\u00f5i toodetest, mis ei ole samas seisukorras, milles need on vastu v\u00f5etud. Tagastuste haldamiseks saadetakse e-kiri aadressile hola@myspainfood.es koos p\u00f5hjenduste kirjelduse ja tagastamise p\u00f5hjustega. Samuti tuleb m\u00e4rkida ees- ja perekonnanimi ning tellimuse viitenumber. Kui taotlus on laekunud, menetleme seda \u00f5igeaegselt.            <\/p>\n\n<p>8. Taganemis\u00f5igus<br\/>Arvestades toote laadi (kergesti riknev toode) ja selle s\u00e4ilitamistingimusi ning vastavalt 16. novembri kuningliku dekreedi 1\/2007 artikli 103 punktidele d ja e tarbijate ja kasutajate kaitsmise kohta, ei kohaldata k\u00e4esoleva lepingu suhtes taganemis\u00f5igust. Mis tahes toote puhul, mida ei peeta kergesti riknevaks (artikkel 103 punkt d) ja tingimusel, et see ei ole pitseerimata (artikkel 103 punkt e), on teil \u00f5igus k\u00e4esolevast lepingust taganeda 14 kalendrip\u00e4eva jooksul ilma p\u00f5hjendusi esitamata. Taganemisperiood l\u00f5peb 14 kalendrip\u00e4eva p\u00e4rast lepingu s\u00f5lmimise p\u00e4eva. Taganemis\u00f5iguse kasutamiseks peate teatama meile aadressil MY SPAIN FOOD c\/ Luis I 60, s\u00f3tano, nave 27 , 28031, Madrid, Hispaania e-post: hola@myspainfood.com, oma otsusest lepingust taganeda \u00fcheselt m\u00f5istetava avaldusega (nt posti, faksi v\u00f5i e-posti teel saadetud kiri). V\u00f5ite kasutada allpool esitatud taganemisvormi n\u00e4idist, kuigi selle kasutamine ei ole kohustuslik. Taganemisavalduse n\u00e4idis Vormile MY SPAIN FOOD c\/ Luis I 60, s\u00f3tano, nave 27 MADRID (28031) Hispaania hola@myspainfood.com Teatan k\u00e4esolevaga, et taganenin j\u00e4rgmiste kaupade m\u00fc\u00fcgilepingust: Saadud\/tellitud: Tarbija nimi: Tarbija allkiri Kuup\u00e4ev Taganemisperioodi j\u00e4rgimiseks piisab, kui teade selle \u00f5iguse kasutamise kohta saadetakse enne taganemisperioodi l\u00f5ppemist.     <br\/>Taganemise tagaj\u00e4rjed:<br\/>Kui te taganete, tagastame teile k\u00f5ik teie poolt saadud maksed viivitamata ja igal juhul hiljemalt 14 kalendrip\u00e4eva jooksul alates kuup\u00e4evast, mil meid teavitatakse teie otsusest lepingust taganeda. TELLIJA kannab kauba tagastamisega seotud otsesed kulud, kusjuures tagasimaksest arvatakse maha kogumiskulud, v\u00e4lja arvatud juhul, kui tegemist on meiepoolse kvaliteediveaga v\u00f5i veoga. Me teostame sellise tagasimaksmise, kasutades sama maksevahendit, mida kasutasite esialgse tehingu puhul, v\u00e4lja arvatud juhul, kui olete selges\u00f5naliselt s\u00e4testanud teisiti; igal juhul ei kannata te tagasimaksmise t\u00f5ttu mingeid kulusid. P\u00e4rast taganemisavaldusest teatamist peate te kauba viivitamatult ja igal juhul hiljemalt 14 kalendrip\u00e4eva jooksul alates kuup\u00e4evast, mil te teatasite meile oma lepingust taganemise otsusest, tagastama v\u00f5i otse meile \u00fcle andma. T\u00e4htaeg loetakse t\u00e4idetuks, kui te tagastate kauba enne t\u00e4htaja m\u00f6\u00f6dumist. Tagastatav kaup peab olema laitmatus korras, ei tohi olla kahjustatud, deformeerunud ega kanda kulumisj\u00e4lgi, kriimustusi ega plekke. Te vastutate kauba v\u00e4\u00e4rtuse v\u00e4henemise eest, mis tuleneb kauba k\u00e4itlemisest, mis ei ole vajalik kauba olemuse, omaduste ja toimimise kindlakstegemiseks.      <\/p>\n\n<p>9. LEPINGU T\u00c4IENDAMINE JA TEENUSTE MUUDATUSED<br\/>K\u00e4esolev leping s\u00f5lmitakse toote eest tasumisel ja ostu kinnitava e-kirja saatmisel kliendile koos tehtud ostu kirjeldusega.<br\/>MY SPAIN FOOD j\u00e4tab endale \u00f5iguse muuta oma teenuste omadusi ja tingimusi igal viisil, alati eesm\u00e4rgiga neid parandada ja kliendile kasulikuks muuta.<\/p>\n\n<p>10. POOLTE KOHUSTUSED<br\/>MY SPAIN FOOD kohustub pakkuma kliendile lepinguga h\u00f5lmatud tooteid ja teenuseid, rakendades teenuse osutamisel maksimaalset hoolsust, samuti hoolitsema v\u00f5rgu toimimiseks vajalike seadmete hoolduse eest, omades selleks asjakohaseid tehnilisi ja arvutiseadmeid, ning haldama logistilisi toiminguid, vedajate kaudu tehtud ostu saatmist ja k\u00e4ttetoimetamist.<br\/>TELLIJA kohustub kasutama pakutavaid teenuseid heas usus, rikkumata seadust \u00fcheski k\u00fcsimuses v\u00f5i rikkudes kolmandate isikute \u00f5igusi, samuti maksma valitud toote eest k\u00e4esolevates m\u00fc\u00fcgitingimustes s\u00e4testatud ajal ja viisil ning selle k\u00e4ttesaamise eest tarnepaigas. MY SPAIN FOOD ei garanteeri, et k\u00e4esoleva lepinguga h\u00f5lmatud teenuse k\u00e4ttesaadavus on pidev ja katkematu, mis tuleneb internetiv\u00f5rgu probleemidest, arvutiseadmete riketest ja muudest etten\u00e4gematutest asjaoludest. Seet\u00f5ttu kohustub KLIENT taluma neid asjaolusid m\u00f5istlikes piirides ning loobub seega selges\u00f5naliselt igasugusest lepingulisest v\u00f5i lepinguv\u00e4lisest vastutusest LA MY SPAIN FOODi ees v\u00f5imalike rikete, vigade ja lepinguj\u00e4rgse teenuse kasutamise eest.  <\/p>\n\n<p>11. TEAVITAMINE<br\/>K\u00f5ik pooltevahelised teated edastatakse eelistatavalt e-posti teel. TELLIJA vastutab teatiste k\u00e4ttesaamise kinnitamise eest ja MY SPAIN FOODi teavitamise eest oma andmete muutmisest, olles vabastatud igasugusest vastutusest, mis sellest asjaolust tuleneb. Muudatuste korral peab KLIENT teavitama MY SPAIN FOOD-i e-posti v\u00f5i meie veebisaidil m\u00e4rgitud telefoninumbritel. Koosk\u00f5las info\u00fchiskonna ja elektroonilise kaubanduse teenuste seaduse 34\/2002 artikliga 21 teavitame teid, et meie kaubanduslikud kirjad ja teave, mis on seotud meie veebisaidi ja seal pakutavate toodetega, saadetakse e-posti teel teie poolt esitatud e-posti aadressile, mis on alati t\u00fchistatav. Igal juhul on teil v\u00f5imalus keelduda meie kommertsteadaannetest, saates e-kirja aadressile hola@myspainfood.com, m\u00e4rkides teemasse s\u00f5na UNSUBSCRIBE.    <\/p>\n\n<p>12. KOHUSTUS, N\u00d5USTUMINE JA S\u00d5LMAV\u00d5IMALUS<br\/>KASUTAJA kinnitab, et on lugenud ja n\u00f5ustub veebilehe juriidiliste kasutustingimustega ja privaatsuspoliitikaga. TELLIJA kinnitab, et ta on m\u00f5istnud kogu teavet meie veebisaidil pakutavate toodete ja teenuste kohta, sealhulgas vajaduse korral tarne kohta, samuti k\u00f5iki k\u00e4esolevas elektroonilises lepingus sisalduvaid tingimusi ja s\u00e4tteid, ning teatab seet\u00f5ttu, et need on piisavad, et v\u00e4listada eksimused k\u00e4esoleva lepingu s\u00f5lmimise n\u00f5usolekul, ning seet\u00f5ttu aktsepteerib neid t\u00e4ielikult ja selges\u00f5naliselt. TELLIJA on t\u00e4ielikult teadlik, et k\u00e4esoleva lepingu vastuv\u00f5tmine ja t\u00e4itmine toimub tema andmete esitamisega ja meie veebisaidil n\u00e4idatud &#8220;Osta&#8221; nupule vajutamisega ning see viiakse l\u00f5pule teenuse eest tasumisega.  <\/p>\n\n<p>13. K\u00d5RVALISED K\u00d5RVALISED<br\/>MY SPAIN FOOD ei luba \u00fchtegi tehingut, mis on ebaseaduslik v\u00f5i mida krediitkaardibr\u00e4ndid v\u00f5i ostupank peavad v\u00f5imalikuks kahjustada v\u00f5i negatiivselt m\u00f5jutada. Kaardibr\u00e4ndi programmid keelavad j\u00e4rgmised tegevused: sellise toote v\u00f5i teenuse m\u00fc\u00fck v\u00f5i pakkumine, mis ei vasta t\u00e4ielikult k\u00f5igile ostja, v\u00e4ljastava panga, kaupmehe, kaardiomaniku v\u00f5i kaartide suhtes kohaldatavatele seadustele.  Lisaks on selges\u00f5naliselt keelatud ka j\u00e4rgmised tegevused: &#8220;Alkohoolsete jookide m\u00fc\u00fck alla 18-aastastele isikutele&#8221;.<\/p>\n\n<p>14. KOHALDATAV \u00d5IGUS<br\/>K\u00e4esolev leping on \u00e4rilist laadi ning seda reguleeritakse ja t\u00f5lgendatakse vastavalt Hispaania \u00f5igusele. Kui lepingu t\u00f5lgendamise, sisu v\u00f5i t\u00e4itmisega seoses tekib poolte vahel lahkarvamusi v\u00f5i erimeelsusi, mida ei lahendata vastastikusel kokkuleppel, alluvad pooled igal juhul p\u00e4devatele kohtutele ning juhul, kui on ette n\u00e4htud, et pooled v\u00f5ivad alluda m\u00f5nele jurisdiktsioonile, alluvad nad Madridi kohtutele, loobudes selges\u00f5naliselt k\u00f5igist muudest neile vastavatest jurisdiktsioonidest. Samuti teeme oma klientidele k\u00e4ttesaadavaks j\u00e4rgmise lingi, et p\u00e4\u00e4seda juurde Euroopa Komisjoni ametlikule veebip\u00f5hisele platvormile vaidluste lahendamiseks: https:\/\/ec.europa.eu\/consumers\/odr\/main\/index.cfm?event=main.home2.show&amp;lng=ES.  <\/p>\n\n<p>15. ISIKLIKUD ANDMED<br\/>Vt privaatsuspoliitikat. T\u00e4helepanu: K\u00e4esolevad \u00fcldtingimused on uuendatud 29\/7\/2021. Me v\u00f5ime neid igal ajal muuta, samuti muuta pakutavate toodete ja hindade loetelu. Palun kontrollige v\u00e4ljaandmise kuup\u00e4eva iga kord, kui sisenete meie veebilehele, et veenduda, et ei ole tehtud muudatusi, mis v\u00f5ivad teid m\u00f5jutada.   <\/p>\n","protected":false},"excerpt":{"rendered":"<p>K\u00e4esolev leping reguleerib SAMI SUMINISTROS HOSTELEROS, S. L. (edaspidi MY SPAIN FOOD), mille NIF B84614064 ja aadress on c\/ Luis i 60, sotano, nave 27. 28031 Madrid, Hispaania, erinevate toodete ja teenuste ostmise \u00fcldtingimusi. Madrid, Hispaania.Kui KLIENT l\u00f5petab registreerimisprotsessi ja ostab m\u00f5ne meie toote, n\u00f5ustub ta selges\u00f5naliselt allpool toodud tingimustega, samuti meie veebilehe juurdep\u00e4\u00e4su ja [&hellip;]<\/p>\n","protected":false},"author":1,"featured_media":0,"parent":0,"menu_order":0,"comment_status":"closed","ping_status":"closed","template":"","meta":{"_et_pb_use_builder":"","_et_pb_old_content":"","_et_gb_content_width":"","footnotes":""},"class_list":["post-18583","page","type-page","status-publish","hentry"],"_links":{"self":[{"href":"https:\/\/myspainfood.com\/et\/wp-json\/wp\/v2\/pages\/18583","targetHints":{"allow":["GET"]}}],"collection":[{"href":"https:\/\/myspainfood.com\/et\/wp-json\/wp\/v2\/pages"}],"about":[{"href":"https:\/\/myspainfood.com\/et\/wp-json\/wp\/v2\/types\/page"}],"author":[{"embeddable":true,"href":"https:\/\/myspainfood.com\/et\/wp-json\/wp\/v2\/users\/1"}],"replies":[{"embeddable":true,"href":"https:\/\/myspainfood.com\/et\/wp-json\/wp\/v2\/comments?post=18583"}],"version-history":[{"count":1,"href":"https:\/\/myspainfood.com\/et\/wp-json\/wp\/v2\/pages\/18583\/revisions"}],"predecessor-version":[{"id":18585,"href":"https:\/\/myspainfood.com\/et\/wp-json\/wp\/v2\/pages\/18583\/revisions\/18585"}],"wp:attachment":[{"href":"https:\/\/myspainfood.com\/et\/wp-json\/wp\/v2\/media?parent=18583"}],"curies":[{"name":"wp","href":"https:\/\/api.w.org\/{rel}","templated":true}]}}