{"id":17888,"date":"2025-04-10T12:14:40","date_gmt":"2025-04-10T10:14:40","guid":{"rendered":"https:\/\/myspainfood.com\/producto\/almejon-meremandel-naturaalne-estela-do-mar-111-gr\/"},"modified":"2026-01-20T13:36:35","modified_gmt":"2026-01-20T12:36:35","slug":"almejon-meremandel-naturaalne-estela-do-mar-111-gr","status":"publish","type":"product","link":"https:\/\/myspainfood.com\/et\/producto\/almejon-meremandel-naturaalne-estela-do-mar-111-gr\/","title":{"rendered":"Almej\u00f3n (Meremandel) naturaalne Estela do Mar 111 gr"},"content":{"rendered":"<p>Avastage <strong>Estela do Mar Natural Almej\u00f3niga<\/strong> ehtsat meremaitset. See 111-grammine meremandlikonserv sisaldab kogu parimate merekarpide v\u00e4rskust ja puhtust, ilma lisa- ja s\u00e4ilitusaineteta. Ideaalne neile, kes otsivad naturaalseid ja kvaliteetseid mereande, see karbi sobib ideaalselt nautimiseks eraldi v\u00f5i oma lemmikretseptides, pakkudes \u00f5rna tekstuuri ja intensiivset maitset.  <\/p>\n<p>Rikkalikult valke, oomega-3-rasvhappeid ja olulisi mineraalaineid sisaldav <strong>Estela do Mar<\/strong> on toitev valik iga dieedi jaoks. Lisage oma roogadele gurmee- ja tervislikumaid toite ja uurige rohkem v\u00f5imalusi meie <a target=\"_new\" rel=\"noopener\">mereandide rubriigis<\/a> v\u00f5i tutvuge v\u00e4rskete mereandide kasulikkusega sellistel v\u00f5rdlussaitidel nagu <a href=\"https:\/\/www.fen.org.es\" target=\"_new\" rel=\"noopener noreferrer nofollow\" target=\"_blank\">Hispaania Toitumisfond (Spanish Nutrition Foundation)<\/a>. <\/p>\n<p>Lisage Estela do Mar karbid oma toitudele ja nautige gurmee puudutust!<\/p>\n<p><span class=\"BxUVEf ILfuVd\" lang=\"es\"><span class=\"hgKElc\"> <\/span><\/span><\/p>\n","protected":false},"excerpt":{"rendered":"<p>Avastage Estela do Mar Natural Almej\u00f3niga ehtsat meremaitset. See 111-grammine meremandlikonserv sisaldab kogu parimate merekarpide v\u00e4rskust ja puhtust, ilma lisa- ja s\u00e4ilitusaineteta. Ideaalne neile, kes otsivad naturaalseid ja kvaliteetseid mereande, see karbi sobib ideaalselt nautimiseks eraldi v\u00f5i oma lemmikretseptides, pakkudes \u00f5rna tekstuuri ja intensiivset maitset. Rikkalikult valke, oomega-3-rasvhappeid ja olulisi mineraalaineid sisaldav Estela do Mar [&hellip;]<\/p>\n","protected":false},"featured_media":17916,"template":"","meta":{"_et_pb_use_builder":"","_et_pb_old_content":"","_et_gb_content_width":""},"product_brand":[1469],"product_cat":[1939,1938],"product_tag":[],"class_list":{"0":"post-17888","1":"product","2":"type-product","3":"status-publish","4":"has-post-thumbnail","6":"product_brand-estela-do-mar","7":"product_cat-klambrid","8":"product_cat-sailitab","10":"first","11":"outofstock","12":"taxable","13":"shipping-taxable","14":"product-type-variable"},"_links":{"self":[{"href":"https:\/\/myspainfood.com\/et\/wp-json\/wp\/v2\/product\/17888","targetHints":{"allow":["GET"]}}],"collection":[{"href":"https:\/\/myspainfood.com\/et\/wp-json\/wp\/v2\/product"}],"about":[{"href":"https:\/\/myspainfood.com\/et\/wp-json\/wp\/v2\/types\/product"}],"wp:featuredmedia":[{"embeddable":true,"href":"https:\/\/myspainfood.com\/et\/wp-json\/wp\/v2\/media\/17916"}],"wp:attachment":[{"href":"https:\/\/myspainfood.com\/et\/wp-json\/wp\/v2\/media?parent=17888"}],"wp:term":[{"taxonomy":"product_brand","embeddable":true,"href":"https:\/\/myspainfood.com\/et\/wp-json\/wp\/v2\/product_brand?post=17888"},{"taxonomy":"product_cat","embeddable":true,"href":"https:\/\/myspainfood.com\/et\/wp-json\/wp\/v2\/product_cat?post=17888"},{"taxonomy":"product_tag","embeddable":true,"href":"https:\/\/myspainfood.com\/et\/wp-json\/wp\/v2\/product_tag?post=17888"}],"curies":[{"name":"wp","href":"https:\/\/api.w.org\/{rel}","templated":true}]}}