{"id":18007,"date":"2025-04-10T12:05:44","date_gmt":"2025-04-10T10:05:44","guid":{"rendered":"https:\/\/myspainfood.com\/producto\/kurgiga-taidetud-kummeli-3-8kg-kimbitos-3-8kg-kimbitos\/"},"modified":"2025-04-10T12:05:44","modified_gmt":"2025-04-10T10:05:44","slug":"kurgiga-taidetud-kummeli-3-8kg-kimbitos-3-8kg-kimbitos","status":"publish","type":"product","link":"https:\/\/myspainfood.com\/et\/producto\/kurgiga-taidetud-kummeli-3-8kg-kimbitos-3-8kg-kimbitos\/","title":{"rendered":"Kurgiga t\u00e4idetud kummeli 3.8kg Kimbitos 3.8kg Kimbitos"},"content":{"rendered":"<p>Manzanilla t\u00e4idetud kurk 3,8kg Kimbitos on suupiste, milles leidub traditsioonilisi <a href=\"https:\/\/www.laencajera.es\/encurtidos-de-almagro\" target=\"_blank\" rel=\"noopener noreferrer nofollow\">manzanilla<\/a> oliive, mis on t\u00e4idetud kurkidega.<\/p>\n<p>Ideaalne kaaslane traditsioonilistele roogadele.<\/p>\n<p>Kimbitos on nimetus, mille all me tunneme teatavates Hispaania osades marineeritud kurkidega kivideta manzanilla-oliive.<\/p>\n<p>See on k\u00e4sitsi valmistatud, et teha see liit.<\/p>\n<h3>Kurgiga t\u00e4idetud kummeli 3,8kg Kimbitose eelised<\/h3>\n<p>Kas teadsite nende oliivide mitmek\u00fclgset kasu? Nad on v\u00e4ga t\u00f5husad s\u00fcdame- ja vereringehaiguste ennetamisel \u00fcldiselt. <\/p>\n<p>See on tingitud selle suurest k\u00fcllastumata rasvade sisaldusest. Lisaks sellele sisaldab see toit palju rauda ja kiudaineid ning on v\u00e4ga k\u00fcllastav, mist\u00f5ttu on see ideaalne vahepala. <\/p>\n<p>Kui soovite osta oliive v\u00f5i mis tahes muud liiki <a href=\"https:\/\/latiendadesami.com\/categoria-producto\/encurtidos\/\" rel=\"noopener noreferrer nofollow\" target=\"_blank\">marineeritud toiduaineid<\/a>, siis vaadake julgelt meie veebikataloogi, et n\u00e4ha meie <a href=\"https:\/\/latiendadesami.com\/categoria-producto\/encurtidos\/aceitunas\/\" target=\"_blank\" rel=\"noopener noreferrer nofollow\">oliivide<\/a> suurt valikut.<\/p>\n<p>P\u00e4ritolu: Castilla la Mancha.<\/p>\n<p>Koostisained: Oliivid, korni\u0161onid, vesi, sool, happesuseaine (E-330), s\u00e4ilitusained (E211, E-202, E-260), l\u00f5hna- ja maitsetugevdaja (E-621, E-631, E-627), antioks\u00fcdandid (E-300) ja looduslikud l\u00f5hna- ja maitseained. V\u00f5ib sisaldada j\u00e4lgi sulfititest. <\/p>\n<h3>Toitumisalane teave<\/h3>\n<p>Energiav\u00e4\u00e4rtus 132 kcal\/ 553 kj Rasv 13,4 g, millest k\u00fcllastunud 1,7 g S\u00fcsivesikud 0,8 g, millest suhkur 0,09 g Kiudained 0,5 g Valgud 2,6 g Sool 2,0 g<\/p>\n","protected":false},"excerpt":{"rendered":"<p>Manzanilla t\u00e4idetud kurk 3,8kg Kimbitos on suupiste, milles leidub traditsioonilisi manzanilla oliive, mis on t\u00e4idetud kurkidega. Ideaalne kaaslane traditsioonilistele roogadele. Kimbitos on nimetus, mille all me tunneme teatavates Hispaania osades marineeritud kurkidega kivideta manzanilla-oliive. See on k\u00e4sitsi valmistatud, et teha see liit. Kurgiga t\u00e4idetud kummeli 3,8kg Kimbitose eelised Kas teadsite nende oliivide mitmek\u00fclgset kasu? Nad [&hellip;]<\/p>\n","protected":false},"featured_media":18010,"template":"","meta":{"_et_pb_use_builder":"","_et_pb_old_content":"","_et_gb_content_width":""},"product_brand":[],"product_cat":[1995,1790,1793],"product_tag":[1996],"class_list":{"0":"post-18007","1":"product","2":"type-product","3":"status-publish","4":"has-post-thumbnail","6":"product_cat-kurgid-et","7":"product_cat-kurgid","8":"product_cat-oliivid","9":"product_tag-kimbo-et","11":"first","12":"instock","13":"taxable","14":"shipping-taxable","15":"purchasable","16":"product-type-simple"},"_links":{"self":[{"href":"https:\/\/myspainfood.com\/et\/wp-json\/wp\/v2\/product\/18007","targetHints":{"allow":["GET"]}}],"collection":[{"href":"https:\/\/myspainfood.com\/et\/wp-json\/wp\/v2\/product"}],"about":[{"href":"https:\/\/myspainfood.com\/et\/wp-json\/wp\/v2\/types\/product"}],"wp:featuredmedia":[{"embeddable":true,"href":"https:\/\/myspainfood.com\/et\/wp-json\/wp\/v2\/media\/18010"}],"wp:attachment":[{"href":"https:\/\/myspainfood.com\/et\/wp-json\/wp\/v2\/media?parent=18007"}],"wp:term":[{"taxonomy":"product_brand","embeddable":true,"href":"https:\/\/myspainfood.com\/et\/wp-json\/wp\/v2\/product_brand?post=18007"},{"taxonomy":"product_cat","embeddable":true,"href":"https:\/\/myspainfood.com\/et\/wp-json\/wp\/v2\/product_cat?post=18007"},{"taxonomy":"product_tag","embeddable":true,"href":"https:\/\/myspainfood.com\/et\/wp-json\/wp\/v2\/product_tag?post=18007"}],"curies":[{"name":"wp","href":"https:\/\/api.w.org\/{rel}","templated":true}]}}