{"id":18110,"date":"2025-04-10T12:10:57","date_gmt":"2025-04-10T10:10:57","guid":{"rendered":"https:\/\/myspainfood.com\/producto\/olive-chupadedos-aguedo-2-kg-netokaaluga\/"},"modified":"2025-09-02T10:48:55","modified_gmt":"2025-09-02T08:48:55","slug":"olive-chupadedos-aguedo-2-kg-netokaaluga","status":"publish","type":"product","link":"https:\/\/myspainfood.com\/et\/producto\/olive-chupadedos-aguedo-2-kg-netokaaluga\/","title":{"rendered":"Olive Chupadedos Aguedo 2 kg netokaaluga"},"content":{"rendered":"<div>\n<p>ACEITUNAS AGUEDO garanteerib oma toodete kvaliteedi, \u00fchendades traditsioonid ja uued tehnoloogiad. Pakume professionaalsust, mis tuleneb sellest, et oleme pidevalt kasvav pereettev\u00f5te, mille ainsaks eesm\u00e4rgiks on klientide rahulolu. <\/p>\n<p>Me j\u00e4lgime k\u00f5iki tootmisprotsesse algusest l\u00f5puni, see on ainus viis saavutada MAXIMAALNE toode.<\/p>\n<\/div>\n<div class=\"leo_camara_desc\">Pakume oma klientidele k\u00f5ige tervislikumaid ja naturaalsemaid suupisteid, mille maitse on eksimatult hea ja kvaliteetne.<\/div>\n","protected":false},"excerpt":{"rendered":"<p>ACEITUNAS AGUEDO garanteerib oma toodete kvaliteedi, \u00fchendades traditsioonid ja uued tehnoloogiad. Pakume professionaalsust, mis tuleneb sellest, et oleme pidevalt kasvav pereettev\u00f5te, mille ainsaks eesm\u00e4rgiks on klientide rahulolu. Me j\u00e4lgime k\u00f5iki tootmisprotsesse algusest l\u00f5puni, see on ainus viis saavutada MAXIMAALNE toode. Pakume oma klientidele k\u00f5ige tervislikumaid ja naturaalsemaid suupisteid, mille maitse on eksimatult hea ja kvaliteetne.<\/p>\n","protected":false},"featured_media":18111,"template":"","meta":{"_et_pb_use_builder":"","_et_pb_old_content":"","_et_gb_content_width":""},"product_brand":[1397],"product_cat":[1790,1793],"product_tag":[2042],"class_list":{"0":"post-18110","1":"product","2":"type-product","3":"status-publish","4":"has-post-thumbnail","6":"product_brand-aguedo","7":"product_cat-kurgid","8":"product_cat-oliivid","9":"product_tag-kummel","11":"first","12":"outofstock","13":"taxable","14":"shipping-taxable","15":"purchasable","16":"product-type-simple"},"_links":{"self":[{"href":"https:\/\/myspainfood.com\/et\/wp-json\/wp\/v2\/product\/18110","targetHints":{"allow":["GET"]}}],"collection":[{"href":"https:\/\/myspainfood.com\/et\/wp-json\/wp\/v2\/product"}],"about":[{"href":"https:\/\/myspainfood.com\/et\/wp-json\/wp\/v2\/types\/product"}],"wp:featuredmedia":[{"embeddable":true,"href":"https:\/\/myspainfood.com\/et\/wp-json\/wp\/v2\/media\/18111"}],"wp:attachment":[{"href":"https:\/\/myspainfood.com\/et\/wp-json\/wp\/v2\/media?parent=18110"}],"wp:term":[{"taxonomy":"product_brand","embeddable":true,"href":"https:\/\/myspainfood.com\/et\/wp-json\/wp\/v2\/product_brand?post=18110"},{"taxonomy":"product_cat","embeddable":true,"href":"https:\/\/myspainfood.com\/et\/wp-json\/wp\/v2\/product_cat?post=18110"},{"taxonomy":"product_tag","embeddable":true,"href":"https:\/\/myspainfood.com\/et\/wp-json\/wp\/v2\/product_tag?post=18110"}],"curies":[{"name":"wp","href":"https:\/\/api.w.org\/{rel}","templated":true}]}}