{"id":18155,"date":"2025-04-10T12:05:43","date_gmt":"2025-04-10T10:05:43","guid":{"rendered":"https:\/\/myspainfood.com\/producto\/kurgi-vurtsikas-banderillas-3-8-kg\/"},"modified":"2025-09-15T20:26:22","modified_gmt":"2025-09-15T18:26:22","slug":"kurgi-vurtsikas-banderillas-3-8-kg","status":"publish","type":"product","link":"https:\/\/myspainfood.com\/et\/producto\/kurgi-vurtsikas-banderillas-3-8-kg\/","title":{"rendered":"Kurgi v\u00fcrtsikas Banderillas 3.8 kg"},"content":{"rendered":"<p>Almagro Banderillas Picantes Pepino Entero 3,8kg abil saate nautida korraga mitut <a href=\"https:\/\/www.laencajera.es\/encurtidos-de-almagro\" target=\"_blank\" rel=\"noopener noreferrer nofollow\">hapukurki<\/a>.<\/p>\n<p>V\u00e4rskendava ja kerge maitsega banderillasid saab nautida s\u00f6\u00f6gikordade vahel v\u00f5i koos s\u00f5pradega.<\/p>\n<p>Nautige maitseaineid \u00fche suut\u00e4iega nende Banderillas Picantes terve kurgi 3,8kg. P\u00e4ritolu on Castilla la Mancha. <\/p>\n<p>Koostisained: Sibul 21-23, punane pipar, oliiv (suurus 200-320), terve kurk 60-80, t\u0161illipipar, vesi, sool ja plastmass, l\u00f5hna- ja maitsetugevdaja (E-621, E-627), happesuse suurendaja E-330, antioks\u00fcdant E-300, s\u00e4ilitusained (E-211, E-202, E-270, E-260) Sisaldab sulfitid.<\/p>\n<p>S\u00e4ilitamistingimused:<\/p>\n<p>Hoida jahedas ja kuivas kohas, temperatuuril 3\u00baC kuni 10\u00baC. Hoida eemal p\u00e4ikesevalgusest ja tugevatest l\u00f5hnadest. <\/p>\n<p>P\u00e4rast avamist hoida k\u00fclmkapis ja tarbida 30 p\u00e4eva jooksul.<\/p>\n<p>Kui soovite osta oliive v\u00f5i mis tahes muud t\u00fc\u00fcpi <a href=\"https:\/\/latiendadesami.com\/categoria-producto\/encurtidos\/\" rel=\"noopener noreferrer nofollow\" target=\"_blank\">hapukurki<\/a>, siis vaadake julgelt meie veebikataloogi, et n\u00e4ha meie laia valikut <a href=\"https:\/\/latiendadesami.com\/categoria-producto\/encurtidos\/berenjenas\/\" target=\"_blank\" rel=\"noopener noreferrer nofollow\">bakla\u017eaane<\/a>.<\/p>\n<p>Kaubam\u00e4rk on La Encajonera, 1990. aastal asutatud pereettev\u00f5te, mis asub La Mancha s\u00fcdames, Ciudad Reali provintsis asuvas ALMAGRO linnas.<\/p>\n<p>Selle toodete tootmisprotsess algab samas kasvatuspiirkonnas, kus valitakse v\u00e4lja parima kvaliteediga toode.<\/p>\n<p>Tehas on varustatud k\u00f5ige kaasaegsema tehnoloogiaga, s\u00e4ilitades samas k\u00e4sit\u00f6\u00f6liste traditsiooni ja oskusteavet.<\/p>\n","protected":false},"excerpt":{"rendered":"<p>Almagro Banderillas Picantes Pepino Entero 3,8kg abil saate nautida korraga mitut hapukurki. V\u00e4rskendava ja kerge maitsega banderillasid saab nautida s\u00f6\u00f6gikordade vahel v\u00f5i koos s\u00f5pradega. Nautige maitseaineid \u00fche suut\u00e4iega nende Banderillas Picantes terve kurgi 3,8kg. P\u00e4ritolu on Castilla la Mancha. Koostisained: Sibul 21-23, punane pipar, oliiv (suurus 200-320), terve kurk 60-80, t\u0161illipipar, vesi, sool ja plastmass, [&hellip;]<\/p>\n","protected":false},"featured_media":18156,"template":"","meta":{"_et_pb_use_builder":"","_et_pb_old_content":"","_et_gb_content_width":""},"product_brand":[],"product_cat":[2069,1790,1995],"product_tag":[2021,2070],"class_list":{"0":"post-18155","1":"product","2":"type-product","3":"status-publish","4":"has-post-thumbnail","6":"product_cat-banderillas-et","7":"product_cat-kurgid","8":"product_cat-kurgid-et","9":"product_tag-gherkin-et","10":"product_tag-vurtsikas","12":"first","13":"instock","14":"taxable","15":"shipping-taxable","16":"purchasable","17":"product-type-simple"},"_links":{"self":[{"href":"https:\/\/myspainfood.com\/et\/wp-json\/wp\/v2\/product\/18155","targetHints":{"allow":["GET"]}}],"collection":[{"href":"https:\/\/myspainfood.com\/et\/wp-json\/wp\/v2\/product"}],"about":[{"href":"https:\/\/myspainfood.com\/et\/wp-json\/wp\/v2\/types\/product"}],"wp:featuredmedia":[{"embeddable":true,"href":"https:\/\/myspainfood.com\/et\/wp-json\/wp\/v2\/media\/18156"}],"wp:attachment":[{"href":"https:\/\/myspainfood.com\/et\/wp-json\/wp\/v2\/media?parent=18155"}],"wp:term":[{"taxonomy":"product_brand","embeddable":true,"href":"https:\/\/myspainfood.com\/et\/wp-json\/wp\/v2\/product_brand?post=18155"},{"taxonomy":"product_cat","embeddable":true,"href":"https:\/\/myspainfood.com\/et\/wp-json\/wp\/v2\/product_cat?post=18155"},{"taxonomy":"product_tag","embeddable":true,"href":"https:\/\/myspainfood.com\/et\/wp-json\/wp\/v2\/product_tag?post=18155"}],"curies":[{"name":"wp","href":"https:\/\/api.w.org\/{rel}","templated":true}]}}