{"id":18206,"date":"2025-04-10T12:05:34","date_gmt":"2025-04-10T10:05:34","guid":{"rendered":"https:\/\/myspainfood.com\/producto\/baklazaan-20-25-tk-riietatud-45-kg\/"},"modified":"2025-09-16T14:12:45","modified_gmt":"2025-09-16T12:12:45","slug":"baklazaan-20-25-tk-riietatud-45-kg","status":"publish","type":"product","link":"https:\/\/myspainfood.com\/et\/producto\/baklazaan-20-25-tk-riietatud-45-kg\/","title":{"rendered":"Bakla\u017eaan 20\/25 tk Riietatud 4,5 kg"},"content":{"rendered":"<p>4,5 kg bakla\u017eaanid kastmega on ideaalne <a href=\"https:\/\/www.laencajera.es\/berenjenas-de-almagro\" target=\"_blank\" rel=\"noopener noreferrer nofollow\">eelroog<\/a>.<\/p>\n<p>Kasutatakse ka salatite lisandina.<\/p>\n<p>Neid maitsestatakse vee, veini\u00e4\u00e4dika, oliivi\u00f5li, paprika, soola, k\u00f6\u00f6mne ja k\u00fc\u00fcslauguga.<\/p>\n<p>Aubergiinid 4,5kg on p\u00e4rit Castilla la Manchast, Hispaaniast.<\/p>\n<p>Koostisained: S: Bakla\u017eaan &#8220;De Almagro&#8221;, vesi, sool, veini\u00e4\u00e4dikas, looduslikud maitseained (k\u00fc\u00fcslauk, k\u00f6\u00f6mned, paprika, oliivi\u00f5li), l\u00f5hna- ja maitsetugevdaja (E-621), happesuse suurendajad (E-330), s\u00e4ilitusained (E-270, E-211, E-202E-223), antioks\u00fcdant (E-300) ja looduslikud l\u00f5hna- ja maitseained.<\/p>\n<p>Hoida jahedas ja kuivas kohas, temperatuuril 3\u00baC kuni 10\u00baC. Hoida eemal p\u00e4ikesevalgusest ja tugevatest l\u00f5hnadest. <\/p>\n<p>P\u00e4rast avamist hoida k\u00fclmkapis ja tarbida 30 p\u00e4eva jooksul.<\/p>\n<p>Kui soovite osta oliive v\u00f5i mis tahes muud t\u00fc\u00fcpi <a href=\"https:\/\/latiendadesami.com\/categoria-producto\/encurtidos\/\" rel=\"noopener noreferrer nofollow\" target=\"_blank\">hapukurki<\/a>, siis vaadake julgelt meie veebikataloogi, et n\u00e4ha meie laia valikut <a href=\"https:\/\/latiendadesami.com\/categoria-producto\/encurtidos\/berenjenas\/\" target=\"_blank\" rel=\"noopener noreferrer nofollow\">bakla\u017eaane<\/a>.<\/p>\n<p>Kaubam\u00e4rk on La Encajonera, 1990. aastal asutatud pereettev\u00f5te, mis asub La Mancha s\u00fcdames, Ciudad Reali provintsis asuvas ALMAGRO linnas.<\/p>\n<p>Selle toodete tootmisprotsess algab samas kasvatuspiirkonnas, kus valitakse v\u00e4lja parima kvaliteediga toode.<\/p>\n<p>Tehas on varustatud k\u00f5ige kaasaegsema tehnoloogiaga, s\u00e4ilitades samas k\u00e4sit\u00f6\u00f6liste traditsiooni ja oskusteavet.<\/p>\n","protected":false},"excerpt":{"rendered":"<p>4,5 kg bakla\u017eaanid kastmega on ideaalne eelroog. Kasutatakse ka salatite lisandina. Neid maitsestatakse vee, veini\u00e4\u00e4dika, oliivi\u00f5li, paprika, soola, k\u00f6\u00f6mne ja k\u00fc\u00fcslauguga. Aubergiinid 4,5kg on p\u00e4rit Castilla la Manchast, Hispaaniast. Koostisained: S: Bakla\u017eaan &#8220;De Almagro&#8221;, vesi, sool, veini\u00e4\u00e4dikas, looduslikud maitseained (k\u00fc\u00fcslauk, k\u00f6\u00f6mned, paprika, oliivi\u00f5li), l\u00f5hna- ja maitsetugevdaja (E-621), happesuse suurendajad (E-330), s\u00e4ilitusained (E-270, E-211, E-202E-223), antioks\u00fcdant [&hellip;]<\/p>\n","protected":false},"featured_media":18207,"template":"","meta":{"_et_pb_use_builder":"","_et_pb_old_content":"","_et_gb_content_width":""},"product_brand":[],"product_cat":[2112,1790],"product_tag":[2114],"class_list":{"0":"post-18206","1":"product","2":"type-product","3":"status-publish","4":"has-post-thumbnail","6":"product_cat-baklazaanid","7":"product_cat-kurgid","8":"product_tag-alinada-et","10":"first","11":"instock","12":"taxable","13":"shipping-taxable","14":"purchasable","15":"product-type-simple"},"_links":{"self":[{"href":"https:\/\/myspainfood.com\/et\/wp-json\/wp\/v2\/product\/18206","targetHints":{"allow":["GET"]}}],"collection":[{"href":"https:\/\/myspainfood.com\/et\/wp-json\/wp\/v2\/product"}],"about":[{"href":"https:\/\/myspainfood.com\/et\/wp-json\/wp\/v2\/types\/product"}],"wp:featuredmedia":[{"embeddable":true,"href":"https:\/\/myspainfood.com\/et\/wp-json\/wp\/v2\/media\/18207"}],"wp:attachment":[{"href":"https:\/\/myspainfood.com\/et\/wp-json\/wp\/v2\/media?parent=18206"}],"wp:term":[{"taxonomy":"product_brand","embeddable":true,"href":"https:\/\/myspainfood.com\/et\/wp-json\/wp\/v2\/product_brand?post=18206"},{"taxonomy":"product_cat","embeddable":true,"href":"https:\/\/myspainfood.com\/et\/wp-json\/wp\/v2\/product_cat?post=18206"},{"taxonomy":"product_tag","embeddable":true,"href":"https:\/\/myspainfood.com\/et\/wp-json\/wp\/v2\/product_tag?post=18206"}],"curies":[{"name":"wp","href":"https:\/\/api.w.org\/{rel}","templated":true}]}}