{"id":18252,"date":"2025-04-10T12:05:35","date_gmt":"2025-04-10T10:05:35","guid":{"rendered":"https:\/\/myspainfood.com\/producto\/baklazaaniga-taidetud-gordali-oliivid-45-kg\/"},"modified":"2025-09-09T18:46:08","modified_gmt":"2025-09-09T16:46:08","slug":"baklazaaniga-taidetud-gordali-oliivid-45-kg","status":"publish","type":"product","link":"https:\/\/myspainfood.com\/et\/producto\/baklazaaniga-taidetud-gordali-oliivid-45-kg\/","title":{"rendered":"Bakla\u017eaaniga t\u00e4idetud gordali oliivid 4,5 kg"},"content":{"rendered":"<p>Gordali oliivid, mis on t\u00e4idetud gordali sorti bakla\u017eaanidega, mis on t\u00e4idetud meie traditsiooniliste Almagro <a href=\"https:\/\/www.laencajera.es\/aceitunas\" target=\"_blank\" rel=\"noopener noreferrer nofollow\">bakla\u017eaanidega<\/a>.<\/p>\n<p>\u00dcks populaarsemaid sorte. Need on ideaalsed aperitiiviks. <\/p>\n<p>Koostisained: NTES: kivideta Gordal-oliivid, bakla\u017eaan &#8220;De Almagro&#8221;, vesi, sool, veini\u00e4\u00e4dikas, jahvatatud k\u00f6\u00f6men, Paprika de la Vera, Oregano, l\u00f5hna- ja maitsetugevdaja (E-621, E-631, E-627), happesuse suurendaja (E-330), s\u00e4ilitusained (E-260, E-211, E-202), antioks\u00fcdant (E-300) ja looduslikud essentsid (pipra essents, k\u00fc\u00fcslaugu essents, k\u00f6\u00f6mne essents). V\u00f5ib sisaldada sulfiite. <\/p>\n<p>Hoida jahedas ja kuivas kohas, temperatuuril 3\u00baC kuni 10\u00baC.<\/p>\n<p>Kaitske p\u00e4ikesevalguse ja tugevate l\u00f5hnade eest.<\/p>\n<p>Gordali oliivid, mis on t\u00e4idetud bakla\u017eaaniga. P\u00e4rast avamist hoida k\u00fclmikus ja tarbida 30 p\u00e4eva jooksul.<\/p>\n<p>Kui soovite osta oliive v\u00f5i mis tahes muud t\u00fc\u00fcpi <a href=\"https:\/\/latiendadesami.com\/categoria-producto\/encurtidos\/\" rel=\"noopener noreferrer nofollow\" target=\"_blank\">hapukurki<\/a>, siis vaadake julgelt meie veebikataloogi, et n\u00e4ha meie laia valikut <a href=\"https:\/\/latiendadesami.com\/categoria-producto\/encurtidos\/berenjenas\/\" target=\"_blank\" rel=\"noopener noreferrer nofollow\">bakla\u017eaane<\/a>.<\/p>\n<p>Kaubam\u00e4rk on La Encajonera, 1990. aastal asutatud pereettev\u00f5te, mis asub La Mancha s\u00fcdames, Ciudad Reali provintsis asuvas ALMAGRO linnas.<\/p>\n<p>Selle toodete tootmisprotsess algab samas kasvatuspiirkonnas, kus valitakse v\u00e4lja parima kvaliteediga toode.<\/p>\n<p>Tehas on varustatud k\u00f5ige kaasaegsema tehnoloogiaga, s\u00e4ilitades samas k\u00e4sit\u00f6\u00f6liste traditsiooni ja oskusteavet.<\/p>\n","protected":false},"excerpt":{"rendered":"<p>Gordali oliivid, mis on t\u00e4idetud gordali sorti bakla\u017eaanidega, mis on t\u00e4idetud meie traditsiooniliste Almagro bakla\u017eaanidega. \u00dcks populaarsemaid sorte. Need on ideaalsed aperitiiviks. Koostisained: NTES: kivideta Gordal-oliivid, bakla\u017eaan &#8220;De Almagro&#8221;, vesi, sool, veini\u00e4\u00e4dikas, jahvatatud k\u00f6\u00f6men, Paprika de la Vera, Oregano, l\u00f5hna- ja maitsetugevdaja (E-621, E-631, E-627), happesuse suurendaja (E-330), s\u00e4ilitusained (E-260, E-211, E-202), antioks\u00fcdant (E-300) ja [&hellip;]<\/p>\n","protected":false},"featured_media":18253,"template":"","meta":{"_et_pb_use_builder":"","_et_pb_old_content":"","_et_gb_content_width":""},"product_brand":[],"product_cat":[1790,1793],"product_tag":[2154,2155],"class_list":{"0":"post-18252","1":"product","2":"type-product","3":"status-publish","4":"has-post-thumbnail","6":"product_cat-kurgid","7":"product_cat-oliivid","8":"product_tag-aubergine-et","9":"product_tag-taida","11":"first","12":"instock","13":"taxable","14":"shipping-taxable","15":"purchasable","16":"product-type-simple"},"_links":{"self":[{"href":"https:\/\/myspainfood.com\/et\/wp-json\/wp\/v2\/product\/18252","targetHints":{"allow":["GET"]}}],"collection":[{"href":"https:\/\/myspainfood.com\/et\/wp-json\/wp\/v2\/product"}],"about":[{"href":"https:\/\/myspainfood.com\/et\/wp-json\/wp\/v2\/types\/product"}],"wp:featuredmedia":[{"embeddable":true,"href":"https:\/\/myspainfood.com\/et\/wp-json\/wp\/v2\/media\/18253"}],"wp:attachment":[{"href":"https:\/\/myspainfood.com\/et\/wp-json\/wp\/v2\/media?parent=18252"}],"wp:term":[{"taxonomy":"product_brand","embeddable":true,"href":"https:\/\/myspainfood.com\/et\/wp-json\/wp\/v2\/product_brand?post=18252"},{"taxonomy":"product_cat","embeddable":true,"href":"https:\/\/myspainfood.com\/et\/wp-json\/wp\/v2\/product_cat?post=18252"},{"taxonomy":"product_tag","embeddable":true,"href":"https:\/\/myspainfood.com\/et\/wp-json\/wp\/v2\/product_tag?post=18252"}],"curies":[{"name":"wp","href":"https:\/\/api.w.org\/{rel}","templated":true}]}}