{"id":18329,"date":"2025-04-10T12:09:16","date_gmt":"2025-04-10T10:09:16","guid":{"rendered":"https:\/\/myspainfood.com\/producto\/manzanilla-oliivi-sardellimaitse-140-160-5-kg-norutatud\/"},"modified":"2025-04-10T12:09:16","modified_gmt":"2025-04-10T10:09:16","slug":"manzanilla-oliivi-sardellimaitse-140-160-5-kg-norutatud","status":"publish","type":"product","link":"https:\/\/myspainfood.com\/et\/producto\/manzanilla-oliivi-sardellimaitse-140-160-5-kg-norutatud\/","title":{"rendered":"Manzanilla oliivi sardellimaitse 140-160 5 kg n\u00f5rutatud"},"content":{"rendered":"<p>An\u0161oovisega maitsestatud manzanilla oliiv on k\u00f5ige populaarsem oliiv turul. Seda hinnatakse v\u00e4ga k\u00f5rgelt selle peene maitse t\u00f5ttu. Seda kasutatakse peamiselt lauaoliivina. Kollakasrohelise v\u00e4rvusega, kivideta ja maheda maitsega. Kasutatakse laialdaselt aperitiivina ja eelroana. See on osa retseptidest, nagu pitsad, salatid v\u00f5i keerulisemad toidud.     <\/p>\n<p>Koostisained: Oliivid, vesi, sool, happesuseaine (E-330), s\u00e4ilitusained.<\/p>\n<p>(E-211, E-202, E-270) Antioks\u00fcdant (E-300)<\/p>\n<p>V\u00f5ib sisaldada sulfiite.<\/p>\n<p>Hoida jahedas ja kuivas kohas, temperatuuril 3\u00baC kuni 10\u00baC.<\/p>\n<p>Kaitske p\u00e4ikesevalguse ja tugevate l\u00f5hnade eest.<\/p>\n<p>Kui soovite osta oliive v\u00f5i mis tahes muud t\u00fc\u00fcpi <a href=\"https:\/\/latiendadesami.com\/categoria-producto\/encurtidos\/\" rel=\"noopener noreferrer nofollow\" target=\"_blank\">hapukurki<\/a>, siis vaadake julgelt meie veebikataloogi, et n\u00e4ha meie laia valikut <a href=\"https:\/\/latiendadesami.com\/categoria-producto\/encurtidos\/berenjenas\/\" target=\"_blank\" rel=\"noopener noreferrer nofollow\">bakla\u017eaane<\/a>.<\/p>\n<p>Kaubam\u00e4rk on La Encajera, 1990. aastal asutatud pereettev\u00f5te, mis asub La Mancha s\u00fcdames, Ciudad Reali provintsis asuvas ALMAGRO linnas.<\/p>\n<p>Selle toodete tootmisprotsess algab samas kasvatuspiirkonnas, kus valitakse v\u00e4lja parima kvaliteediga toode.<\/p>\n<p>Tehas on varustatud k\u00f5ige kaasaegsema tehnoloogiaga, s\u00e4ilitades samas k\u00e4sit\u00f6\u00f6liste traditsiooni ja oskusteavet.<\/p>\n","protected":false},"excerpt":{"rendered":"<p>An\u0161oovisega maitsestatud manzanilla oliiv on k\u00f5ige populaarsem oliiv turul. Seda hinnatakse v\u00e4ga k\u00f5rgelt selle peene maitse t\u00f5ttu. Seda kasutatakse peamiselt lauaoliivina. Kollakasrohelise v\u00e4rvusega, kivideta ja maheda maitsega. Kasutatakse laialdaselt aperitiivina ja eelroana. See on osa retseptidest, nagu pitsad, salatid v\u00f5i keerulisemad toidud. Koostisained: Oliivid, vesi, sool, happesuseaine (E-330), s\u00e4ilitusained. (E-211, E-202, E-270) Antioks\u00fcdant (E-300) V\u00f5ib [&hellip;]<\/p>\n","protected":false},"featured_media":18331,"template":"","meta":{"_et_pb_use_builder":"","_et_pb_old_content":"","_et_gb_content_width":""},"product_brand":[],"product_cat":[1790,1793],"product_tag":[2154,2155],"class_list":{"0":"post-18329","1":"product","2":"type-product","3":"status-publish","4":"has-post-thumbnail","6":"product_cat-kurgid","7":"product_cat-oliivid","8":"product_tag-aubergine-et","9":"product_tag-taida","11":"first","12":"instock","13":"taxable","14":"shipping-taxable","15":"purchasable","16":"product-type-simple"},"_links":{"self":[{"href":"https:\/\/myspainfood.com\/et\/wp-json\/wp\/v2\/product\/18329","targetHints":{"allow":["GET"]}}],"collection":[{"href":"https:\/\/myspainfood.com\/et\/wp-json\/wp\/v2\/product"}],"about":[{"href":"https:\/\/myspainfood.com\/et\/wp-json\/wp\/v2\/types\/product"}],"wp:featuredmedia":[{"embeddable":true,"href":"https:\/\/myspainfood.com\/et\/wp-json\/wp\/v2\/media\/18331"}],"wp:attachment":[{"href":"https:\/\/myspainfood.com\/et\/wp-json\/wp\/v2\/media?parent=18329"}],"wp:term":[{"taxonomy":"product_brand","embeddable":true,"href":"https:\/\/myspainfood.com\/et\/wp-json\/wp\/v2\/product_brand?post=18329"},{"taxonomy":"product_cat","embeddable":true,"href":"https:\/\/myspainfood.com\/et\/wp-json\/wp\/v2\/product_cat?post=18329"},{"taxonomy":"product_tag","embeddable":true,"href":"https:\/\/myspainfood.com\/et\/wp-json\/wp\/v2\/product_tag?post=18329"}],"curies":[{"name":"wp","href":"https:\/\/api.w.org\/{rel}","templated":true}]}}