{"id":18710,"date":"2025-04-10T12:16:51","date_gmt":"2025-04-10T10:16:51","guid":{"rendered":"https:\/\/myspainfood.com\/producto\/partii-1f-ansoovisfilee-olis-sardellifilee-aadikas-sardellifilee-kuuslaugu-peterselli-kastmes-kuuslaugu-ja-peterselliga-chop-chop\/"},"modified":"2026-01-13T13:54:14","modified_gmt":"2026-01-13T12:54:14","slug":"partii-1f-ansoovisfilee-olis-sardellifilee-aadikas-sardellifilee-kuuslaugu-peterselli-kastmes-kuuslaugu-ja-peterselliga-chop-chop","status":"publish","type":"product","link":"https:\/\/myspainfood.com\/et\/producto\/partii-1f-ansoovisfilee-olis-sardellifilee-aadikas-sardellifilee-kuuslaugu-peterselli-kastmes-kuuslaugu-ja-peterselliga-chop-chop\/","title":{"rendered":"Partii 1F An\u0161oovisfilee \u00f5lis-sardellifilee \u00e4\u00e4dikas-sardellifilee k\u00fc\u00fcslaugu-peterselli kastmes (k\u00fc\u00fcslaugu ja peterselliga) Chop &amp; Chop"},"content":{"rendered":"<p>SISU:<\/p>\n<ul>\n<li>An\u0161oovisfilee \u00f5lis:<\/li>\n<\/ul>\n<p>Salve 200 gr: 3 tk<\/p>\n<ul>\n<li>An\u0161oovisfilee \u00e4\u00e4dikas:<\/li>\n<\/ul>\n<p>Salve 200 gr: 3 tk<\/p>\n<ul>\n<li>Maitsestatud an\u0161oovisfilee (k\u00fc\u00fcslauk ja petersell):<\/li>\n<\/ul>\n<p>Salve 200 gr: 3 tk<\/p>\n","protected":false},"excerpt":{"rendered":"<p>SISU: An\u0161oovisfilee \u00f5lis: Salve 200 gr: 3 tk An\u0161oovisfilee \u00e4\u00e4dikas: Salve 200 gr: 3 tk Maitsestatud an\u0161oovisfilee (k\u00fc\u00fcslauk ja petersell): Salve 200 gr: 3 tk<\/p>\n","protected":false},"featured_media":18712,"template":"","meta":{"_et_pb_use_builder":"","_et_pb_old_content":"","_et_gb_content_width":""},"product_brand":[1127],"product_cat":[1889,1880],"product_tag":[],"class_list":{"0":"post-18710","1":"product","2":"type-product","3":"status-publish","4":"has-post-thumbnail","6":"product_brand-picarpicar","7":"product_cat-ansoovised-et","8":"product_cat-cold-et","9":"product_shipping_class-kulmaveo-vedu","11":"first","12":"outofstock","13":"taxable","14":"shipping-taxable","15":"purchasable","16":"product-type-simple"},"_links":{"self":[{"href":"https:\/\/myspainfood.com\/et\/wp-json\/wp\/v2\/product\/18710","targetHints":{"allow":["GET"]}}],"collection":[{"href":"https:\/\/myspainfood.com\/et\/wp-json\/wp\/v2\/product"}],"about":[{"href":"https:\/\/myspainfood.com\/et\/wp-json\/wp\/v2\/types\/product"}],"wp:featuredmedia":[{"embeddable":true,"href":"https:\/\/myspainfood.com\/et\/wp-json\/wp\/v2\/media\/18712"}],"wp:attachment":[{"href":"https:\/\/myspainfood.com\/et\/wp-json\/wp\/v2\/media?parent=18710"}],"wp:term":[{"taxonomy":"product_brand","embeddable":true,"href":"https:\/\/myspainfood.com\/et\/wp-json\/wp\/v2\/product_brand?post=18710"},{"taxonomy":"product_cat","embeddable":true,"href":"https:\/\/myspainfood.com\/et\/wp-json\/wp\/v2\/product_cat?post=18710"},{"taxonomy":"product_tag","embeddable":true,"href":"https:\/\/myspainfood.com\/et\/wp-json\/wp\/v2\/product_tag?post=18710"}],"curies":[{"name":"wp","href":"https:\/\/api.w.org\/{rel}","templated":true}]}}