{"id":18773,"date":"2025-04-10T12:16:50","date_gmt":"2025-04-10T10:16:50","guid":{"rendered":"https:\/\/myspainfood.com\/producto\/partii-3a-biskaia-lahe-ansoovisfilee-ansoovisfilee-kuuslaugu-ja-peterselli-kastmega-picarpicar\/"},"modified":"2026-01-13T13:51:29","modified_gmt":"2026-01-13T12:51:29","slug":"partii-3a-biskaia-lahe-ansoovisfilee-ansoovisfilee-kuuslaugu-ja-peterselli-kastmega-picarpicar","status":"publish","type":"product","link":"https:\/\/myspainfood.com\/et\/producto\/partii-3a-biskaia-lahe-ansoovisfilee-ansoovisfilee-kuuslaugu-ja-peterselli-kastmega-picarpicar\/","title":{"rendered":"Partii 3A Biskaia lahe an\u0161oovisfilee - an\u0161oovisfilee k\u00fc\u00fcslaugu ja peterselli kastmega - Picar&amp;Picar"},"content":{"rendered":"<p>SISU:<\/p>\n<ul>\n<li>An\u0161oovisfilee:<\/li>\n<\/ul>\n<p>Tripack: 3 tk<\/p>\n<ul>\n<li>Biskaia lahe an\u0161oovisfilee:<\/li>\n<\/ul>\n<p>120 gr: 2 tk<\/p>\n<ul>\n<li>Maitsestatud an\u0161oovisfilee (k\u00fc\u00fcslauk ja petersell):<\/li>\n<\/ul>\n<p>700 g vann: 1 tk<\/p>\n<p>Gourmet-toode.<\/p>\n","protected":false},"excerpt":{"rendered":"<p>SISU: An\u0161oovisfilee: Tripack: 3 tk Biskaia lahe an\u0161oovisfilee: 120 gr: 2 tk Maitsestatud an\u0161oovisfilee (k\u00fc\u00fcslauk ja petersell): 700 g vann: 1 tk Gourmet-toode.<\/p>\n","protected":false},"featured_media":18780,"template":"","meta":{"_et_pb_use_builder":"","_et_pb_old_content":"","_et_gb_content_width":""},"product_brand":[1127],"product_cat":[1889,1880],"product_tag":[],"class_list":{"0":"post-18773","1":"product","2":"type-product","3":"status-publish","4":"has-post-thumbnail","6":"product_brand-picarpicar","7":"product_cat-ansoovised-et","8":"product_cat-cold-et","9":"product_shipping_class-kulmaveo-vedu","11":"first","12":"outofstock","13":"taxable","14":"shipping-taxable","15":"purchasable","16":"product-type-simple"},"_links":{"self":[{"href":"https:\/\/myspainfood.com\/et\/wp-json\/wp\/v2\/product\/18773","targetHints":{"allow":["GET"]}}],"collection":[{"href":"https:\/\/myspainfood.com\/et\/wp-json\/wp\/v2\/product"}],"about":[{"href":"https:\/\/myspainfood.com\/et\/wp-json\/wp\/v2\/types\/product"}],"wp:featuredmedia":[{"embeddable":true,"href":"https:\/\/myspainfood.com\/et\/wp-json\/wp\/v2\/media\/18780"}],"wp:attachment":[{"href":"https:\/\/myspainfood.com\/et\/wp-json\/wp\/v2\/media?parent=18773"}],"wp:term":[{"taxonomy":"product_brand","embeddable":true,"href":"https:\/\/myspainfood.com\/et\/wp-json\/wp\/v2\/product_brand?post=18773"},{"taxonomy":"product_cat","embeddable":true,"href":"https:\/\/myspainfood.com\/et\/wp-json\/wp\/v2\/product_cat?post=18773"},{"taxonomy":"product_tag","embeddable":true,"href":"https:\/\/myspainfood.com\/et\/wp-json\/wp\/v2\/product_tag?post=18773"}],"curies":[{"name":"wp","href":"https:\/\/api.w.org\/{rel}","templated":true}]}}