{"id":18892,"date":"2025-04-10T12:16:30","date_gmt":"2025-04-10T10:16:30","guid":{"rendered":"https:\/\/myspainfood.com\/producto\/100-ibeeride-madarikkaliha-seljatukk-fili-500-g\/"},"modified":"2026-01-29T13:12:18","modified_gmt":"2026-01-29T12:12:18","slug":"100-ibeeride-madarikkaliha-seljatukk-fili-500-g","status":"publish","type":"product","link":"https:\/\/myspainfood.com\/et\/producto\/100-ibeeride-madarikkaliha-seljatukk-fili-500-g\/","title":{"rendered":"100% ibeeride m\u00e4darikkaliha seljat\u00fckk - FILI - 500 g"},"content":{"rendered":"<h3>100% P\u00fcrenee m\u00e4darikkal sealiha seljat\u00fckk - FILI - 800 g<\/h3>\n<p><strong>100% P\u00fcrenee ibeeride tammet\u00f5rvega toidetud seapraad - FILI<\/strong> 800 grammi on gurmee-h\u00f5rgutis, mis on valmistatud looduses kasvatatud ja tammet\u00f5rvega toidetud puhtat\u00f5ulistest ibeeridest sigadest. Selline k\u00e4sit\u00f6\u00f6nduslik protsess koos hoolika soolatusega annab liha v\u00f5rratu maitse ja mahlase tekstuuri. Sobib ideaalselt ibeeria toodete austajatele ja sisaldab rohkelt tervislikke rasvhappeid.  <\/p>\n<p>Et rohkem teada saada ibeerika toodete tarbimise kasulikkusest, k\u00fclastage veebilehte <a href=\"https:\/\/www.jamonlovers.es\" target=\"_new\" rel=\"noopener noreferrer nofollow\" target=\"_blank\">Jam\u00f3n Lovers<\/a>.<\/p>\n<p>Avastage rohkem v\u00f5imalusi meie kategooriates <a href=\"https:\/\/latiendadesami.com\/categoria-producto\/queso-embutido\/\" target=\"_blank\" rel=\"noopener noreferrer nofollow\"><span style=\"color: #2ea3f2;\">Vorstid<\/span><\/a><\/p>\n","protected":false},"excerpt":{"rendered":"<p>100% P\u00fcrenee m\u00e4darikkal sealiha seljat\u00fckk - FILI - 800 g 100% P\u00fcrenee ibeeride tammet\u00f5rvega toidetud seapraad - FILI 800 grammi on gurmee-h\u00f5rgutis, mis on valmistatud looduses kasvatatud ja tammet\u00f5rvega toidetud puhtat\u00f5ulistest ibeeridest sigadest. Selline k\u00e4sit\u00f6\u00f6nduslik protsess koos hoolika soolatusega annab liha v\u00f5rratu maitse ja mahlase tekstuuri. Sobib ideaalselt ibeeria toodete austajatele ja sisaldab rohkelt tervislikke [&hellip;]<\/p>\n","protected":false},"featured_media":18897,"template":"","meta":{"_et_pb_use_builder":"","_et_pb_old_content":"","_et_gb_content_width":""},"product_brand":[1388],"product_cat":[2261,2262],"product_tag":[],"class_list":{"0":"post-18892","1":"product","2":"type-product","3":"status-publish","4":"has-post-thumbnail","6":"product_brand-fili","7":"product_cat-juust-ja-vorst","8":"product_cat-vorsti","10":"first","11":"outofstock","12":"taxable","13":"shipping-taxable","14":"purchasable","15":"product-type-simple"},"_links":{"self":[{"href":"https:\/\/myspainfood.com\/et\/wp-json\/wp\/v2\/product\/18892","targetHints":{"allow":["GET"]}}],"collection":[{"href":"https:\/\/myspainfood.com\/et\/wp-json\/wp\/v2\/product"}],"about":[{"href":"https:\/\/myspainfood.com\/et\/wp-json\/wp\/v2\/types\/product"}],"wp:featuredmedia":[{"embeddable":true,"href":"https:\/\/myspainfood.com\/et\/wp-json\/wp\/v2\/media\/18897"}],"wp:attachment":[{"href":"https:\/\/myspainfood.com\/et\/wp-json\/wp\/v2\/media?parent=18892"}],"wp:term":[{"taxonomy":"product_brand","embeddable":true,"href":"https:\/\/myspainfood.com\/et\/wp-json\/wp\/v2\/product_brand?post=18892"},{"taxonomy":"product_cat","embeddable":true,"href":"https:\/\/myspainfood.com\/et\/wp-json\/wp\/v2\/product_cat?post=18892"},{"taxonomy":"product_tag","embeddable":true,"href":"https:\/\/myspainfood.com\/et\/wp-json\/wp\/v2\/product_tag?post=18892"}],"curies":[{"name":"wp","href":"https:\/\/api.w.org\/{rel}","templated":true}]}}