{"id":18989,"date":"2025-04-10T12:16:34","date_gmt":"2025-04-10T10:16:34","guid":{"rendered":"https:\/\/myspainfood.com\/producto\/tammesooda-50-ibeeria-sealiha-seljatukk-fili-500-g\/"},"modified":"2026-01-30T08:25:07","modified_gmt":"2026-01-30T07:25:07","slug":"tammesooda-50-ibeeria-sealiha-seljatukk-fili-500-g","status":"publish","type":"product","link":"https:\/\/myspainfood.com\/et\/producto\/tammesooda-50-ibeeria-sealiha-seljatukk-fili-500-g\/","title":{"rendered":"Maki 50% Ibeeria sea seljat\u00fckk - Fili - 500 gr."},"content":{"rendered":"<p>800 grammi <strong>Ibeeria tammes\u00f6\u00f6daga 50% Tammes\u00f6\u00f6daga sealiha - FILI<\/strong> on gurmee-h\u00f5rgutis, mis on valmistatud puhtat\u00f5ulistest Ibeeria sigadest, keda kasvatatakse looduses ja toidetakse tammes\u00f6\u00f6daga. See k\u00e4sit\u00f6\u00f6nduslik protsess koos hoolika laagerdamisega annab tulemuseks v\u00f5rratu maitse ja mahlase tekstuuri. Sobib ideaalselt ibeeria toodete austajatele ja sisaldab rohkelt tervislikke rasvhappeid.  <\/p>\n<p>Et rohkem teada saada ibeerika toodete tarbimise kasulikkusest, k\u00fclastage veebilehte <a href=\"https:\/\/www.jamonlovers.es\" target=\"_new\" rel=\"noopener noreferrer nofollow\" target=\"_blank\">Jam\u00f3n Lovers<\/a>.<\/p>\n<p>Avastage rohkem v\u00f5imalusi meie kategooriates <a href=\"https:\/\/latiendadesami.com\/categoria-producto\/queso-embutido\/\" target=\"_blank\" rel=\"noopener noreferrer nofollow\"><span style=\"color: #2ea3f2;\">Vorstid<\/span><\/a><\/p>\n","protected":false},"excerpt":{"rendered":"<p>800 grammi Ibeeria tammes\u00f6\u00f6daga 50% Tammes\u00f6\u00f6daga sealiha - FILI on gurmee-h\u00f5rgutis, mis on valmistatud puhtat\u00f5ulistest Ibeeria sigadest, keda kasvatatakse looduses ja toidetakse tammes\u00f6\u00f6daga. See k\u00e4sit\u00f6\u00f6nduslik protsess koos hoolika laagerdamisega annab tulemuseks v\u00f5rratu maitse ja mahlase tekstuuri. Sobib ideaalselt ibeeria toodete austajatele ja sisaldab rohkelt tervislikke rasvhappeid. Et rohkem teada saada ibeerika toodete tarbimise kasulikkusest, k\u00fclastage [&hellip;]<\/p>\n","protected":false},"featured_media":18993,"template":"","meta":{"_et_pb_use_builder":"","_et_pb_old_content":"","_et_gb_content_width":""},"product_brand":[],"product_cat":[2261,2262],"product_tag":[],"class_list":{"0":"post-18989","1":"product","2":"type-product","3":"status-publish","4":"has-post-thumbnail","6":"product_cat-juust-ja-vorst","7":"product_cat-vorsti","9":"first","10":"outofstock","11":"taxable","12":"shipping-taxable","13":"purchasable","14":"product-type-simple"},"_links":{"self":[{"href":"https:\/\/myspainfood.com\/et\/wp-json\/wp\/v2\/product\/18989","targetHints":{"allow":["GET"]}}],"collection":[{"href":"https:\/\/myspainfood.com\/et\/wp-json\/wp\/v2\/product"}],"about":[{"href":"https:\/\/myspainfood.com\/et\/wp-json\/wp\/v2\/types\/product"}],"wp:featuredmedia":[{"embeddable":true,"href":"https:\/\/myspainfood.com\/et\/wp-json\/wp\/v2\/media\/18993"}],"wp:attachment":[{"href":"https:\/\/myspainfood.com\/et\/wp-json\/wp\/v2\/media?parent=18989"}],"wp:term":[{"taxonomy":"product_brand","embeddable":true,"href":"https:\/\/myspainfood.com\/et\/wp-json\/wp\/v2\/product_brand?post=18989"},{"taxonomy":"product_cat","embeddable":true,"href":"https:\/\/myspainfood.com\/et\/wp-json\/wp\/v2\/product_cat?post=18989"},{"taxonomy":"product_tag","embeddable":true,"href":"https:\/\/myspainfood.com\/et\/wp-json\/wp\/v2\/product_tag?post=18989"}],"curies":[{"name":"wp","href":"https:\/\/api.w.org\/{rel}","templated":true}]}}