{"id":19039,"date":"2025-04-10T12:16:39","date_gmt":"2025-04-10T10:16:39","guid":{"rendered":"https:\/\/myspainfood.com\/producto\/terve-ekstra-rostitud-piquillo-paprika-la-joya-del-valle-320gr\/"},"modified":"2026-01-30T14:26:38","modified_gmt":"2026-01-30T13:26:38","slug":"terve-ekstra-rostitud-piquillo-paprika-la-joya-del-valle-320gr","status":"publish","type":"product","link":"https:\/\/myspainfood.com\/et\/producto\/terve-ekstra-rostitud-piquillo-paprika-la-joya-del-valle-320gr\/","title":{"rendered":"Terve ekstra r\u00f6stitud Piquillo paprika La joya del valle 320gr"},"content":{"rendered":"<p>Koostisained: Piquillo paprika, k\u00fc\u00fcslauk, sool ja hapendaja: sidrunhape, k\u00f5vendi: kaltsiumkloriid.<\/p>\n<p>P\u00e4rast avamist hoida k\u00fclmikus ja tarbida soovitavalt 5 p\u00e4eva jooksul<\/p>\n<p>Meil on k\u00f5rgeim kvaliteet parima hinnaga.<\/p>\n<p>Kirjutage meile, kui soovite lisateavet v\u00f5i kui teil on k\u00fcsimusi selle v\u00f5i m\u00f5ne muu toote kohta meie kataloogis.<\/p>\n","protected":false},"excerpt":{"rendered":"<p>Koostisained: Piquillo paprika, k\u00fc\u00fcslauk, sool ja hapendaja: sidrunhape, k\u00f5vendi: kaltsiumkloriid. P\u00e4rast avamist hoida k\u00fclmikus ja tarbida soovitavalt 5 p\u00e4eva jooksul Meil on k\u00f5rgeim kvaliteet parima hinnaga. Kirjutage meile, kui soovite lisateavet v\u00f5i kui teil on k\u00fcsimusi selle v\u00f5i m\u00f5ne muu toote kohta meie kataloogis.<\/p>\n","protected":false},"featured_media":19044,"template":"","meta":{"_et_pb_use_builder":"","_et_pb_old_content":"","_et_gb_content_width":""},"product_brand":[1129],"product_cat":[2341,1938],"product_tag":[2345,2344],"class_list":{"0":"post-19039","1":"product","2":"type-product","3":"status-publish","4":"has-post-thumbnail","6":"product_brand-mateo","7":"product_cat-paprika-et","8":"product_cat-sailitab","9":"product_tag-pepper-et","10":"product_tag-rostitud","12":"first","13":"outofstock","14":"featured","15":"taxable","16":"shipping-taxable","17":"product-type-variable"},"_links":{"self":[{"href":"https:\/\/myspainfood.com\/et\/wp-json\/wp\/v2\/product\/19039","targetHints":{"allow":["GET"]}}],"collection":[{"href":"https:\/\/myspainfood.com\/et\/wp-json\/wp\/v2\/product"}],"about":[{"href":"https:\/\/myspainfood.com\/et\/wp-json\/wp\/v2\/types\/product"}],"wp:featuredmedia":[{"embeddable":true,"href":"https:\/\/myspainfood.com\/et\/wp-json\/wp\/v2\/media\/19044"}],"wp:attachment":[{"href":"https:\/\/myspainfood.com\/et\/wp-json\/wp\/v2\/media?parent=19039"}],"wp:term":[{"taxonomy":"product_brand","embeddable":true,"href":"https:\/\/myspainfood.com\/et\/wp-json\/wp\/v2\/product_brand?post=19039"},{"taxonomy":"product_cat","embeddable":true,"href":"https:\/\/myspainfood.com\/et\/wp-json\/wp\/v2\/product_cat?post=19039"},{"taxonomy":"product_tag","embeddable":true,"href":"https:\/\/myspainfood.com\/et\/wp-json\/wp\/v2\/product_tag?post=19039"}],"curies":[{"name":"wp","href":"https:\/\/api.w.org\/{rel}","templated":true}]}}