{"id":19145,"date":"2025-04-10T12:16:39","date_gmt":"2025-04-10T10:16:39","guid":{"rendered":"https:\/\/myspainfood.com\/producto\/ekstra-neitsioliivioli-viejo-olivar-5-liitrit-cazorla-jaen\/"},"modified":"2026-01-29T12:37:00","modified_gmt":"2026-01-29T11:37:00","slug":"ekstra-neitsioliivioli-viejo-olivar-5-liitrit-cazorla-jaen","status":"publish","type":"product","link":"https:\/\/myspainfood.com\/et\/producto\/ekstra-neitsioliivioli-viejo-olivar-5-liitrit-cazorla-jaen\/","title":{"rendered":"Ekstra neitsioliivi\u00f5li Viejo Olivar 5 liitrit Cazorla Ja\u00e9n"},"content":{"rendered":"<p>Ja\u00e9ni <strong>ekstra neitsioliivi\u00f5li<\/strong> on \u00fcks Hispaania gastronoomia t\u00e4httooteid, samuti on see meie tutvustuskiri kogu maailmas. Oliivi\u00f5li ostmine t\u00e4hendab erakordse toote soetamist t\u00e4nu selle uskumatule tervisele kasulikkusele. Lisaks on see Vahemere piirkonna toitumise p\u00f5hiline koostisosa, mis ei tohiks puududa \u00fchestki endast lugupidavast k\u00f6\u00f6gist.  <\/p>\n<p>Ekstra neitsioliivi\u00f5li on oma maitse, aroomi ja organismi jaoks k\u00f5ige erilisem. See on rikas A-, D-, E- ja K-vitamiinide poolest, hoiab \u00e4ra kolesterooli kogunemise riski, parandab verer\u00f5hku ja soodustab soolestiku l\u00e4bilaskmist. K\u00f5igil neil p\u00f5hjustel on ekstra neitsioliivi\u00f5li ostmine alati parim valik teie tervisele ja maitsele.  <\/p>\n<p>Ja\u00e9nis oleme uhked selle \u00fcle, et oleme maailma suurimad oliivi\u00f5litootjad ning meie maalt p\u00e4rit ekstra neitsioliivi\u00f5li on kahtlemata k\u00f5ige kuulsam nii riigisiseselt kui ka rahvusvaheliselt ning k\u00f5ige k\u00f5rgema kvaliteediga, mida on v\u00f5imalik osta.<\/p>\n","protected":false},"excerpt":{"rendered":"<p>Ja\u00e9ni ekstra neitsioliivi\u00f5li on \u00fcks Hispaania gastronoomia t\u00e4httooteid, samuti on see meie tutvustuskiri kogu maailmas. Oliivi\u00f5li ostmine t\u00e4hendab erakordse toote soetamist t\u00e4nu selle uskumatule tervisele kasulikkusele. Lisaks on see Vahemere piirkonna toitumise p\u00f5hiline koostisosa, mis ei tohiks puududa \u00fchestki endast lugupidavast k\u00f6\u00f6gist. Ekstra neitsioliivi\u00f5li on oma maitse, aroomi ja organismi jaoks k\u00f5ige erilisem. See on [&hellip;]<\/p>\n","protected":false},"featured_media":19154,"template":"","meta":{"_et_pb_use_builder":"","_et_pb_old_content":"","_et_gb_content_width":""},"product_brand":[1221],"product_cat":[2522,2521],"product_tag":[2523],"class_list":{"0":"post-19145","1":"product","2":"type-product","3":"status-publish","4":"has-post-thumbnail","6":"product_brand-valdezarza","7":"product_cat-ekstra-neitsioliivi","8":"product_cat-oli","9":"product_tag-oli","11":"first","12":"outofstock","13":"featured","14":"taxable","15":"shipping-taxable","16":"product-type-variable"},"_links":{"self":[{"href":"https:\/\/myspainfood.com\/et\/wp-json\/wp\/v2\/product\/19145","targetHints":{"allow":["GET"]}}],"collection":[{"href":"https:\/\/myspainfood.com\/et\/wp-json\/wp\/v2\/product"}],"about":[{"href":"https:\/\/myspainfood.com\/et\/wp-json\/wp\/v2\/types\/product"}],"wp:featuredmedia":[{"embeddable":true,"href":"https:\/\/myspainfood.com\/et\/wp-json\/wp\/v2\/media\/19154"}],"wp:attachment":[{"href":"https:\/\/myspainfood.com\/et\/wp-json\/wp\/v2\/media?parent=19145"}],"wp:term":[{"taxonomy":"product_brand","embeddable":true,"href":"https:\/\/myspainfood.com\/et\/wp-json\/wp\/v2\/product_brand?post=19145"},{"taxonomy":"product_cat","embeddable":true,"href":"https:\/\/myspainfood.com\/et\/wp-json\/wp\/v2\/product_cat?post=19145"},{"taxonomy":"product_tag","embeddable":true,"href":"https:\/\/myspainfood.com\/et\/wp-json\/wp\/v2\/product_tag?post=19145"}],"curies":[{"name":"wp","href":"https:\/\/api.w.org\/{rel}","templated":true}]}}