{"id":19223,"date":"2025-04-10T12:16:41","date_gmt":"2025-04-10T10:16:41","guid":{"rendered":"https:\/\/myspainfood.com\/producto\/purenee-cebo-huelva-singi-sn-finca-6-kg-umbes\/"},"modified":"2026-01-30T14:27:51","modified_gmt":"2026-01-30T13:27:51","slug":"purenee-cebo-huelva-singi-sn-finca-6-kg-umbes","status":"publish","type":"product","link":"https:\/\/myspainfood.com\/et\/producto\/purenee-cebo-huelva-singi-sn-finca-6-kg-umbes\/","title":{"rendered":"P\u00fcrenee Cebo Huelva singi - SN Finca - 6 kg (umbes)"},"content":{"rendered":"<p>Ibeeria Cebo Huelva singi - SN Finca - 6 kg on suurep\u00e4rase kvaliteediga t\u00fckk, mis on kuivatatud Huelva looduslikes kuivatuskappides, kasutades traditsioonilist kuivatusprotsessi, mis annab sellele iseloomuliku aroomi ja tuntud maitse. See hooldus muudab selle t\u00fcki Ibeeria singi austajatele meeldivaks.<\/p>\n<h3><strong>Ibeeria Cebo Huelva singi omadused<\/strong><\/h3>\n<ol>\n<li><strong>Garanteeritud p\u00e4ritolu<\/strong>\n<p>Seda sinki toodetakse Huelvas, piirkonnas, mis on maailmas tuntud oma ideaalse kliimaga singi laagerdamiseks. Sierra de Huelva pakub ideaalset niiskuse ja temperatuuri tasakaalu, mille tulemuseks on optimaalse laagerdumisega sink. <\/li>\n<li><strong>Sertifitseeritud kvaliteet<\/strong>\n<p>Iga t\u00fckk vastab rangele kvaliteedikontrollile. SN Finca garanteerib j\u00e4lgitava p\u00e4ritoluga toote, mis tagab, et tarbija saab parima ibeerlaste traditsiooni. <\/li>\n<li><strong>Pikaajaline laagerdumine<\/strong>\n<p>Ligikaudu 24 kuud laagerdunud singil areneb keerukas maitse ja ainulaadne aroom, mis lummab meeli juba esimesest l\u00f5ikest alates.<\/li>\n<li><strong>Ideaalne kaal<\/strong>\n<p><strong>6 kg (umbes)<\/strong>, see sink sobib ideaalselt peredele ja erilistele koosviibimistele, pakkudes suurep\u00e4rast koguse ja kvaliteedi suhet.<\/li>\n<li><strong>Erakordne esitlus<\/strong>\n<p>Selle l\u00f5ikamisel ilmneb iseloomulik marmorjasus, mis on selle kvaliteedi eksimatu m\u00e4rk. Tasakaal sissetunginud rasva ja liha vahel tagab igas viilus ainulaadse maitseelamuse. <\/li>\n<\/ol>\n<p>Saate tutvuda meie vorstide valikuga, <a href=\"https:\/\/latiendadesami.com\/categoria-producto\/queso-embutido\/\" target=\"_blank\" rel=\"noopener noreferrer nofollow\">siit<\/a> leiate gurmeetooted, mis sobivad ideaalselt pere ja s\u00f5pradega nautimiseks.<\/p>\n","protected":false},"excerpt":{"rendered":"<p>Ibeeria Cebo Huelva singi - SN Finca - 6 kg on suurep\u00e4rase kvaliteediga t\u00fckk, mis on kuivatatud Huelva looduslikes kuivatuskappides, kasutades traditsioonilist kuivatusprotsessi, mis annab sellele iseloomuliku aroomi ja tuntud maitse. See hooldus muudab selle t\u00fcki Ibeeria singi austajatele meeldivaks. Ibeeria Cebo Huelva singi omadused Garanteeritud p\u00e4ritolu Seda sinki toodetakse Huelvas, piirkonnas, mis on maailmas [&hellip;]<\/p>\n","protected":false},"featured_media":19225,"template":"","meta":{"_et_pb_use_builder":"","_et_pb_old_content":"","_et_gb_content_width":""},"product_brand":[],"product_cat":[2186],"product_tag":[],"class_list":{"0":"post-19223","1":"product","2":"type-product","3":"status-publish","4":"has-post-thumbnail","6":"product_cat-testimise-kategooria","8":"first","9":"outofstock","10":"taxable","11":"shipping-taxable","12":"purchasable","13":"product-type-simple"},"_links":{"self":[{"href":"https:\/\/myspainfood.com\/et\/wp-json\/wp\/v2\/product\/19223","targetHints":{"allow":["GET"]}}],"collection":[{"href":"https:\/\/myspainfood.com\/et\/wp-json\/wp\/v2\/product"}],"about":[{"href":"https:\/\/myspainfood.com\/et\/wp-json\/wp\/v2\/types\/product"}],"wp:featuredmedia":[{"embeddable":true,"href":"https:\/\/myspainfood.com\/et\/wp-json\/wp\/v2\/media\/19225"}],"wp:attachment":[{"href":"https:\/\/myspainfood.com\/et\/wp-json\/wp\/v2\/media?parent=19223"}],"wp:term":[{"taxonomy":"product_brand","embeddable":true,"href":"https:\/\/myspainfood.com\/et\/wp-json\/wp\/v2\/product_brand?post=19223"},{"taxonomy":"product_cat","embeddable":true,"href":"https:\/\/myspainfood.com\/et\/wp-json\/wp\/v2\/product_cat?post=19223"},{"taxonomy":"product_tag","embeddable":true,"href":"https:\/\/myspainfood.com\/et\/wp-json\/wp\/v2\/product_tag?post=19223"}],"curies":[{"name":"wp","href":"https:\/\/api.w.org\/{rel}","templated":true}]}}