{"id":19254,"date":"2025-04-10T12:16:46","date_gmt":"2025-04-10T10:16:46","guid":{"rendered":"https:\/\/myspainfood.com\/producto\/partii-1a-ansoovis-ja-ansoovis-picarpicar\/"},"modified":"2026-01-13T13:56:44","modified_gmt":"2026-01-13T12:56:44","slug":"partii-1a-ansoovis-ja-ansoovis-picarpicar","status":"publish","type":"product","link":"https:\/\/myspainfood.com\/et\/producto\/partii-1a-ansoovis-ja-ansoovis-picarpicar\/","title":{"rendered":"partii 1a - an\u0161oovis ja an\u0161oovis Picar&amp;Picar"},"content":{"rendered":"<p>PARTEI 1A: Suurep\u00e4rane esmaklassiline kalakonserv, partii, mis koosneb j\u00e4rgmistest osadest: An\u0161oovisfilee tripackis 120gr (3 tk), Kantaabria an\u0161oovisfilee 120gr (1 tk), an\u0161oovisfilee \u00f5lis 200gr (1 tk), an\u0161oovisfilee \u00e4\u00e4dikas 200gr (1 tk), an\u0161oovisfilee k\u00fc\u00fcslaugu ja peterselliga 200gr (1 tk) ja an\u0161oovisefilee 220gr (1 tk).<\/p>\n<p>SISU:<\/p>\n<ul>\n<li>An\u0161oovisfilee:<\/li>\n<\/ul>\n<p>Tripack 120 gr: 3 tk<\/p>\n<ul>\n<li>Biskaia lahe an\u0161oovisfilee:<\/li>\n<\/ul>\n<p>120 gr: 1 tk<\/p>\n<ul>\n<li>An\u0161oovisfilee \u00f5lis:<\/li>\n<\/ul>\n<p>Salve 200 gr: 1 tk<\/p>\n<ul>\n<li>An\u0161oovisfilee \u00e4\u00e4dikas:<\/li>\n<\/ul>\n<p>Salve 200 gr: 1 tk<\/p>\n<ul>\n<li>Maitsestatud an\u0161oovisfilee (k\u00fc\u00fcslauk ja petersell):<\/li>\n<\/ul>\n<p>Salve 200 gr: 1 tk<\/p>\n<ul>\n<li>Banderilla de boquer\u00f3n:<\/li>\n<\/ul>\n<p>Salve 220 gr: 1 tk<\/p>\n","protected":false},"excerpt":{"rendered":"<p>PARTEI 1A: Suurep\u00e4rane esmaklassiline kalakonserv, partii, mis koosneb j\u00e4rgmistest osadest: An\u0161oovisfilee tripackis 120gr (3 tk), Kantaabria an\u0161oovisfilee 120gr (1 tk), an\u0161oovisfilee \u00f5lis 200gr (1 tk), an\u0161oovisfilee \u00e4\u00e4dikas 200gr (1 tk), an\u0161oovisfilee k\u00fc\u00fcslaugu ja peterselliga 200gr (1 tk) ja an\u0161oovisefilee 220gr (1 tk). SISU: An\u0161oovisfilee: Tripack 120 gr: 3 tk Biskaia lahe an\u0161oovisfilee: 120 gr: 1 [&hellip;]<\/p>\n","protected":false},"featured_media":19503,"template":"","meta":{"_et_pb_use_builder":"","_et_pb_old_content":"","_et_gb_content_width":""},"product_brand":[1127],"product_cat":[1889,1880],"product_tag":[],"class_list":{"0":"post-19254","1":"product","2":"type-product","3":"status-publish","4":"has-post-thumbnail","6":"product_brand-picarpicar","7":"product_cat-ansoovised-et","8":"product_cat-cold-et","9":"product_shipping_class-kulmaveo-vedu","11":"first","12":"outofstock","13":"taxable","14":"shipping-taxable","15":"purchasable","16":"product-type-simple"},"_links":{"self":[{"href":"https:\/\/myspainfood.com\/et\/wp-json\/wp\/v2\/product\/19254","targetHints":{"allow":["GET"]}}],"collection":[{"href":"https:\/\/myspainfood.com\/et\/wp-json\/wp\/v2\/product"}],"about":[{"href":"https:\/\/myspainfood.com\/et\/wp-json\/wp\/v2\/types\/product"}],"wp:featuredmedia":[{"embeddable":true,"href":"https:\/\/myspainfood.com\/et\/wp-json\/wp\/v2\/media\/19503"}],"wp:attachment":[{"href":"https:\/\/myspainfood.com\/et\/wp-json\/wp\/v2\/media?parent=19254"}],"wp:term":[{"taxonomy":"product_brand","embeddable":true,"href":"https:\/\/myspainfood.com\/et\/wp-json\/wp\/v2\/product_brand?post=19254"},{"taxonomy":"product_cat","embeddable":true,"href":"https:\/\/myspainfood.com\/et\/wp-json\/wp\/v2\/product_cat?post=19254"},{"taxonomy":"product_tag","embeddable":true,"href":"https:\/\/myspainfood.com\/et\/wp-json\/wp\/v2\/product_tag?post=19254"}],"curies":[{"name":"wp","href":"https:\/\/api.w.org\/{rel}","templated":true}]}}