{"id":19328,"date":"2025-04-10T12:16:48","date_gmt":"2025-04-10T10:16:48","guid":{"rendered":"https:\/\/myspainfood.com\/producto\/partii-1d-chop-chop\/"},"modified":"2026-01-13T13:56:44","modified_gmt":"2026-01-13T12:56:44","slug":"partii-1d-chop-chop","status":"publish","type":"product","link":"https:\/\/myspainfood.com\/et\/producto\/partii-1d-chop-chop\/","title":{"rendered":"partii 1d Chop &amp; Chop"},"content":{"rendered":"<p>PUNKT 1D: tippkvaliteediga kalakonservid, partii, mis koosneb j\u00e4rgmistest toodetest: An\u0161oovisfilee \u00f5lis 200 gr (1 t\u00fckk), An\u0161oovisfilee \u00e4\u00e4dikas 200 gr (1 t\u00fckk), An\u0161oovisfilee k\u00fc\u00fcslaugu ja peterselliga 200 gr (1 t\u00fckk), An\u0161oovisfilee 220 gr (3 tk), Heeringafilee 220 gr (1 tk) ja Heeringafilee oliividega 220 gr (1 tk).<\/p>\n<p>SISU:<\/p>\n<ul>\n<li>An\u0161oovisfilee \u00f5lis:<\/li>\n<\/ul>\n<p>Salve 200 gr: 1 tk<\/p>\n<ul>\n<li>An\u0161oovisfilee \u00e4\u00e4dikas:<\/li>\n<\/ul>\n<p>Salve 200 gr: 1 tk<\/p>\n<ul>\n<li>Maitsestatud an\u0161oovisfilee (k\u00fc\u00fcslauk ja petersell):<\/li>\n<\/ul>\n<p>Salve 200 gr: 1 tk<\/p>\n<ul>\n<li>Banderilla de boquer\u00f3n:<\/li>\n<\/ul>\n<p>Salve 220 gr: 3 tk<\/p>\n<ul>\n<li>Heeringafilee:<\/li>\n<\/ul>\n<p>Salve 220 gr: 1 tk<\/p>\n<ul>\n<li>Heeringafilee oliividega:<\/li>\n<\/ul>\n<p>Salve 220 gr: 1 tk<\/p>\n","protected":false},"excerpt":{"rendered":"<p>PUNKT 1D: tippkvaliteediga kalakonservid, partii, mis koosneb j\u00e4rgmistest toodetest: An\u0161oovisfilee \u00f5lis 200 gr (1 t\u00fckk), An\u0161oovisfilee \u00e4\u00e4dikas 200 gr (1 t\u00fckk), An\u0161oovisfilee k\u00fc\u00fcslaugu ja peterselliga 200 gr (1 t\u00fckk), An\u0161oovisfilee 220 gr (3 tk), Heeringafilee 220 gr (1 tk) ja Heeringafilee oliividega 220 gr (1 tk). SISU: An\u0161oovisfilee \u00f5lis: Salve 200 gr: 1 tk An\u0161oovisfilee [&hellip;]<\/p>\n","protected":false},"featured_media":19330,"template":"","meta":{"_et_pb_use_builder":"","_et_pb_old_content":"","_et_gb_content_width":""},"product_brand":[1127],"product_cat":[1889,1880],"product_tag":[],"class_list":{"0":"post-19328","1":"product","2":"type-product","3":"status-publish","4":"has-post-thumbnail","6":"product_brand-picarpicar","7":"product_cat-ansoovised-et","8":"product_cat-cold-et","9":"product_shipping_class-kulmaveo-vedu","11":"first","12":"outofstock","13":"taxable","14":"shipping-taxable","15":"purchasable","16":"product-type-simple"},"_links":{"self":[{"href":"https:\/\/myspainfood.com\/et\/wp-json\/wp\/v2\/product\/19328","targetHints":{"allow":["GET"]}}],"collection":[{"href":"https:\/\/myspainfood.com\/et\/wp-json\/wp\/v2\/product"}],"about":[{"href":"https:\/\/myspainfood.com\/et\/wp-json\/wp\/v2\/types\/product"}],"wp:featuredmedia":[{"embeddable":true,"href":"https:\/\/myspainfood.com\/et\/wp-json\/wp\/v2\/media\/19330"}],"wp:attachment":[{"href":"https:\/\/myspainfood.com\/et\/wp-json\/wp\/v2\/media?parent=19328"}],"wp:term":[{"taxonomy":"product_brand","embeddable":true,"href":"https:\/\/myspainfood.com\/et\/wp-json\/wp\/v2\/product_brand?post=19328"},{"taxonomy":"product_cat","embeddable":true,"href":"https:\/\/myspainfood.com\/et\/wp-json\/wp\/v2\/product_cat?post=19328"},{"taxonomy":"product_tag","embeddable":true,"href":"https:\/\/myspainfood.com\/et\/wp-json\/wp\/v2\/product_tag?post=19328"}],"curies":[{"name":"wp","href":"https:\/\/api.w.org\/{rel}","templated":true}]}}