{"id":19374,"date":"2025-04-10T12:16:18","date_gmt":"2025-04-10T10:16:18","guid":{"rendered":"https:\/\/myspainfood.com\/producto\/sardiinid-paevalilleolis-rias-baixas-855-g\/"},"modified":"2026-01-30T14:37:33","modified_gmt":"2026-01-30T13:37:33","slug":"sardiinid-paevalilleolis-rias-baixas-855-g","status":"publish","type":"product","link":"https:\/\/myspainfood.com\/et\/producto\/sardiinid-paevalilleolis-rias-baixas-855-g\/","title":{"rendered":"Sardiinid p\u00e4evalille\u00f5lis - Rias Baixas - 855 g"},"content":{"rendered":"<h3><strong>Sardiinid p\u00e4evalille\u00f5lis - R\u00edas Baixas - 855 g<\/strong><\/h3>\n<p><strong>R\u00edas Baixas&#8217;e p\u00e4evalille\u00f5lis olevad sardiinid<\/strong> on hoolikalt valitud ja pakendatud, et s\u00e4ilitada nende v\u00e4rskus ja looduslik maitse, nii et saate nautida kogu nende maitset. Need sobivad ideaalselt salatite, eelroogade v\u00f5i traditsiooniliste retseptide juurde ning paistavad silma oma \u00f5rna tekstuuri ja suurep\u00e4rase maitse poolest suus. <\/p>\n<p>\u00c4ra k\u00f5hkle ja maiusta end parimate sardiinidega. Avastage meie valik <a href=\"https:\/\/latiendadesami.com\/categoria-producto\/conservas\/\" target=\"_blank\" rel=\"noopener noreferrer nofollow\"><b>konservid<\/b> <\/a>  <\/p>\n<h4><strong>Miks valida neid<\/strong><\/h4>\n<ul>\n<li><strong>Garanteeritud p\u00e4ritolu!<\/strong>  P\u00fc\u00fctud Atlandi ookeani puhtast ja rikkalikust veest Galicia R\u00edas Baixas.<\/li>\n<li><strong>Esmaklassiline p\u00e4evalille\u00f5li, mis annab<\/strong>maitsele pehmuse ja tasakaalu.<\/li>\n<li><strong>Formaat<\/strong>: 855 g purk, ideaalne peredele v\u00f5i eri\u00fcritusteks.<\/li>\n<\/ul>\n","protected":false},"excerpt":{"rendered":"<p>Sardiinid p\u00e4evalille\u00f5lis - R\u00edas Baixas - 855 g R\u00edas Baixas&#8217;e p\u00e4evalille\u00f5lis olevad sardiinid on hoolikalt valitud ja pakendatud, et s\u00e4ilitada nende v\u00e4rskus ja looduslik maitse, nii et saate nautida kogu nende maitset. Need sobivad ideaalselt salatite, eelroogade v\u00f5i traditsiooniliste retseptide juurde ning paistavad silma oma \u00f5rna tekstuuri ja suurep\u00e4rase maitse poolest suus. \u00c4ra k\u00f5hkle ja [&hellip;]<\/p>\n","protected":false},"featured_media":19378,"template":"","meta":{"_et_pb_use_builder":"","_et_pb_old_content":"","_et_gb_content_width":""},"product_brand":[],"product_cat":[1938],"product_tag":[],"class_list":{"0":"post-19374","1":"product","2":"type-product","3":"status-publish","4":"has-post-thumbnail","6":"product_cat-sailitab","8":"first","9":"outofstock","10":"taxable","11":"shipping-taxable","12":"product-type-variable"},"_links":{"self":[{"href":"https:\/\/myspainfood.com\/et\/wp-json\/wp\/v2\/product\/19374","targetHints":{"allow":["GET"]}}],"collection":[{"href":"https:\/\/myspainfood.com\/et\/wp-json\/wp\/v2\/product"}],"about":[{"href":"https:\/\/myspainfood.com\/et\/wp-json\/wp\/v2\/types\/product"}],"wp:featuredmedia":[{"embeddable":true,"href":"https:\/\/myspainfood.com\/et\/wp-json\/wp\/v2\/media\/19378"}],"wp:attachment":[{"href":"https:\/\/myspainfood.com\/et\/wp-json\/wp\/v2\/media?parent=19374"}],"wp:term":[{"taxonomy":"product_brand","embeddable":true,"href":"https:\/\/myspainfood.com\/et\/wp-json\/wp\/v2\/product_brand?post=19374"},{"taxonomy":"product_cat","embeddable":true,"href":"https:\/\/myspainfood.com\/et\/wp-json\/wp\/v2\/product_cat?post=19374"},{"taxonomy":"product_tag","embeddable":true,"href":"https:\/\/myspainfood.com\/et\/wp-json\/wp\/v2\/product_tag?post=19374"}],"curies":[{"name":"wp","href":"https:\/\/api.w.org\/{rel}","templated":true}]}}