{"id":19405,"date":"2025-04-10T12:16:20","date_gmt":"2025-04-10T10:16:20","guid":{"rendered":"https:\/\/myspainfood.com\/producto\/ekstra-neitsioliivioli-3-karahvi-viejo-olivas-15-l\/"},"modified":"2026-01-29T12:35:24","modified_gmt":"2026-01-29T11:35:24","slug":"ekstra-neitsioliivioli-3-karahvi-viejo-olivas-15-l","status":"publish","type":"product","link":"https:\/\/myspainfood.com\/et\/producto\/ekstra-neitsioliivioli-3-karahvi-viejo-olivas-15-l\/","title":{"rendered":"Ekstra neitsioliivi\u00f5li - 3 karahvi - Viejo Olivas - 15 L"},"content":{"rendered":"<h3><strong>Ekstra neitsioliivi\u00f5li - 3 karahvi - Viejo Olivas - 15 L<\/strong><\/h3>\n<p>Avastage Vahemere rikkalik maitse <strong>Viejo Olivas Extra Virgin Olive Oil Pack<\/strong>, mis sisaldab kolme 5-liitrist pudelit. See \u00f5li on saadud k\u00f5rgeima kvaliteediga oliivide hoolika valiku tulemusena, mis on kasvatatud traditsioonilistes oliivisaludes. <strong>K\u00fclma ekstraheerimise protsess<\/strong> tagab, et iga tilk s\u00e4ilitab k\u00f5ik toitumisomadused ja erakordse maitse, mis iseloomustab t\u00f5elist ekstra neitsioliivi\u00f5li.  <\/p>\n<p>Iga 5-liitrine karahvin on loodud vastavalt kokkade ja toiduarmastajate vajadustele. See \u00f5li on puuviljalise aroomi ja tasakaalustatud maitsega ning sobib ideaalselt salatite, marinaadide ja hautiste maitse parandamiseks. Ideaalne igap\u00e4evaseks kasutamiseks, selle 15L formaat v\u00f5imaldab m\u00e4rkimisv\u00e4\u00e4rset kokkuhoidu, ilma et see kahjustaks kvaliteeti, tagades, et see Vahemere k\u00f6\u00f6gi oluline koostisosa on alati k\u00e4ep\u00e4rast.  <\/p>\n<p><strong>Miks valida Viejo Olivas ekstra neitsioliivi\u00f5li?<\/strong><\/p>\n<ul>\n<li><strong>Esmaklassiline kvaliteet<\/strong>: iga karahvin on valmistatud valitud oliividest, mille tulemuseks on intensiivse maitse ja tervislike omadustega \u00f5li.<\/li>\n<li><strong>Mitmek\u00fclgne kasutus<\/strong>: sobib ideaalselt toiduvalmistamiseks, maitsestamiseks ja roogadele erilise tooni lisamiseks.<\/li>\n<li><strong>Majanduslik t\u00f5husus<\/strong>: pakendina ostes saate suurep\u00e4rase hinna ja kvaliteedi suhte, mis on ideaalne peredele v\u00f5i toitlustusettev\u00f5tetele.<\/li>\n<\/ul>\n<p>Kui soovite rohkem teada saada oliivi\u00f5li kasulikkusest, k\u00fclastage meie <a target=\"_new\" rel=\"noopener\">oliivi\u00f5li kasulikkuse<\/a> rubriiki ja uurige, kuidas see v\u00f5ib parandada teie tervist ja retsepte. Laiema valiku saamiseks vaadake meie <a target=\"_new\" rel=\"noopener\">\u00f5lide ja \u00e4\u00e4dikate<\/a> kategooriat, kust leiate muid kvaliteetseid tooteid, mis t\u00e4iustavad teie k\u00f6\u00f6ki ideaalselt.<\/p>\n<p>Kui valite <strong>Viejo Olivas Extra Virgin Olive Oil Packi<\/strong>, ei vali te mitte ainult kvaliteeti ja maitset, vaid toetate ka j\u00e4tkusuutlikke ja vastutustundlikke p\u00f5llumajandustavasid. Kasutage v\u00f5imalust tuua Vahemere piirkonna traditsioonide parimad k\u00fcljed oma lauale, tellige juba t\u00e4na ja muutke iga s\u00f6\u00f6gikord gurmee-elamuseks!  <\/p>\n","protected":false},"excerpt":{"rendered":"<p>Ekstra neitsioliivi\u00f5li - 3 karahvi - Viejo Olivas - 15 L Avastage Vahemere rikkalik maitse Viejo Olivas Extra Virgin Olive Oil Pack, mis sisaldab kolme 5-liitrist pudelit. See \u00f5li on saadud k\u00f5rgeima kvaliteediga oliivide hoolika valiku tulemusena, mis on kasvatatud traditsioonilistes oliivisaludes. K\u00fclma ekstraheerimise protsess tagab, et iga tilk s\u00e4ilitab k\u00f5ik toitumisomadused ja erakordse maitse, [&hellip;]<\/p>\n","protected":false},"featured_media":19154,"template":"","meta":{"_et_pb_use_builder":"","_et_pb_old_content":"","_et_gb_content_width":""},"product_brand":[1221],"product_cat":[2522,2521],"product_tag":[2523],"class_list":{"0":"post-19405","1":"product","2":"type-product","3":"status-publish","4":"has-post-thumbnail","6":"product_brand-valdezarza","7":"product_cat-ekstra-neitsioliivi","8":"product_cat-oli","9":"product_tag-oli","11":"first","12":"outofstock","13":"featured","14":"taxable","15":"shipping-taxable","16":"purchasable","17":"product-type-simple"},"_links":{"self":[{"href":"https:\/\/myspainfood.com\/et\/wp-json\/wp\/v2\/product\/19405","targetHints":{"allow":["GET"]}}],"collection":[{"href":"https:\/\/myspainfood.com\/et\/wp-json\/wp\/v2\/product"}],"about":[{"href":"https:\/\/myspainfood.com\/et\/wp-json\/wp\/v2\/types\/product"}],"wp:featuredmedia":[{"embeddable":true,"href":"https:\/\/myspainfood.com\/et\/wp-json\/wp\/v2\/media\/19154"}],"wp:attachment":[{"href":"https:\/\/myspainfood.com\/et\/wp-json\/wp\/v2\/media?parent=19405"}],"wp:term":[{"taxonomy":"product_brand","embeddable":true,"href":"https:\/\/myspainfood.com\/et\/wp-json\/wp\/v2\/product_brand?post=19405"},{"taxonomy":"product_cat","embeddable":true,"href":"https:\/\/myspainfood.com\/et\/wp-json\/wp\/v2\/product_cat?post=19405"},{"taxonomy":"product_tag","embeddable":true,"href":"https:\/\/myspainfood.com\/et\/wp-json\/wp\/v2\/product_tag?post=19405"}],"curies":[{"name":"wp","href":"https:\/\/api.w.org\/{rel}","templated":true}]}}