{"id":19751,"date":"2025-04-10T12:14:40","date_gmt":"2025-04-10T10:14:40","guid":{"rendered":"https:\/\/myspainfood.com\/producto\/louna-makrellifilee-ubago-oliivioliga-105-g\/"},"modified":"2026-01-30T14:23:58","modified_gmt":"2026-01-30T13:23:58","slug":"louna-makrellifilee-ubago-oliivioliga-105-g","status":"publish","type":"product","link":"https:\/\/myspainfood.com\/et\/producto\/louna-makrellifilee-ubago-oliivioliga-105-g\/","title":{"rendered":"L\u00f5una makrellifilee - Ubago - Oliivi\u00f5liga- 105 g"},"content":{"rendered":"<h3><strong>Ubago l\u00f5unapoolsed makrellifileed oliivi\u00f5liga - traditsiooniline kvaliteet ja maitse<\/strong><\/h3>\n<p>Avastage <strong> <a href=\"https:\/\/ubagogroup.com\/\" target=\"_blank\" rel=\"noopener noreferrer nofollow\">Ubago<\/a> l\u00f5unapoolsed makrellifileed oliivi\u00f5lis<\/strong>, mis on rikkalik delikatess. <a href=\"https:\/\/nutribiotica.es\/digestivo-y-nutricion\/omega-3-para-que-sirve\/\" target=\"_blank\" rel=\"noopener noreferrer nofollow\"><strong>omega-3<\/strong><\/a> ja valkude poolest. See gurmeekompvek pakub Atlandi ookeani rannikult p\u00fc\u00fctud makrelli, mis on pakitud <strong>ekstra neitsioliivi\u00f5lisse<\/strong>, mis suurendab selle maitset ja v\u00e4rskust.<\/p>\n<p>Sobib ideaalselt tervislike retseptide valmistamiseks v\u00f5i salatite ja suupistete nautimiseks. Lisateavet <strong>ekstra neitsioliivi\u00f5li<\/strong> eeliste kohta leiate <a href=\"https:\/\/latiendadesami.com\/category\/recetas\/\" rel=\"noopener noreferrer nofollow\" target=\"_blank\">meie gurmeetoodete blogist<\/a>. <\/p>\n<p><strong>Tellige juba t\u00e4na ja nautige l\u00f5unaranniku autentset maitset.<\/strong> Kui teile meeldib see toode, \u00e4rge j\u00e4tke vahele meie valikut <strong><a href=\"https:\/\/latiendadesami.com\/categoria-producto\/conservas\/\" rel=\"noopener noreferrer nofollow\" target=\"_blank\">gurmeekonservid<\/a><\/strong> v\u00f5i avastage teisi maitsvaid <strong><a href=\"https:\/\/latiendadesami.com\/categoria-producto\/queso-embutido\/\" rel=\"noopener noreferrer nofollow\" target=\"_blank\">t\u00fc\u00fcpilisi Hispaania tooteid<\/a><\/strong> nagu \u00f5lid, veinid, vorstid ja palju muud.<\/p>\n<p>Tutvu meie kauplusega ja too Hispaania gastronoomia parimad k\u00fcljed oma lauale!<\/p>\n","protected":false},"excerpt":{"rendered":"<p>Ubago l\u00f5unapoolsed makrellifileed oliivi\u00f5liga - traditsiooniline kvaliteet ja maitse<\/p>\n","protected":false},"featured_media":19760,"template":"","meta":{"_et_pb_use_builder":"","_et_pb_old_content":"","_et_gb_content_width":""},"product_brand":[],"product_cat":[1938,2186],"product_tag":[],"class_list":{"0":"post-19751","1":"product","2":"type-product","3":"status-publish","4":"has-post-thumbnail","6":"product_cat-sailitab","7":"product_cat-testimise-kategooria","9":"first","10":"instock","11":"taxable","12":"shipping-taxable","13":"purchasable","14":"product-type-variable"},"_links":{"self":[{"href":"https:\/\/myspainfood.com\/et\/wp-json\/wp\/v2\/product\/19751","targetHints":{"allow":["GET"]}}],"collection":[{"href":"https:\/\/myspainfood.com\/et\/wp-json\/wp\/v2\/product"}],"about":[{"href":"https:\/\/myspainfood.com\/et\/wp-json\/wp\/v2\/types\/product"}],"wp:featuredmedia":[{"embeddable":true,"href":"https:\/\/myspainfood.com\/et\/wp-json\/wp\/v2\/media\/19760"}],"wp:attachment":[{"href":"https:\/\/myspainfood.com\/et\/wp-json\/wp\/v2\/media?parent=19751"}],"wp:term":[{"taxonomy":"product_brand","embeddable":true,"href":"https:\/\/myspainfood.com\/et\/wp-json\/wp\/v2\/product_brand?post=19751"},{"taxonomy":"product_cat","embeddable":true,"href":"https:\/\/myspainfood.com\/et\/wp-json\/wp\/v2\/product_cat?post=19751"},{"taxonomy":"product_tag","embeddable":true,"href":"https:\/\/myspainfood.com\/et\/wp-json\/wp\/v2\/product_tag?post=19751"}],"curies":[{"name":"wp","href":"https:\/\/api.w.org\/{rel}","templated":true}]}}