{"id":19810,"date":"2025-04-10T12:16:17","date_gmt":"2025-04-10T10:16:17","guid":{"rendered":"https:\/\/myspainfood.com\/producto\/norra-suitsulohe-port-faari-saared-600-g\/"},"modified":"2026-01-30T14:33:53","modified_gmt":"2026-01-30T13:33:53","slug":"norra-suitsulohe-port-faari-saared-600-g","status":"publish","type":"product","link":"https:\/\/myspainfood.com\/et\/producto\/norra-suitsulohe-port-faari-saared-600-g\/","title":{"rendered":"Norra suitsul\u00f5he - Port F\u00e4\u00e4ri saared - 600 g"},"content":{"rendered":"<h3><strong>Norra suitsul\u00f5he - Port F\u00e4\u00e4ri saared - 600 g<\/strong><\/h3>\n<p><strong>  N\u00fc\u00fcd saate nautida esmaklassilise l\u00f5he v\u00e4rskust ja kvaliteeti.<\/strong><\/p>\n<p><strong>Norra suitsul\u00f5he - Port Faroe<\/strong> \u00fchendab endas traditsioonid ja maitse, ideaalne gurmeeretseptide jaoks. See on p\u00e4rit kristallselgest veest ja pakub mahedat ja tasakaalustatud suitsutatud maitset. <\/p>\n<h4><strong>Peamised eelised:<\/strong><\/h4>\n<ul>\n<li><strong>Sertifitseeritud p\u00e4ritolu<\/strong>: puhas ja s\u00e4\u00e4stev vesi Norrast ja Port F\u00e4\u00e4ri saartelt.<\/li>\n<li><strong>Rikkalikult oomega-3<\/strong>: ideaalne tervisliku ja tasakaalustatud toitumise jaoks.<\/li>\n<li><strong>Lihtne kasutada<\/strong>: valmis salatite, sushi v\u00f5i suupistete jaoks.<\/li>\n<\/ul>\n<p><strong>Kas sa armastad gurmeek\u00f6\u00f6ki? Tutvu ka <a href=\"https:\/\/latiendadesami.com\/\" rel=\"noopener noreferrer nofollow\" target=\"_blank\">teiste k\u00f5rgekvaliteediliste toodetega meie poes<\/a>. <\/strong><\/p>\n","protected":false},"excerpt":{"rendered":"<p>Norra suitsul\u00f5he - Port F\u00e4\u00e4ri saared - 600 g N\u00fc\u00fcd saate nautida esmaklassilise l\u00f5he v\u00e4rskust ja kvaliteeti. Norra suitsul\u00f5he - Port Faroe \u00fchendab endas traditsioonid ja maitse, ideaalne gurmeeretseptide jaoks. See on p\u00e4rit kristallselgest veest ja pakub mahedat ja tasakaalustatud suitsutatud maitset. Peamised eelised: Sertifitseeritud p\u00e4ritolu: puhas ja s\u00e4\u00e4stev vesi Norrast ja Port F\u00e4\u00e4ri saartelt. [&hellip;]<\/p>\n","protected":false},"featured_media":19816,"template":"","meta":{"_et_pb_use_builder":"","_et_pb_old_content":"","_et_gb_content_width":""},"product_brand":[],"product_cat":[2186],"product_tag":[],"class_list":{"0":"post-19810","1":"product","2":"type-product","3":"status-publish","4":"has-post-thumbnail","6":"product_cat-testimise-kategooria","8":"first","9":"outofstock","10":"taxable","11":"shipping-taxable","12":"product-type-variable"},"_links":{"self":[{"href":"https:\/\/myspainfood.com\/et\/wp-json\/wp\/v2\/product\/19810","targetHints":{"allow":["GET"]}}],"collection":[{"href":"https:\/\/myspainfood.com\/et\/wp-json\/wp\/v2\/product"}],"about":[{"href":"https:\/\/myspainfood.com\/et\/wp-json\/wp\/v2\/types\/product"}],"wp:featuredmedia":[{"embeddable":true,"href":"https:\/\/myspainfood.com\/et\/wp-json\/wp\/v2\/media\/19816"}],"wp:attachment":[{"href":"https:\/\/myspainfood.com\/et\/wp-json\/wp\/v2\/media?parent=19810"}],"wp:term":[{"taxonomy":"product_brand","embeddable":true,"href":"https:\/\/myspainfood.com\/et\/wp-json\/wp\/v2\/product_brand?post=19810"},{"taxonomy":"product_cat","embeddable":true,"href":"https:\/\/myspainfood.com\/et\/wp-json\/wp\/v2\/product_cat?post=19810"},{"taxonomy":"product_tag","embeddable":true,"href":"https:\/\/myspainfood.com\/et\/wp-json\/wp\/v2\/product_tag?post=19810"}],"curies":[{"name":"wp","href":"https:\/\/api.w.org\/{rel}","templated":true}]}}