{"id":19916,"date":"2025-04-10T12:16:17","date_gmt":"2025-04-10T10:16:17","guid":{"rendered":"https:\/\/myspainfood.com\/producto\/san-isidro-poolsoolatud-juust-3-kg-umbes\/"},"modified":"2026-01-30T14:34:54","modified_gmt":"2026-01-30T13:34:54","slug":"san-isidro-poolsoolatud-juust-3-kg-umbes","status":"publish","type":"product","link":"https:\/\/myspainfood.com\/et\/producto\/san-isidro-poolsoolatud-juust-3-kg-umbes\/","title":{"rendered":"Pooleldi juust San Isidro - 3 kg (umbes)"},"content":{"rendered":"<h3><strong>San Isidro pooleldi juust - 3 kg<\/strong><\/h3>\n<p><strong>San Isidro poolk\u00f5rge juust<\/strong> 3,4 kg on ideaalne valik traditsioonilise juustu austajatele. Tasakaalustatud laagerdumise, kreemja tekstuuri ja maheda, intensiivse maitsega juust sobib ideaalselt igaks juhuks. <\/p>\n<h4><strong>Peamised omadused:<\/strong><\/h4>\n<ul>\n<li><strong>Ideaalne kaal<\/strong>: 3,4 kg, m\u00f5eldud jagamiseks v\u00f5i nautimiseks suurtel \u00fcritustel.<\/li>\n<li><strong>K\u00e4sit\u00f6\u00f6nduslik tootmine<\/strong>: kohalike juustutraditsioonide austamine.<\/li>\n<li><strong>Ainulaadne maitse<\/strong>: mahedad piimjad noodid, mis eristavad seda k\u00fcpsuse punktiga.<\/li>\n<\/ul>\n<p>Serveeri koos <a href=\"https:\/\/latiendadesami.com\/categoria-producto\/queso-embutido\/\" rel=\"noopener noreferrer nofollow\" target=\"_blank\">meie P\u00fcrenee soolatud lihaga<\/a>, et saada t\u00e4iuslik juustulaud.<\/p>\n","protected":false},"excerpt":{"rendered":"<p>San Isidro pooleldi juust - 3 kg San Isidro poolk\u00f5rge juust 3,4 kg on ideaalne valik traditsioonilise juustu austajatele. Tasakaalustatud laagerdumise, kreemja tekstuuri ja maheda, intensiivse maitsega juust sobib ideaalselt igaks juhuks. Peamised omadused: Ideaalne kaal: 3,4 kg, m\u00f5eldud jagamiseks v\u00f5i nautimiseks suurtel \u00fcritustel. K\u00e4sit\u00f6\u00f6nduslik tootmine: kohalike juustutraditsioonide austamine. Ainulaadne maitse: mahedad piimjad noodid, mis [&hellip;]<\/p>\n","protected":false},"featured_media":19921,"template":"","meta":{"_et_pb_use_builder":"","_et_pb_old_content":"","_et_gb_content_width":""},"product_brand":[],"product_cat":[2261,5737],"product_tag":[],"class_list":{"0":"post-19916","1":"product","2":"type-product","3":"status-publish","4":"has-post-thumbnail","6":"product_cat-juust-ja-vorst","7":"product_cat-ravimine-et","9":"first","10":"instock","11":"taxable","12":"shipping-taxable","13":"purchasable","14":"product-type-variable"},"_links":{"self":[{"href":"https:\/\/myspainfood.com\/et\/wp-json\/wp\/v2\/product\/19916","targetHints":{"allow":["GET"]}}],"collection":[{"href":"https:\/\/myspainfood.com\/et\/wp-json\/wp\/v2\/product"}],"about":[{"href":"https:\/\/myspainfood.com\/et\/wp-json\/wp\/v2\/types\/product"}],"wp:featuredmedia":[{"embeddable":true,"href":"https:\/\/myspainfood.com\/et\/wp-json\/wp\/v2\/media\/19921"}],"wp:attachment":[{"href":"https:\/\/myspainfood.com\/et\/wp-json\/wp\/v2\/media?parent=19916"}],"wp:term":[{"taxonomy":"product_brand","embeddable":true,"href":"https:\/\/myspainfood.com\/et\/wp-json\/wp\/v2\/product_brand?post=19916"},{"taxonomy":"product_cat","embeddable":true,"href":"https:\/\/myspainfood.com\/et\/wp-json\/wp\/v2\/product_cat?post=19916"},{"taxonomy":"product_tag","embeddable":true,"href":"https:\/\/myspainfood.com\/et\/wp-json\/wp\/v2\/product_tag?post=19916"}],"curies":[{"name":"wp","href":"https:\/\/api.w.org\/{rel}","templated":true}]}}