{"id":20013,"date":"2025-04-10T12:16:17","date_gmt":"2025-04-10T10:16:17","guid":{"rendered":"https:\/\/myspainfood.com\/producto\/toores-lambapiimajuust-flor-esgueva-1-kg\/"},"modified":"2026-01-30T14:36:01","modified_gmt":"2026-01-30T13:36:01","slug":"toores-lambapiimajuust-flor-esgueva-1-kg","status":"publish","type":"product","link":"https:\/\/myspainfood.com\/et\/producto\/toores-lambapiimajuust-flor-esgueva-1-kg\/","title":{"rendered":"Toores lambapiimajuust - Flor Esgueva - 1 kg"},"content":{"rendered":"<h3><strong>Lammaste toorjuust - Flor Esgueva - 1 kg<\/strong><\/h3>\n<p><strong>Lammaste toorjuust - Flor Esgueva<\/strong> on Hispaania k\u00e4sit\u00f6\u00f6juustude etalon. Valitud lammaste toorpiimast valmistatud juust paistab silma kindla tekstuuri, intensiivse aroomi ja maitsega, milles on kombineeritud piimased noodid ja t\u00e4iuslik k\u00fcpsus. <\/p>\n<h4><strong>Miks valida Flor Esgueva<\/strong><\/h4>\n<ul>\n<li><strong>Toores lambapiim<\/strong>: autentne maitse ja puutumata looduslikud omadused.<\/li>\n<li><strong>Traditsiooniline laagerdumine<\/strong>: t\u00e4iustatud keldrites ainulaadse maitseprofiili saavutamiseks.<\/li>\n<li><strong>Ideaalne suurus<\/strong>: sobib ideaalselt jagamiseks v\u00f5i nautimiseks erinevates retseptides.<\/li>\n<\/ul>\n","protected":false},"excerpt":{"rendered":"<p>Lammaste toorjuust - Flor Esgueva - 1 kg Lammaste toorjuust - Flor Esgueva on Hispaania k\u00e4sit\u00f6\u00f6juustude etalon. Valitud lammaste toorpiimast valmistatud juust paistab silma kindla tekstuuri, intensiivse aroomi ja maitsega, milles on kombineeritud piimased noodid ja t\u00e4iuslik k\u00fcpsus. Miks valida Flor Esgueva Toores lambapiim: autentne maitse ja puutumata looduslikud omadused. Traditsiooniline laagerdumine: t\u00e4iustatud keldrites ainulaadse [&hellip;]<\/p>\n","protected":false},"featured_media":20018,"template":"","meta":{"_et_pb_use_builder":"","_et_pb_old_content":"","_et_gb_content_width":""},"product_brand":[],"product_cat":[2261],"product_tag":[],"class_list":{"0":"post-20013","1":"product","2":"type-product","3":"status-publish","4":"has-post-thumbnail","6":"product_cat-juust-ja-vorst","8":"first","9":"outofstock","10":"taxable","11":"shipping-taxable","12":"product-type-variable"},"_links":{"self":[{"href":"https:\/\/myspainfood.com\/et\/wp-json\/wp\/v2\/product\/20013","targetHints":{"allow":["GET"]}}],"collection":[{"href":"https:\/\/myspainfood.com\/et\/wp-json\/wp\/v2\/product"}],"about":[{"href":"https:\/\/myspainfood.com\/et\/wp-json\/wp\/v2\/types\/product"}],"wp:featuredmedia":[{"embeddable":true,"href":"https:\/\/myspainfood.com\/et\/wp-json\/wp\/v2\/media\/20018"}],"wp:attachment":[{"href":"https:\/\/myspainfood.com\/et\/wp-json\/wp\/v2\/media?parent=20013"}],"wp:term":[{"taxonomy":"product_brand","embeddable":true,"href":"https:\/\/myspainfood.com\/et\/wp-json\/wp\/v2\/product_brand?post=20013"},{"taxonomy":"product_cat","embeddable":true,"href":"https:\/\/myspainfood.com\/et\/wp-json\/wp\/v2\/product_cat?post=20013"},{"taxonomy":"product_tag","embeddable":true,"href":"https:\/\/myspainfood.com\/et\/wp-json\/wp\/v2\/product_tag?post=20013"}],"curies":[{"name":"wp","href":"https:\/\/api.w.org\/{rel}","templated":true}]}}