{"id":20302,"date":"2025-04-10T12:10:56","date_gmt":"2025-04-10T10:10:56","guid":{"rendered":"https:\/\/myspainfood.com\/producto\/oliiv-sabrosita-aguedo-2-kg-netokaaluga\/"},"modified":"2025-04-10T12:10:56","modified_gmt":"2025-04-10T10:10:56","slug":"oliiv-sabrosita-aguedo-2-kg-netokaaluga","status":"publish","type":"product","link":"https:\/\/myspainfood.com\/et\/producto\/oliiv-sabrosita-aguedo-2-kg-netokaaluga\/","title":{"rendered":"Oliiv Sabrosita Aguedo 2 kg netokaaluga"},"content":{"rendered":"<p>ACEITUNAS AGUEDO garanteerib oma toodete kvaliteedi, \u00fchendades traditsioonid ja uued tehnoloogiad. Pakume professionaalsust, mis tuleneb sellest, et oleme pidevalt kasvav pereettev\u00f5te, mille ainsaks eesm\u00e4rgiks on klientide rahulolu. <\/p>\n<p>Me j\u00e4lgime k\u00f5iki tootmisprotsesse algusest l\u00f5puni, see on ainus viis saavutada MAXIMAALNE toode.<\/p>\n","protected":false},"excerpt":{"rendered":"<p>ACEITUNAS AGUEDO garanteerib oma toodete kvaliteedi, \u00fchendades traditsioonid ja uued tehnoloogiad. Pakume professionaalsust, mis tuleneb sellest, et oleme pidevalt kasvav pereettev\u00f5te, mille ainsaks eesm\u00e4rgiks on klientide rahulolu. Me j\u00e4lgime k\u00f5iki tootmisprotsesse algusest l\u00f5puni, see on ainus viis saavutada MAXIMAALNE toode.<\/p>\n","protected":false},"featured_media":20304,"template":"","meta":{"_et_pb_use_builder":"","_et_pb_old_content":"","_et_gb_content_width":""},"product_brand":[1397],"product_cat":[1790,1793],"product_tag":[2042],"class_list":{"0":"post-20302","1":"product","2":"type-product","3":"status-publish","4":"has-post-thumbnail","6":"product_brand-aguedo","7":"product_cat-kurgid","8":"product_cat-oliivid","9":"product_tag-kummel","11":"first","12":"outofstock","13":"taxable","14":"shipping-taxable","15":"purchasable","16":"product-type-simple"},"_links":{"self":[{"href":"https:\/\/myspainfood.com\/et\/wp-json\/wp\/v2\/product\/20302","targetHints":{"allow":["GET"]}}],"collection":[{"href":"https:\/\/myspainfood.com\/et\/wp-json\/wp\/v2\/product"}],"about":[{"href":"https:\/\/myspainfood.com\/et\/wp-json\/wp\/v2\/types\/product"}],"wp:featuredmedia":[{"embeddable":true,"href":"https:\/\/myspainfood.com\/et\/wp-json\/wp\/v2\/media\/20304"}],"wp:attachment":[{"href":"https:\/\/myspainfood.com\/et\/wp-json\/wp\/v2\/media?parent=20302"}],"wp:term":[{"taxonomy":"product_brand","embeddable":true,"href":"https:\/\/myspainfood.com\/et\/wp-json\/wp\/v2\/product_brand?post=20302"},{"taxonomy":"product_cat","embeddable":true,"href":"https:\/\/myspainfood.com\/et\/wp-json\/wp\/v2\/product_cat?post=20302"},{"taxonomy":"product_tag","embeddable":true,"href":"https:\/\/myspainfood.com\/et\/wp-json\/wp\/v2\/product_tag?post=20302"}],"curies":[{"name":"wp","href":"https:\/\/api.w.org\/{rel}","templated":true}]}}