{"id":21317,"date":"2025-04-10T12:10:23","date_gmt":"2025-04-10T10:10:23","guid":{"rendered":"https:\/\/myspainfood.com\/producto\/piquillo-paprika-salat-15-kg\/"},"modified":"2025-04-10T12:10:23","modified_gmt":"2025-04-10T10:10:23","slug":"piquillo-paprika-salat-15-kg","status":"publish","type":"product","link":"https:\/\/myspainfood.com\/et\/producto\/piquillo-paprika-salat-15-kg\/","title":{"rendered":"Piquillo paprika salat 1,5 kg"},"content":{"rendered":"<p><a href=\"https:\/\/www.alsurvegetales.com\/producto\/id\/35\/pimiento-del-piquillo\" target=\"_blank\" rel=\"noopener noreferrer nofollow\">Alsuri<\/a> piquillo pipra salat on valmistatud magusast paprikakonservist.<\/p>\n<p>Pipar on tuntud oma k\u00f5rge kvaliteedi ja v\u00e4ga erilise maitse poolest, millel on tunda v\u00fcrtsikust.<\/p>\n<p>Neid iseloomustab ka nende intensiivne punane v\u00e4rvus, ainulaadne tekstuur, suurus ja eriline piklik kolmnurkne kuju.<\/p>\n<p>Koostisained: Piquillo paprika, sibul, vesi, suhkur, sool, \u00e4\u00e4dikas ja sidrunhape.<\/p>\n<p>Poti netokaal on 410 grammi.<\/p>\n<p>Hoida jahedas ja kuivas kohas. P\u00e4rast avamist asetage see mittemetalsesse anumasse, hoidke k\u00fclmikus ja tarbige 7 p\u00e4eva jooksul. <\/p>\n<p>Alsur on pereettev\u00f5te, kus toidu olemus on peategelane.<\/p>\n<h4>Konservide peamised eelised<\/h4>\n<ol>\n<li>Nad s\u00e4ilitavad k\u00f5ik toidu enda toitumisomadused. Toit s\u00e4ilitab oma v\u00e4rskuse. <\/li>\n<li>Kasutatavad toiduained on tervislikud ja sobivad seet\u00f5ttu optimaalseks toitumiseks t\u00e4nu nende k\u00f5rgele vitamiini- ja valgusisaldusele.<\/li>\n<li>Nende toodete eluiga on pikem (tavaliselt 2-5 aastat).<\/li>\n<li>Konserve on v\u00e4ga lihtne s\u00e4ilitada, sest nende pakend on kergesti kasutatav.<\/li>\n<\/ol>\n<p>Kui soovite osta tuunikalaga paprikasalatit v\u00f5i muud t\u00fc\u00fcpi <a href=\"https:\/\/latiendadesami.com\/categoria-producto\/conservas\/\" rel=\"noopener noreferrer nofollow\" target=\"_blank\">konserve<\/a>, siis vaadake julgelt meie veebikataloogi, et n\u00e4ha meie <a href=\"https:\/\/latiendadesami.com\/categoria-producto\/conservas\/atun-y-bonito\/\" target=\"_blank\" rel=\"noopener noreferrer nofollow\">tuunikalade<\/a> suurt valikut.<\/p>\n<p>Lisateabe saamiseks kirjutage meile.<\/p>\n","protected":false},"excerpt":{"rendered":"<p>Alsuri piquillo pipra salat on valmistatud magusast paprikakonservist. Pipar on tuntud oma k\u00f5rge kvaliteedi ja v\u00e4ga erilise maitse poolest, millel on tunda v\u00fcrtsikust. Neid iseloomustab ka nende intensiivne punane v\u00e4rvus, ainulaadne tekstuur, suurus ja eriline piklik kolmnurkne kuju. Koostisained: Piquillo paprika, sibul, vesi, suhkur, sool, \u00e4\u00e4dikas ja sidrunhape. Poti netokaal on 410 grammi. Hoida jahedas [&hellip;]<\/p>\n","protected":false},"featured_media":21319,"template":"","meta":{"_et_pb_use_builder":"","_et_pb_old_content":"","_et_gb_content_width":""},"product_brand":[1196],"product_cat":[3722,2341,1938],"product_tag":[],"class_list":{"0":"post-21317","1":"product","2":"type-product","3":"status-publish","4":"has-post-thumbnail","6":"product_brand-alsur","7":"product_cat-koogiviljad","8":"product_cat-paprika-et","9":"product_cat-sailitab","11":"first","12":"outofstock","13":"taxable","14":"shipping-taxable","15":"purchasable","16":"product-type-simple"},"_links":{"self":[{"href":"https:\/\/myspainfood.com\/et\/wp-json\/wp\/v2\/product\/21317","targetHints":{"allow":["GET"]}}],"collection":[{"href":"https:\/\/myspainfood.com\/et\/wp-json\/wp\/v2\/product"}],"about":[{"href":"https:\/\/myspainfood.com\/et\/wp-json\/wp\/v2\/types\/product"}],"wp:featuredmedia":[{"embeddable":true,"href":"https:\/\/myspainfood.com\/et\/wp-json\/wp\/v2\/media\/21319"}],"wp:attachment":[{"href":"https:\/\/myspainfood.com\/et\/wp-json\/wp\/v2\/media?parent=21317"}],"wp:term":[{"taxonomy":"product_brand","embeddable":true,"href":"https:\/\/myspainfood.com\/et\/wp-json\/wp\/v2\/product_brand?post=21317"},{"taxonomy":"product_cat","embeddable":true,"href":"https:\/\/myspainfood.com\/et\/wp-json\/wp\/v2\/product_cat?post=21317"},{"taxonomy":"product_tag","embeddable":true,"href":"https:\/\/myspainfood.com\/et\/wp-json\/wp\/v2\/product_tag?post=21317"}],"curies":[{"name":"wp","href":"https:\/\/api.w.org\/{rel}","templated":true}]}}