{"id":21494,"date":"2025-04-10T12:10:29","date_gmt":"2025-04-10T10:10:29","guid":{"rendered":"https:\/\/myspainfood.com\/producto\/tuunikala-kohutukid-areoso-120gr-250-uhikut\/"},"modified":"2025-04-10T12:10:29","modified_gmt":"2025-04-10T10:10:29","slug":"tuunikala-kohutukid-areoso-120gr-250-uhikut","status":"publish","type":"product","link":"https:\/\/myspainfood.com\/et\/producto\/tuunikala-kohutukid-areoso-120gr-250-uhikut\/","title":{"rendered":"Tuunikala k\u00f5hut\u00fckid Areoso 120gr 250 \u00fchikut"},"content":{"rendered":"<p>Spetsifikatsioon: Kuldkala tuunikala k\u00f5ht (Thunnus albacares) p\u00e4evalille\u00f5lis.<\/p>\n<p>Koostisained: 65,2%, p\u00e4evalille\u00f5li 34,8%, sool, sool.<\/p>\n<p>Tootmisprotsess: Kuldtuun on \u00fcks k\u00f5ige hinnatumatest oma suurep\u00e4rase maitse ja sileda tekstuuri poolest. Tuunit\u00fckid j\u00f5uavad tehasesse, kus neid t\u00f6\u00f6deldakse t\u00e4iesti traditsioonilisel viisil. P\u00e4rast keetmist puhastatakse need ja eraldatakse k\u00e4sitsi \u00f5hukesteks, \u00fchtlase suurusega viiludeks. Need pakendatakse konservidesse ja neile lisatakse kattevahendina oliivi\u00f5li, mis kahtlemata suurendab selle v\u00e4ga hinnatud toote t\u00e4ielikku maitset. Seej\u00e4rel pitseeritakse ja steriliseeritakse purgid, mis on rangelt kontrollitud protsess, mis tagab toote kvaliteedi ja s\u00e4ilivuse aastateks ilma kunstlike s\u00e4ilitusainete lisamiseta.    <\/p>\n<p>Lisateabe saamiseks kirjutage meile.<\/p>\n","protected":false},"excerpt":{"rendered":"<p>Spetsifikatsioon: Kuldkala tuunikala k\u00f5ht (Thunnus albacares) p\u00e4evalille\u00f5lis. Koostisained: 65,2%, p\u00e4evalille\u00f5li 34,8%, sool, sool. Tootmisprotsess: Kuldtuun on \u00fcks k\u00f5ige hinnatumatest oma suurep\u00e4rase maitse ja sileda tekstuuri poolest. Tuunit\u00fckid j\u00f5uavad tehasesse, kus neid t\u00f6\u00f6deldakse t\u00e4iesti traditsioonilisel viisil. P\u00e4rast keetmist puhastatakse need ja eraldatakse k\u00e4sitsi \u00f5hukesteks, \u00fchtlase suurusega viiludeks. Need pakendatakse konservidesse ja neile lisatakse kattevahendina oliivi\u00f5li, mis [&hellip;]<\/p>\n","protected":false},"featured_media":21498,"template":"","meta":{"_et_pb_use_builder":"","_et_pb_old_content":"","_et_gb_content_width":""},"product_brand":[1358],"product_cat":[3016,3273],"product_tag":[],"class_list":{"0":"post-21494","1":"product","2":"type-product","3":"status-publish","4":"has-post-thumbnail","6":"product_brand-areoso","7":"product_cat-hulgimuuk","8":"product_cat-sailitab-et-2","10":"first","11":"outofstock","12":"taxable","13":"shipping-taxable","14":"product-type-variable"},"_links":{"self":[{"href":"https:\/\/myspainfood.com\/et\/wp-json\/wp\/v2\/product\/21494","targetHints":{"allow":["GET"]}}],"collection":[{"href":"https:\/\/myspainfood.com\/et\/wp-json\/wp\/v2\/product"}],"about":[{"href":"https:\/\/myspainfood.com\/et\/wp-json\/wp\/v2\/types\/product"}],"wp:featuredmedia":[{"embeddable":true,"href":"https:\/\/myspainfood.com\/et\/wp-json\/wp\/v2\/media\/21498"}],"wp:attachment":[{"href":"https:\/\/myspainfood.com\/et\/wp-json\/wp\/v2\/media?parent=21494"}],"wp:term":[{"taxonomy":"product_brand","embeddable":true,"href":"https:\/\/myspainfood.com\/et\/wp-json\/wp\/v2\/product_brand?post=21494"},{"taxonomy":"product_cat","embeddable":true,"href":"https:\/\/myspainfood.com\/et\/wp-json\/wp\/v2\/product_cat?post=21494"},{"taxonomy":"product_tag","embeddable":true,"href":"https:\/\/myspainfood.com\/et\/wp-json\/wp\/v2\/product_tag?post=21494"}],"curies":[{"name":"wp","href":"https:\/\/api.w.org\/{rel}","templated":true}]}}