{"id":21573,"date":"2025-04-10T12:10:34","date_gmt":"2025-04-10T10:10:34","guid":{"rendered":"https:\/\/myspainfood.com\/producto\/ibeeria-chorizo-extra-fili-500-grammi-salamanca\/"},"modified":"2026-01-29T11:17:00","modified_gmt":"2026-01-29T10:17:00","slug":"ibeeria-chorizo-extra-fili-500-grammi-salamanca","status":"publish","type":"product","link":"https:\/\/myspainfood.com\/et\/producto\/ibeeria-chorizo-extra-fili-500-grammi-salamanca\/","title":{"rendered":"Ibeeria Chorizo Extra Fili 500 grammi Salamanca"},"content":{"rendered":"<p>K\u00f5rgeima kvaliteediga traditsiooniline toode, mis on valmistatud valikuga parimast ibeerlaste tailihast, paprikast, k\u00fc\u00fcslaugust&#8230;<\/p>\n<p>Esitusviis: naturaalne seasool, vaakumpakendis tervete v\u00f5i poolitatud t\u00fckkidena.<\/p>\n","protected":false},"excerpt":{"rendered":"<p>K\u00f5rgeima kvaliteediga traditsiooniline toode, mis on valmistatud valikuga parimast ibeerlaste tailihast, paprikast, k\u00fc\u00fcslaugust&#8230; Esitusviis: naturaalne seasool, vaakumpakendis tervete v\u00f5i poolitatud t\u00fckkidena.<\/p>\n","protected":false},"featured_media":21579,"template":"","meta":{"_et_pb_use_builder":"","_et_pb_old_content":"","_et_gb_content_width":""},"product_brand":[1388],"product_cat":[1880,2261,2262],"product_tag":[],"class_list":{"0":"post-21573","1":"product","2":"type-product","3":"status-publish","4":"has-post-thumbnail","6":"product_brand-fili","7":"product_cat-cold-et","8":"product_cat-juust-ja-vorst","9":"product_cat-vorsti","10":"product_shipping_class-kulmaveo-vedu","12":"first","13":"instock","14":"featured","15":"taxable","16":"shipping-taxable","17":"purchasable","18":"product-type-variable"},"_links":{"self":[{"href":"https:\/\/myspainfood.com\/et\/wp-json\/wp\/v2\/product\/21573","targetHints":{"allow":["GET"]}}],"collection":[{"href":"https:\/\/myspainfood.com\/et\/wp-json\/wp\/v2\/product"}],"about":[{"href":"https:\/\/myspainfood.com\/et\/wp-json\/wp\/v2\/types\/product"}],"wp:featuredmedia":[{"embeddable":true,"href":"https:\/\/myspainfood.com\/et\/wp-json\/wp\/v2\/media\/21579"}],"wp:attachment":[{"href":"https:\/\/myspainfood.com\/et\/wp-json\/wp\/v2\/media?parent=21573"}],"wp:term":[{"taxonomy":"product_brand","embeddable":true,"href":"https:\/\/myspainfood.com\/et\/wp-json\/wp\/v2\/product_brand?post=21573"},{"taxonomy":"product_cat","embeddable":true,"href":"https:\/\/myspainfood.com\/et\/wp-json\/wp\/v2\/product_cat?post=21573"},{"taxonomy":"product_tag","embeddable":true,"href":"https:\/\/myspainfood.com\/et\/wp-json\/wp\/v2\/product_tag?post=21573"}],"curies":[{"name":"wp","href":"https:\/\/api.w.org\/{rel}","templated":true}]}}