{"id":21680,"date":"2025-04-10T12:10:34","date_gmt":"2025-04-10T10:10:34","guid":{"rendered":"https:\/\/myspainfood.com\/producto\/purenee-salchichon-extra-fili-500-grammi-salamanca\/"},"modified":"2026-04-05T18:21:29","modified_gmt":"2026-04-05T16:21:29","slug":"purenee-salchichon-extra-fili-500-grammi-salamanca","status":"publish","type":"product","link":"https:\/\/myspainfood.com\/et\/producto\/purenee-salchichon-extra-fili-500-grammi-salamanca\/","title":{"rendered":"P\u00fcrenee Salchich\u00f3n extra Fili 500 grammi Salamanca"},"content":{"rendered":"<p>K\u00f5rgeima kvaliteediga traditsiooniline toode, mis on valmistatud Ibeeria parimast tailihast, mis on valmistatud naturaalsete v\u00fcrtsidega.<\/p>\n","protected":false},"excerpt":{"rendered":"<p>K\u00f5rgeima kvaliteediga traditsiooniline toode, mis on valmistatud Ibeeria parimast tailihast, mis on valmistatud naturaalsete v\u00fcrtsidega.<\/p>\n","protected":false},"featured_media":21683,"template":"","meta":{"_et_pb_use_builder":"","_et_pb_old_content":"","_et_gb_content_width":""},"product_brand":[1388],"product_cat":[1880,2261,2262],"product_tag":[],"class_list":{"0":"post-21680","1":"product","2":"type-product","3":"status-publish","4":"has-post-thumbnail","6":"product_brand-fili","7":"product_cat-cold-et","8":"product_cat-juust-ja-vorst","9":"product_cat-vorsti","10":"product_shipping_class-kulmaveo-vedu","12":"first","13":"instock","14":"taxable","15":"shipping-taxable","16":"purchasable","17":"product-type-variable"},"_links":{"self":[{"href":"https:\/\/myspainfood.com\/et\/wp-json\/wp\/v2\/product\/21680","targetHints":{"allow":["GET"]}}],"collection":[{"href":"https:\/\/myspainfood.com\/et\/wp-json\/wp\/v2\/product"}],"about":[{"href":"https:\/\/myspainfood.com\/et\/wp-json\/wp\/v2\/types\/product"}],"wp:featuredmedia":[{"embeddable":true,"href":"https:\/\/myspainfood.com\/et\/wp-json\/wp\/v2\/media\/21683"}],"wp:attachment":[{"href":"https:\/\/myspainfood.com\/et\/wp-json\/wp\/v2\/media?parent=21680"}],"wp:term":[{"taxonomy":"product_brand","embeddable":true,"href":"https:\/\/myspainfood.com\/et\/wp-json\/wp\/v2\/product_brand?post=21680"},{"taxonomy":"product_cat","embeddable":true,"href":"https:\/\/myspainfood.com\/et\/wp-json\/wp\/v2\/product_cat?post=21680"},{"taxonomy":"product_tag","embeddable":true,"href":"https:\/\/myspainfood.com\/et\/wp-json\/wp\/v2\/product_tag?post=21680"}],"curies":[{"name":"wp","href":"https:\/\/api.w.org\/{rel}","templated":true}]}}