{"id":21800,"date":"2025-04-10T12:10:34","date_gmt":"2025-04-10T10:10:34","guid":{"rendered":"https:\/\/myspainfood.com\/producto\/sardinilla-25-35-areoso-oliiviolis-120gr\/"},"modified":"2025-04-10T12:10:34","modified_gmt":"2025-04-10T10:10:34","slug":"sardinilla-25-35-areoso-oliiviolis-120gr","status":"publish","type":"product","link":"https:\/\/myspainfood.com\/et\/producto\/sardinilla-25-35-areoso-oliiviolis-120gr\/","title":{"rendered":"Sardinilla 25\/35 Areoso oliivi\u00f5lis 120gr"},"content":{"rendered":"<p>Toode: Sardiinid oliivi\u00f5lis 25\/35 t\u00fckki<\/p>\n<p>Spetsifikatsioonid: V\u00e4ike sardiin (Sardina pilchardus) Galicia Rias&#8217;ist, \u00fchtlase suurusega oliivi\u00f5lis. Igas purgis k\u00e4sitsi valitud. <\/p>\n<p>Koostisained: Sardiin 73%, oliivi\u00f5li 27% ja sool.<\/p>\n<p>Tootmisprotsess: Vaatamata sellele, et sardiin on kala, on see n\u00f5udlik toode ja selle tootmisprotsess on \u00fcsna t\u00f6\u00f6mahukas. Tehasesse saabudes v\u00f5etakse sardiinid ettevaatlikult peast ja roogitakse, et v\u00e4ltida nende purunemist ja v\u00e4ljan\u00e4gemise riknemist. Seej\u00e4rel pannakse sardiinid restidele, l\u00e4bitakse ja kastetakse soolvees (vesi ja sool), et anda neile maitse ja k\u00f5vadus. Seej\u00e4rel praetakse neid traditsiooniliselt ja pakendatakse k\u00e4sitsi igasse konservikarpi. P\u00e4rast oliivi\u00f5li lisamist pitseeritakse ja steriliseeritakse purgid, mis on rangelt kontrollitud protsess, mis tagab toote s\u00e4ilimise ja kvaliteedi aastaid ilma s\u00e4ilitusainete v\u00f5i kunstlike lisaainete lisamiseta. P\u00e4rast seda on konservid valmis ladustamiseks ja edasiseks t\u00f6\u00f6tlemiseks.     <\/p>\n","protected":false},"excerpt":{"rendered":"<p>Toode: Sardiinid oliivi\u00f5lis 25\/35 t\u00fckki Spetsifikatsioonid: V\u00e4ike sardiin (Sardina pilchardus) Galicia Rias&#8217;ist, \u00fchtlase suurusega oliivi\u00f5lis. Igas purgis k\u00e4sitsi valitud. Koostisained: Sardiin 73%, oliivi\u00f5li 27% ja sool. Tootmisprotsess: Vaatamata sellele, et sardiin on kala, on see n\u00f5udlik toode ja selle tootmisprotsess on \u00fcsna t\u00f6\u00f6mahukas. Tehasesse saabudes v\u00f5etakse sardiinid ettevaatlikult peast ja roogitakse, et v\u00e4ltida nende purunemist [&hellip;]<\/p>\n","protected":false},"featured_media":21810,"template":"","meta":{"_et_pb_use_builder":"","_et_pb_old_content":"","_et_gb_content_width":""},"product_brand":[1358],"product_cat":[1938,3786],"product_tag":[],"class_list":{"0":"post-21800","1":"product","2":"type-product","3":"status-publish","4":"has-post-thumbnail","6":"product_brand-areoso","7":"product_cat-sailitab","8":"product_cat-sardinillas-et","10":"first","11":"outofstock","12":"taxable","13":"shipping-taxable","14":"product-type-variable"},"_links":{"self":[{"href":"https:\/\/myspainfood.com\/et\/wp-json\/wp\/v2\/product\/21800","targetHints":{"allow":["GET"]}}],"collection":[{"href":"https:\/\/myspainfood.com\/et\/wp-json\/wp\/v2\/product"}],"about":[{"href":"https:\/\/myspainfood.com\/et\/wp-json\/wp\/v2\/types\/product"}],"wp:featuredmedia":[{"embeddable":true,"href":"https:\/\/myspainfood.com\/et\/wp-json\/wp\/v2\/media\/21810"}],"wp:attachment":[{"href":"https:\/\/myspainfood.com\/et\/wp-json\/wp\/v2\/media?parent=21800"}],"wp:term":[{"taxonomy":"product_brand","embeddable":true,"href":"https:\/\/myspainfood.com\/et\/wp-json\/wp\/v2\/product_brand?post=21800"},{"taxonomy":"product_cat","embeddable":true,"href":"https:\/\/myspainfood.com\/et\/wp-json\/wp\/v2\/product_cat?post=21800"},{"taxonomy":"product_tag","embeddable":true,"href":"https:\/\/myspainfood.com\/et\/wp-json\/wp\/v2\/product_tag?post=21800"}],"curies":[{"name":"wp","href":"https:\/\/api.w.org\/{rel}","templated":true}]}}