{"id":22303,"date":"2025-04-10T12:05:32","date_gmt":"2025-04-10T10:05:32","guid":{"rendered":"https:\/\/myspainfood.com\/producto\/baski-tsilli\/"},"modified":"2025-04-10T12:05:32","modified_gmt":"2025-04-10T10:05:32","slug":"baski-tsilli","status":"publish","type":"product","link":"https:\/\/myspainfood.com\/et\/producto\/baski-tsilli\/","title":{"rendered":"Baski t\u0161illi"},"content":{"rendered":"<p>Baski Guindilla paprika \u00e4\u00e4dikas annab meie <a href=\"https:\/\/es.wikipedia.org\/wiki\/Guindilla_de_Ibarra\" target=\"_blank\" rel=\"noopener noreferrer nofollow\">roogadele<\/a> selle v\u00fcrtsika puudutuse, mis muudab need eriliseks.<\/p>\n<p>See toode paneb suulae vibreerima, seda hinnatakse v\u00e4ga k\u00f5rgelt hautiste v\u00f5i maitserikaste kastmete k\u00f5rval.<\/p>\n<p>Baskide k\u00f6\u00f6gi paljude traditsiooniliste koostisosade hulgas on piparra t\u0161illipipar.<\/p>\n<p>V\u00e4ga eriline t\u0161illi, sest see ei kipita peaaegu \u00fcldse.<\/p>\n<p>See sobib v\u00e4ga h\u00e4sti igasugustesse men\u00fc\u00fcdesse ja v\u00f5etakse v\u00e4ga h\u00e4sti vastu ka neil, kes seda maitset eriti ei armasta.<\/p>\n<p>Selles purgis olevad baski t\u0161illipiprad on keskmiselt 7-12 cm suurused ja neid valmistatakse \u00e4\u00e4dikaga.<\/p>\n<p>Ehtne puudutus, millega tavaliselt serveeritakse pipraid ja mis paneb teie keha iga suut\u00e4iega intensiivse maitsega v\u00e4risema.<\/p>\n<p>M\u00f5ningad guajaanilinnu omadused:<\/p>\n<ul>\n<li>Langetab kolesterooli.<\/li>\n<li>Stimuleerib vere- ja hingamisteede vereringet.<\/li>\n<li>Arvatakse, et see v\u00f5ib aidata v\u00e4hendada \u00fclekaalu, kiirendades ainevahetust.<\/li>\n<li>M\u00f5nede uuringute kohaselt kaitseb see mao, kuna paneb seda rohkem lima tootma.<\/li>\n<\/ul>\n<p>Kui soovite osta oliive v\u00f5i mis tahes muud t\u00fc\u00fcpi <a href=\"https:\/\/latiendadesami.com\/categoria-producto\/encurtidos\/\" rel=\"noopener noreferrer nofollow\" target=\"_blank\">hapukurki<\/a>, siis vaadake julgelt meie veebikataloogi, et n\u00e4ha, kui suur on meie <a href=\"https:\/\/latiendadesami.com\/categoria-producto\/encurtidos\/pepinillos\/\" target=\"_blank\" rel=\"noopener noreferrer nofollow\">hapukurkide<\/a> valik.<\/p>\n","protected":false},"excerpt":{"rendered":"<p>&nbsp;<\/p>\n<p>&nbsp;<\/p>\n","protected":false},"featured_media":22309,"template":"","meta":{"_et_pb_use_builder":"","_et_pb_old_content":"","_et_gb_content_width":""},"product_brand":[1057],"product_cat":[1790,4027],"product_tag":[4028],"class_list":{"0":"post-22303","1":"product","2":"type-product","3":"status-publish","4":"has-post-thumbnail","6":"product_brand-la-encajera","7":"product_cat-kurgid","8":"product_cat-tsilli-paprika","9":"product_tag-baskimaa","11":"first","12":"outofstock","13":"taxable","14":"shipping-taxable","15":"product-type-variable"},"_links":{"self":[{"href":"https:\/\/myspainfood.com\/et\/wp-json\/wp\/v2\/product\/22303","targetHints":{"allow":["GET"]}}],"collection":[{"href":"https:\/\/myspainfood.com\/et\/wp-json\/wp\/v2\/product"}],"about":[{"href":"https:\/\/myspainfood.com\/et\/wp-json\/wp\/v2\/types\/product"}],"wp:featuredmedia":[{"embeddable":true,"href":"https:\/\/myspainfood.com\/et\/wp-json\/wp\/v2\/media\/22309"}],"wp:attachment":[{"href":"https:\/\/myspainfood.com\/et\/wp-json\/wp\/v2\/media?parent=22303"}],"wp:term":[{"taxonomy":"product_brand","embeddable":true,"href":"https:\/\/myspainfood.com\/et\/wp-json\/wp\/v2\/product_brand?post=22303"},{"taxonomy":"product_cat","embeddable":true,"href":"https:\/\/myspainfood.com\/et\/wp-json\/wp\/v2\/product_cat?post=22303"},{"taxonomy":"product_tag","embeddable":true,"href":"https:\/\/myspainfood.com\/et\/wp-json\/wp\/v2\/product_tag?post=22303"}],"curies":[{"name":"wp","href":"https:\/\/api.w.org\/{rel}","templated":true}]}}