{"id":22680,"date":"2025-04-10T12:05:09","date_gmt":"2025-04-10T10:05:09","guid":{"rendered":"https:\/\/myspainfood.com\/producto\/kimbos-gordal-gordal-oliivid-ja-kornison-900-gr-chicon\/"},"modified":"2026-03-12T18:30:46","modified_gmt":"2026-03-12T17:30:46","slug":"kimbos-gordal-gordal-oliivid-ja-kornison-900-gr-chicon","status":"publish","type":"product","link":"https:\/\/myspainfood.com\/et\/producto\/kimbos-gordal-gordal-oliivid-ja-kornison-900-gr-chicon\/","title":{"rendered":"Kimbos Gordal - gordal oliivid ja korni\u0161on 900 gr Chicon"},"content":{"rendered":"<h3>Miks kasutada Kimbos Gordal oliive, mis on t\u00e4idetud kurkidega?<\/h3>\n<p>Kimbos Gordal on \u00fche k\u00f5ige populaarsema t\u00e4idisega oliivide variant nii Hispaanias kui ka v\u00e4lismaal.<\/p>\n<p>\u00dcks selle erip\u00e4ra on selle suurus, kuna see on tavaliselt suurem kui teised sordid.<\/p>\n<p>Seet\u00f5ttu on see ideaalne oliiv, mida serveerida lauas erinevate toiduainetega, n\u00e4iteks an\u0161oovise, korni\u0161\u0161ide v\u00f5i paprikaga t\u00e4idetuna.<\/p>\n<p>Nimetus &#8220;Aceituna Gordal&#8221; on talle antud tema suuruse t\u00f5ttu.<\/p>\n<p>V\u00f5ib \u00f6elda, et see on \u00fcsna atraktiivne ja pilkup\u00fc\u00fcdev.<\/p>\n<p>Kuigi selle p\u00e4ritolu on <a href=\"https:\/\/aceitunaschiconlebron.com\/catalogo\/aceituna-gordal-rellena-de-pepinillo\/\" target=\"_blank\" rel=\"noopener noreferrer nofollow\">Andaluusiast<\/a>, on kurkidega t\u00e4idetud Gordali oliivide tarbimine levinud Ameerika \u00dchendriikidesse, kus see on v\u00e4ljaspool Hispaaniat k\u00f5ige rohkem levinud.<\/p>\n<p>Kui soovite osta oliive v\u00f5i mis tahes muud liiki <a href=\"https:\/\/latiendadesami.com\/categoria-producto\/encurtidos\/\" rel=\"noopener noreferrer nofollow\" target=\"_blank\">marineeritud toiduaineid<\/a>, siis vaadake julgelt meie veebikataloogi, et n\u00e4ha meie <a href=\"https:\/\/latiendadesami.com\/categoria-producto\/encurtidos\/aceitunas\/\" target=\"_blank\" rel=\"noopener noreferrer nofollow\">oliivide<\/a> suurt valikut.<\/p>\n","protected":false},"excerpt":{"rendered":"<p>Miks kasutada Kimbos Gordal oliive, mis on t\u00e4idetud kurkidega? Kimbos Gordal on \u00fche k\u00f5ige populaarsema t\u00e4idisega oliivide variant nii Hispaanias kui ka v\u00e4lismaal. \u00dcks selle erip\u00e4ra on selle suurus, kuna see on tavaliselt suurem kui teised sordid. Seet\u00f5ttu on see ideaalne oliiv, mida serveerida lauas erinevate toiduainetega, n\u00e4iteks an\u0161oovise, korni\u0161\u0161ide v\u00f5i paprikaga t\u00e4idetuna. Nimetus &#8220;Aceituna [&hellip;]<\/p>\n","protected":false},"featured_media":4839,"template":"","meta":{"_et_pb_use_builder":"","_et_pb_old_content":"","_et_gb_content_width":""},"product_brand":[1036],"product_cat":[1790,1793],"product_tag":[4105,1996],"class_list":{"0":"post-22680","1":"product","2":"type-product","3":"status-publish","4":"has-post-thumbnail","6":"product_brand-chicon","7":"product_cat-kurgid","8":"product_cat-oliivid","9":"product_tag-gordal-et","10":"product_tag-kimbo-et","12":"first","13":"outofstock","14":"taxable","15":"shipping-taxable","16":"product-type-variable"},"_links":{"self":[{"href":"https:\/\/myspainfood.com\/et\/wp-json\/wp\/v2\/product\/22680","targetHints":{"allow":["GET"]}}],"collection":[{"href":"https:\/\/myspainfood.com\/et\/wp-json\/wp\/v2\/product"}],"about":[{"href":"https:\/\/myspainfood.com\/et\/wp-json\/wp\/v2\/types\/product"}],"wp:featuredmedia":[{"embeddable":true,"href":"https:\/\/myspainfood.com\/et\/wp-json\/wp\/v2\/media\/4839"}],"wp:attachment":[{"href":"https:\/\/myspainfood.com\/et\/wp-json\/wp\/v2\/media?parent=22680"}],"wp:term":[{"taxonomy":"product_brand","embeddable":true,"href":"https:\/\/myspainfood.com\/et\/wp-json\/wp\/v2\/product_brand?post=22680"},{"taxonomy":"product_cat","embeddable":true,"href":"https:\/\/myspainfood.com\/et\/wp-json\/wp\/v2\/product_cat?post=22680"},{"taxonomy":"product_tag","embeddable":true,"href":"https:\/\/myspainfood.com\/et\/wp-json\/wp\/v2\/product_tag?post=22680"}],"curies":[{"name":"wp","href":"https:\/\/api.w.org\/{rel}","templated":true}]}}